{"id":86045,"date":"2020-02-22T17:07:48","date_gmt":"2020-02-22T16:07:48","guid":{"rendered":"https:\/\/www.seaflowerstore.com\/nl\/dd-jumpguard-pro-tank-cover-120x75cm\/"},"modified":"2024-03-19T15:02:40","modified_gmt":"2024-03-19T14:02:40","slug":"dd-jumpguard-pro-tank-cover-120x75cm","status":"publish","type":"product","link":"https:\/\/www.seaflowerstore.com\/de\/dd-jumpguard-pro-tank-cover-120x75cm\/","title":{"rendered":"DD Jumpguard pro Tank Cover 120x75cm"},"content":{"rendered":"<h2>DD Jumpguard pro Aquarium Cover 120x75cm to prevent fish jumping out the tank<\/h2>\n<p>Es gibt nichts Schlimmeres, als aufzuwachen und festzustellen, dass Ihr Lieblingsfisch leblos auf dem Teppich liegt. Viele Fische, insbesondere Lippfische, neigen dazu, aus dem Aquarium zu springen, wenn sie Angst haben oder von einem anderen Fisch gejagt werden. Daher sollte es f\u00fcr jeden Fischhalter oberste Priorit\u00e4t haben, eine L\u00f6sung zu finden, um den Verlust dieser wundersch\u00f6nen Kreaturen zu verhindern.<\/p>\n<p>Die D-D Jumpguard-Abdeckungen sind unglaublich leicht, elegant und mit Blick auf geringe optische Auswirkungen entworfen. Sie sind au\u00dferdem einfach zu montieren, sodass sie f\u00fcr verschiedene Aquarientypen geeignet sind. Diese Abdeckungen wurden speziell entwickelt, um den Verlust von Fischen durch Springen zu verhindern und gleichzeitig eine hohe Lichtdurchl\u00e4ssigkeit zu gew\u00e4hrleisten.<\/p>\n<p><strong>Hinweise:<\/strong> Der Rahmen mit der maximalen Gr\u00f6\u00dfe, der aus jedem Set erstellt werden kann, ist in jeder Richtung 3,6 cm l\u00e4nger als angegeben. Es ist wichtig, das Aquarium von der Innenseite des Glases zur Innenseite des Glases zu messen.<\/p>\n<p>Die Jumpguard Pro Aquarium-Abdeckung ist ein Bausatz, mit dem der Aquarianer einen <strong>individuellen Rahmen<\/strong> erstellen kann, der auf sein spezielles Aquarium zugeschnitten ist. Die starren Ecken und stranggepressten Aluminiumprofile bilden einen sehr stabilen Rahmen, der genau in das Aquariumglas passt und sauber auf der Oberkante ruht.<\/p>\n<h4><strong>Inhalt des DD Jumpguard Pro-Kits:<\/strong><\/h4>\n<ul>\n<li>140 cm x 90 cm 1-teiliges Vogelnetz, schwarzes Material<\/li>\n<li>3 x 75 cm + 2 x 120 cm lange Abschnitte in schwarzem Strangpressprofil<\/li>\n<li>1 x rotes Spline-Rollwerkzeug<\/li>\n<li>6 x schwarze Standardecken<\/li>\n<li>Schwarzes Spline, Gesamtl\u00e4nge 4,4 m<\/li>\n<li>2 x schwarze Fingerz\u00fcge<\/li>\n<li>2 x umgekehrte Ecken<\/li>\n<li>2 x 75 cm lange Streben<\/li>\n<li>6 x Strebenclips<\/li>\n<li>2 x T-Ecken<\/li>\n<\/ul>\n","protected":false},"excerpt":{"rendered":"<p>DD Jumpguard Pro Aquarium Cover 120x75cm to prevent fish jumping out the tank<\/p>\n","protected":false},"featured_media":82665,"template":"","meta":[],"pwb-brand":[2137],"product_cat":[1413],"product_tag":[],"class_list":{"0":"post-86045","1":"product","2":"type-product","3":"status-publish","4":"has-post-thumbnail","6":"pwb-brand-d-d-the-aquarium-solution","7":"product_cat-herausspringschutz","8":"pa_show-myparcel-options-male-de","10":"first","11":"outofstock","12":"taxable","13":"shipping-taxable","14":"purchasable","15":"product-type-simple"},"acf":[],"brands":[{"id":2137,"name":"D-D the aquarium solution","slug":"d-d-the-aquarium-solution"}],"_links":{"self":[{"href":"https:\/\/www.seaflowerstore.com\/de\/wp-json\/wp\/v2\/product\/86045","targetHints":{"allow":["GET"]}}],"collection":[{"href":"https:\/\/www.seaflowerstore.com\/de\/wp-json\/wp\/v2\/product"}],"about":[{"href":"https:\/\/www.seaflowerstore.com\/de\/wp-json\/wp\/v2\/types\/product"}],"wp:featuredmedia":[{"embeddable":true,"href":"https:\/\/www.seaflowerstore.com\/de\/wp-json\/wp\/v2\/media\/82665"}],"wp:attachment":[{"href":"https:\/\/www.seaflowerstore.com\/de\/wp-json\/wp\/v2\/media?parent=86045"}],"wp:term":[{"taxonomy":"pwb-brand","embeddable":true,"href":"https:\/\/www.seaflowerstore.com\/de\/wp-json\/wp\/v2\/pwb-brand?post=86045"},{"taxonomy":"product_cat","embeddable":true,"href":"https:\/\/www.seaflowerstore.com\/de\/wp-json\/wp\/v2\/product_cat?post=86045"},{"taxonomy":"product_tag","embeddable":true,"href":"https:\/\/www.seaflowerstore.com\/de\/wp-json\/wp\/v2\/product_tag?post=86045"}],"curies":[{"name":"wp","href":"https:\/\/api.w.org\/{rel}","templated":true}]}}