{"id":86046,"date":"2020-02-22T16:55:34","date_gmt":"2020-02-22T15:55:34","guid":{"rendered":"https:\/\/www.seaflowerstore.com\/nl\/dd-jumpguard-pro-tank-cover-75x75cm\/"},"modified":"2024-03-19T15:02:38","modified_gmt":"2024-03-19T14:02:38","slug":"dd-jumpguard-pro-tank-cover-75x75cm","status":"publish","type":"product","link":"https:\/\/www.seaflowerstore.com\/de\/dd-jumpguard-pro-tank-cover-75x75cm\/","title":{"rendered":"DD Jumpguard pro Tank Cover 75x75cm"},"content":{"rendered":"<h2>DD Jumpguard pro Aquarium Cover 75x75cm to prevent fish jumping out the tank<\/h2>\n<p>Es gibt nichts Schlimmeres, als morgens aufzuwachen und festzustellen, dass Ihr Lieblingsfisch tot und verkrustet auf dem Teppich liegt. Viele Fische, insbesondere Lippfische, neigen dazu, aus dem Aquarium zu springen, wenn sie Angst haben oder von einem anderen Fisch gejagt werden. Daher sollte die Suche nach einer L\u00f6sung zur Vermeidung solcher Verluste f\u00fcr jeden Fischhalter oberste Priorit\u00e4t haben.<\/p>\n<p>Die D-D Jumpguard-Abdeckungen sind eine leichte, elegante und optisch unauff\u00e4llige L\u00f6sung, die einfach zu montieren ist. Sie sind f\u00fcr die meisten Aquarientypen geeignet und wurden speziell daf\u00fcr entwickelt, das Herausspringen von Fischen zu verhindern und dennoch eine hohe Lichtdurchl\u00e4ssigkeit zu erm\u00f6glichen.<\/p>\n<p><strong>Hinweise:<\/strong><\/p>\n<ul>\n<li>Der Rahmen mit der maximalen Gr\u00f6\u00dfe, der aus jedem Bausatz gebaut werden kann, ist in jeder Richtung 3,6\u00a0cm l\u00e4nger als angegeben.<\/li>\n<li>Messen Sie das Becken von der Innenseite des Glases zur Innenseite des Glases.<\/li>\n<\/ul>\n<p>Die Jumpguard Pro Aquariumabdeckung wird als Bausatz geliefert, mit dem der Aquarianer einen <strong>individuellen Rahmen<\/strong> erstellen kann, der auf sein spezielles Aquarium zugeschnitten ist. Die starren Ecken und die extrudierten Aluminiumprofile bilden einen soliden Rahmen, der genau in das Aquarienglas passt und auf der Oberkante ruht.<\/p>\n<h4><strong>Inhalt des DD Jumpguard Pro Kit:<\/strong><\/h4>\n<ul>\n<li>90 cm x 90 cm 1-teiliges Vogelnetz, schwarzes Material<\/li>\n<li>5 x 75 cm lange Abschnitte in schwarzem Extrusionsprofil<\/li>\n<li>1 x rotes Spline-Rollwerkzeug<\/li>\n<li>6 x schwarze Standardecken<\/li>\n<li>Schwarzes Spline, Gesamtl\u00e4nge 3,5 m<\/li>\n<li>2 x schwarze Fingerz\u00fcge<\/li>\n<li>2 x umgekehrte Ecken<\/li>\n<li>1 x 75 cm lange St\u00fctzstrebe<\/li>\n<li>4 x St\u00fctzklammern<\/li>\n<\/ul>\n","protected":false},"excerpt":{"rendered":"<p>DD Jumpguard Pro Aquarium Cover 75x75cm to prevent fish jumping out the tank<\/p>\n","protected":false},"featured_media":82658,"template":"","meta":[],"pwb-brand":[2137],"product_cat":[1413],"product_tag":[],"class_list":{"0":"post-86046","1":"product","2":"type-product","3":"status-publish","4":"has-post-thumbnail","6":"pwb-brand-d-d-the-aquarium-solution","7":"product_cat-herausspringschutz","8":"pa_show-myparcel-options-male-de","10":"first","11":"instock","12":"taxable","13":"shipping-taxable","14":"purchasable","15":"product-type-simple"},"acf":[],"brands":[{"id":2137,"name":"D-D the aquarium solution","slug":"d-d-the-aquarium-solution"}],"_links":{"self":[{"href":"https:\/\/www.seaflowerstore.com\/de\/wp-json\/wp\/v2\/product\/86046","targetHints":{"allow":["GET"]}}],"collection":[{"href":"https:\/\/www.seaflowerstore.com\/de\/wp-json\/wp\/v2\/product"}],"about":[{"href":"https:\/\/www.seaflowerstore.com\/de\/wp-json\/wp\/v2\/types\/product"}],"wp:featuredmedia":[{"embeddable":true,"href":"https:\/\/www.seaflowerstore.com\/de\/wp-json\/wp\/v2\/media\/82658"}],"wp:attachment":[{"href":"https:\/\/www.seaflowerstore.com\/de\/wp-json\/wp\/v2\/media?parent=86046"}],"wp:term":[{"taxonomy":"pwb-brand","embeddable":true,"href":"https:\/\/www.seaflowerstore.com\/de\/wp-json\/wp\/v2\/pwb-brand?post=86046"},{"taxonomy":"product_cat","embeddable":true,"href":"https:\/\/www.seaflowerstore.com\/de\/wp-json\/wp\/v2\/product_cat?post=86046"},{"taxonomy":"product_tag","embeddable":true,"href":"https:\/\/www.seaflowerstore.com\/de\/wp-json\/wp\/v2\/product_tag?post=86046"}],"curies":[{"name":"wp","href":"https:\/\/api.w.org\/{rel}","templated":true}]}}