{"id":86047,"date":"2020-02-21T12:32:29","date_gmt":"2020-02-21T11:32:29","guid":{"rendered":"https:\/\/www.seaflowerstore.com\/nl\/aqua-medic-denigran-4-x-50gr\/"},"modified":"2024-03-19T15:02:36","modified_gmt":"2024-03-19T14:02:36","slug":"aqua-medic-denigran-4-x-50gr","status":"publish","type":"product","link":"https:\/\/www.seaflowerstore.com\/de\/aqua-medic-denigran-4-x-50gr\/","title":{"rendered":"Aqua Medic Denigran 4 x 50gr"},"content":{"rendered":"<h2>Aqua Medic Denigran 4 x 50gr Supports the natural degradation of nitrate in salt and freshwater aquariums, also helps to solve algae problems<\/h2>\n<p>Denigran ist ein einzigartiges Granulat aus Spezialkunststoff, das das Wachstum nitratentfernender Bakterien f\u00f6rdert. Dieses Produkt entfernt den lebenswichtigen N\u00e4hrstoff Nitrat effektiv aus Algen, ohne dass chemische Zus\u00e4tze erforderlich sind, und es ist keine zus\u00e4tzliche F\u00fctterung der Bakterien erforderlich.<\/p>\n<p>Der optimal gestaltete Netzbeutel sorgt f\u00fcr den bestm\u00f6glichen Wasserfluss durch das Medium, sodass Denigran je nach vorhandener Bakterienpopulation bis zu 12 Monate lang wirksam bleibt.<\/p>\n<p><strong>Inhalt:<\/strong><\/p>\n<ul>\n<li>4 Netzbeutel mit je 50 Gramm<\/li>\n<\/ul>\n<p><strong>Anwendung:<\/strong><\/p>\n<ul>\n<li>1-2 Beutel pro 50 Liter Aquarienwasser<\/li>\n<\/ul>\n<p>Dieses Produkt unterst\u00fctzt die nat\u00fcrliche Nitratreduzierung, was bei der Bek\u00e4mpfung von Algenproblemen hilft. In den meisten Aquarien ist die Nitratansammlung oft das Ergebnis einer \u00dcberf\u00fctterung der Fische oder des Verfalls von Pflanzenmaterial, das die Nutzung der vorhandenen Pflanzen \u00fcbersteigt. Regelm\u00e4\u00dfige Wasserwechsel oder die Verwendung von Nitratfiltern sind g\u00e4ngige Methoden zur Kontrolle des Nitratgehalts. Wenn Ihr Leitungswasser einen hohen Nitratgehalt aufweist und die Verwendung eines Nitratfilters zu kompliziert erscheint, ist Aqua Medic Denigran eine hervorragende Alternative.<\/p>\n<p>Denigran besteht aus biologisch abbaubarem Kunststoff und wird in einem speziell entwickelten Beutel geliefert, der einen begrenzten Durchfluss durch einen Filter mit starken Str\u00f6mungen erm\u00f6glicht und dabei sauerstoffreich bleibt. Aufgrund des eingeschr\u00e4nkten Durchflusses entwickelt sich in den Beuteln schnell Sauerstoff, wodurch Bakterien ihren Sauerstoff direkt aus dem Nitrat extrahieren k\u00f6nnen. Das verbleibende Stickstoffgas entweicht unsch\u00e4dlich.<\/p>\n<p>F\u00fcr optimale Ergebnisse verwenden Sie 1 bis 2 Beutel pro 50 Liter Aquarienwasser und passen die Menge je nach Anzahl der Fische und Nitratgehalt an. Es empfiehlt sich, die Beutel nach und nach einzuf\u00fchren, wobei zwischen den Zugaben etwa vierzehn Tage vergehen sollten.<\/p>\n<p>Es ist normal, dass das Wasser w\u00e4hrend dieses Vorgangs tr\u00fcb wird, was ein Zeichen f\u00fcr Bakterienwachstum ist. Wenn die Tr\u00fcbung anh\u00e4lt, sollten Sie erw\u00e4gen, die Anzahl der verwendeten Beutel zu reduzieren. Mit der Zeit werden die Plastikkugeln von den Bakterien aufgefressen, sodass ein schrittweiser Austausch der Beutel erforderlich ist, ohne sie zu \u00f6ffnen oder neu zu bef\u00fcllen. Das Stickstoffgas, das sich in den Beuteln ansammelt, ist harmlos und kann durch leichtes Dr\u00fccken der Beutel freigesetzt werden.<\/p>\n<p>Normalerweise dauert es etwa 3 bis 6 Wochen, bis das Granulat mit ausreichend Bakterien besiedelt ist. Wenn Sie die Beutel in einen Filter legen, stellen Sie sicher, dass das Wasser noch um sie herum flie\u00dfen kann, um Verstopfungen zu vermeiden.<\/p>\n","protected":false},"excerpt":{"rendered":"<p>Aqua Medic Denigran 4 x 50gr Supports the natural decomposition of nitrate in salt &amp; fresh water aquaria, also helps clear algae problems<\/p>\n","protected":false},"featured_media":82656,"template":"","meta":[],"pwb-brand":[2149],"product_cat":[1391,1421,1486],"product_tag":[],"class_list":{"0":"post-86047","1":"product","2":"type-product","3":"status-publish","4":"has-post-thumbnail","6":"pwb-brand-aqua-medic","7":"product_cat-ergaenzungen","8":"product_cat-aqua-medic-de","9":"product_cat-zusatzstoffe","10":"pa_show-myparcel-options-male-de","12":"first","13":"instock","14":"taxable","15":"shipping-taxable","16":"purchasable","17":"product-type-simple"},"acf":[],"brands":[{"id":2149,"name":"Aqua Medic","slug":"aqua-medic"}],"_links":{"self":[{"href":"https:\/\/www.seaflowerstore.com\/de\/wp-json\/wp\/v2\/product\/86047","targetHints":{"allow":["GET"]}}],"collection":[{"href":"https:\/\/www.seaflowerstore.com\/de\/wp-json\/wp\/v2\/product"}],"about":[{"href":"https:\/\/www.seaflowerstore.com\/de\/wp-json\/wp\/v2\/types\/product"}],"wp:featuredmedia":[{"embeddable":true,"href":"https:\/\/www.seaflowerstore.com\/de\/wp-json\/wp\/v2\/media\/82656"}],"wp:attachment":[{"href":"https:\/\/www.seaflowerstore.com\/de\/wp-json\/wp\/v2\/media?parent=86047"}],"wp:term":[{"taxonomy":"pwb-brand","embeddable":true,"href":"https:\/\/www.seaflowerstore.com\/de\/wp-json\/wp\/v2\/pwb-brand?post=86047"},{"taxonomy":"product_cat","embeddable":true,"href":"https:\/\/www.seaflowerstore.com\/de\/wp-json\/wp\/v2\/product_cat?post=86047"},{"taxonomy":"product_tag","embeddable":true,"href":"https:\/\/www.seaflowerstore.com\/de\/wp-json\/wp\/v2\/product_tag?post=86047"}],"curies":[{"name":"wp","href":"https:\/\/api.w.org\/{rel}","templated":true}]}}