{"id":86048,"date":"2020-02-21T10:22:08","date_gmt":"2020-02-21T09:22:08","guid":{"rendered":"https:\/\/www.seaflowerstore.com\/nl\/philips-coralcare-controller-gen2\/"},"modified":"2026-02-14T17:58:54","modified_gmt":"2026-02-14T16:58:54","slug":"philips-coralcare-controller-gen2","status":"publish","type":"product","link":"https:\/\/www.seaflowerstore.com\/de\/philips-coralcare-controller-gen2\/","title":{"rendered":"Philips\u00a0CoralCare\u00a0&#8211; Controller gen2"},"content":{"rendered":"<h2>Philips CoralCare &#8211; Controller gen2 (2020 new model)<\/h2>\n<p>Steuern Sie Ihre CoralCare LED-Leuchte Gen2 m\u00fchelos und drahtlos oder mit einem PC und genie\u00dfen Sie die Kontrolle \u00fcber zwei verschiedene Beleuchtungskan\u00e4le und vorprogrammierte Zeitpl\u00e4ne. Sie ist auch mit CoralCare LED-Leuchten der ersten Generation kompatibel! Dar\u00fcber hinaus enth\u00e4lt sie eine 0-10-V-Option f\u00fcr Controller von Drittanbietern. Ihr neuer drahtloser Controller ist auch mit CoralCare Gen1-Leuchten kompatibel.<\/p>\n<p>W\u00e4hlen Sie aus benutzerfreundlichen vorprogrammierten Beleuchtungszeitpl\u00e4nen oder erstellen Sie ganz einfach einen benutzerdefinierten 24-Stunden-Beleuchtungszeitplan, um den Anforderungen Ihrer Korallen gerecht zu werden. Sie k\u00f6nnen Ihre Beleuchtungspl\u00e4ne sogar mit anderen Riffliebhabern teilen! Die direkte Steuerung ist praktisch f\u00fcr die Wartung oder Kontrolle Ihrer Riffbewohner. Es gibt eine Eingew\u00f6hnungsphase f\u00fcr die Einf\u00fchrung neuer Korallen oder die Installation neuer CoralCare-Lampen, in der Sie die Lichtintensit\u00e4t schrittweise erh\u00f6hen k\u00f6nnen, um sie den Bed\u00fcrfnissen Ihrer Korallen anzupassen.<\/p>\n<div class=\"gc11v3-generictext section\">\n<h3><span class=\"p-heading-03\">Controller-Eigenschaften<\/span><\/h3>\n<\/div>\n<div class=\"gc21-table-container section\">\n<div class=\"p-gc21-spacing p-row-gutter\">\n<table class=\"p-gc21-table p-header-hidden\">\n<colgroup>\n<col width=\"50.0%\" \/>\n<col width=\"50.0%\" \/>\n<\/colgroup>\n<tbody>\n<tr>\n<td><strong>Vorrichtung enthalten<\/strong><\/td>\n<td><strong>nein<\/strong><\/td>\n<\/tr>\n<tr>\n<td><strong>Marke<\/strong><\/td>\n<td><strong>Philips<\/strong><\/td>\n<\/tr>\n<tr>\n<td><strong>Stromversorgung<\/strong><\/td>\n<td><strong>100-240 V, 50-60 Hz<\/strong><\/td>\n<\/tr>\n<tr>\n<td><strong>Mobiles Betriebssystem<\/strong><\/td>\n<td><strong>iOS &#8211; Android<\/strong><\/td>\n<\/tr>\n<tr>\n<td><strong>Schutzklasse<\/strong><\/td>\n<td><strong>IP65<\/strong><\/td>\n<\/tr>\n<\/tbody>\n<\/table>\n<\/div>\n<\/div>\n<p>Der Controller kann bis zu vier CoralCare-Leuchten derselben Generation verwalten. Mit der zweiten Generation von CoralCare genie\u00dfen Sie weiterhin die Lichtqualit\u00e4t, die Sie von herk\u00f6mmlicher T5-Leuchtstoffr\u00f6hre oder Metallhalogenid-Meerwasseraquarienbeleuchtung erwarten, und profitieren gleichzeitig von den Vorteilen der LED-Beleuchtung. Die Lampen liefern hervorragende Ergebnisse f\u00fcr das Wachstum von SPS- und LPS-Korallen, und die CoralCare-Beleuchtung ist darauf ausgelegt, ein ideales Gleichgewicht zwischen Korallenwachstum, nat\u00fcrlichem Riffaussehen und nat\u00fcrlichen Lichtmustern zu erreichen.<\/p>\n","protected":false},"excerpt":{"rendered":"<p>Philips Coral Care &#8211; Controller gen2 (2020 new model)<\/p>\n","protected":false},"featured_media":82653,"template":"","meta":[],"pwb-brand":[2243],"product_cat":[1384],"product_tag":[],"class_list":{"0":"post-86048","1":"product","2":"type-product","3":"status-publish","4":"has-post-thumbnail","6":"pwb-brand-philips","7":"product_cat-led-de","9":"first","10":"instock","11":"taxable","12":"shipping-taxable","13":"purchasable","14":"product-type-simple"},"acf":[],"brands":[{"id":2243,"name":"Philips","slug":"philips"}],"_links":{"self":[{"href":"https:\/\/www.seaflowerstore.com\/de\/wp-json\/wp\/v2\/product\/86048","targetHints":{"allow":["GET"]}}],"collection":[{"href":"https:\/\/www.seaflowerstore.com\/de\/wp-json\/wp\/v2\/product"}],"about":[{"href":"https:\/\/www.seaflowerstore.com\/de\/wp-json\/wp\/v2\/types\/product"}],"wp:featuredmedia":[{"embeddable":true,"href":"https:\/\/www.seaflowerstore.com\/de\/wp-json\/wp\/v2\/media\/82653"}],"wp:attachment":[{"href":"https:\/\/www.seaflowerstore.com\/de\/wp-json\/wp\/v2\/media?parent=86048"}],"wp:term":[{"taxonomy":"pwb-brand","embeddable":true,"href":"https:\/\/www.seaflowerstore.com\/de\/wp-json\/wp\/v2\/pwb-brand?post=86048"},{"taxonomy":"product_cat","embeddable":true,"href":"https:\/\/www.seaflowerstore.com\/de\/wp-json\/wp\/v2\/product_cat?post=86048"},{"taxonomy":"product_tag","embeddable":true,"href":"https:\/\/www.seaflowerstore.com\/de\/wp-json\/wp\/v2\/product_tag?post=86048"}],"curies":[{"name":"wp","href":"https:\/\/api.w.org\/{rel}","templated":true}]}}