{"id":86049,"date":"2020-02-21T10:20:47","date_gmt":"2020-02-21T09:20:47","guid":{"rendered":"https:\/\/www.seaflowerstore.com\/nl\/philips-coralcare-led-black-gen2\/"},"modified":"2024-03-19T15:02:33","modified_gmt":"2024-03-19T14:02:33","slug":"philips-coralcare-led-black-gen2","status":"publish","type":"product","link":"https:\/\/www.seaflowerstore.com\/de\/philips-coralcare-led-black-gen2\/","title":{"rendered":"Philips CoralCare LED &#8211; Black gen2"},"content":{"rendered":"<h2>Philips CoralCare LED &#8211; Black gen2 (2020 new model)<\/h2>\n<p>Die n\u00e4chste Generation der innovativen LED-Leuchte von CoralCare ist da. Die CoralCare Gen2 verf\u00fcgt \u00fcber ein elegantes neues Design mit passiver K\u00fchlung und kabelloser Steuerung. Wir haben au\u00dferdem das Lichtspektrum und die Lichtverteilung verbessert, um Ihrem Riff ein nat\u00fcrlicheres Aussehen zu verleihen sowie nat\u00fcrliche Lichtmuster und verbessertes Korallenwachstum zu erm\u00f6glichen.<\/p>\n<p>Mit den neuen Gen2-Lampen ist die Steuerung Ihrer Beleuchtung ein Kinderspiel. Sie k\u00f6nnen sie ganz einfach \u00fcber eine App auf Ihrem Smartphone oder Computer \u00fcber WLAN, Bluetooth oder eine USB-Verbindung steuern. Dar\u00fcber hinaus umfasst die Beleuchtung eine neue Diffusorplatte und einen neuen Controller (der separat erh\u00e4ltlich ist). Jede Lampe ist mit 86 LEDs ausgestattet.<\/p>\n<p>F\u00fcr Aquarien, die sowohl Stein- als auch Weichkorallen beherbergen, empfehlen wir eine Beleuchtungsfl\u00e4che von 90 x 70 cm pro Lampe. Besteht Ihr Aquarium ausschlie\u00dflich aus SPS-Korallen, reicht eine Lampe f\u00fcr eine Fl\u00e4che von 80 x 60 cm.<\/p>\n<div class=\"gc11v3-generictext section\">\n<h3><span class=\"p-heading-03\">Leuchteneigenschaften<\/span><\/h3>\n<\/div>\n<div class=\"gc21-table-container section\">\n<table class=\"p-gc21-table p-header-hidden\">\n<colgroup>\n<col width=\"50.0%\" \/>\n<col width=\"50.0%\" \/>\n<\/colgroup>\n<tbody>\n<tr>\n<td><strong>Inklusive Controller<\/strong><\/td>\n<td>Nein<\/td>\n<\/tr>\n<tr>\n<td><strong>Marke<\/strong><\/td>\n<td>Philips<\/td>\n<\/tr>\n<tr>\n<td><strong>Leistung Versorgung<\/strong><\/td>\n<td>220-240V (Europa) &#8211; 120V (USA)<\/td>\n<\/tr>\n<tr>\n<td><strong>Eingangsleistung<\/strong><\/td>\n<td>170W<\/td>\n<\/tr>\n<tr>\n<td><strong>Dimmbar<\/strong><\/td>\n<td>Ja<\/td>\n<\/tr>\n<tr>\n<td><strong>Schutzklasse<\/strong><\/td>\n<td>IP65<\/td>\n<\/tr>\n<tr>\n<td><strong>Gewicht<\/strong><\/td>\n<td>7 kg &#8211; 15.432 lbs<\/td>\n<\/tr>\n<tr>\n<td><strong>Abmessungen (L x B x H)<\/strong><\/td>\n<td>460 x 410 x 57 (mm)<\/td>\n<\/tr>\n<\/tbody>\n<\/table>\n<\/div>\n","protected":false},"excerpt":{"rendered":"<p>Philips CoralCare LED &#8211; Black gen2 (2020 new model)<\/p>\n","protected":false},"featured_media":82651,"template":"","meta":[],"pwb-brand":[2243],"product_cat":[1384],"product_tag":[],"class_list":{"0":"post-86049","1":"product","2":"type-product","3":"status-publish","4":"has-post-thumbnail","6":"pwb-brand-philips","7":"product_cat-led-de","8":"pa_show-myparcel-options-male-de","10":"first","11":"instock","12":"taxable","13":"shipping-taxable","14":"purchasable","15":"product-type-simple"},"acf":[],"brands":[{"id":2243,"name":"Philips","slug":"philips"}],"_links":{"self":[{"href":"https:\/\/www.seaflowerstore.com\/de\/wp-json\/wp\/v2\/product\/86049","targetHints":{"allow":["GET"]}}],"collection":[{"href":"https:\/\/www.seaflowerstore.com\/de\/wp-json\/wp\/v2\/product"}],"about":[{"href":"https:\/\/www.seaflowerstore.com\/de\/wp-json\/wp\/v2\/types\/product"}],"wp:featuredmedia":[{"embeddable":true,"href":"https:\/\/www.seaflowerstore.com\/de\/wp-json\/wp\/v2\/media\/82651"}],"wp:attachment":[{"href":"https:\/\/www.seaflowerstore.com\/de\/wp-json\/wp\/v2\/media?parent=86049"}],"wp:term":[{"taxonomy":"pwb-brand","embeddable":true,"href":"https:\/\/www.seaflowerstore.com\/de\/wp-json\/wp\/v2\/pwb-brand?post=86049"},{"taxonomy":"product_cat","embeddable":true,"href":"https:\/\/www.seaflowerstore.com\/de\/wp-json\/wp\/v2\/product_cat?post=86049"},{"taxonomy":"product_tag","embeddable":true,"href":"https:\/\/www.seaflowerstore.com\/de\/wp-json\/wp\/v2\/product_tag?post=86049"}],"curies":[{"name":"wp","href":"https:\/\/api.w.org\/{rel}","templated":true}]}}