{"id":86050,"date":"2020-02-21T10:19:17","date_gmt":"2020-02-21T09:19:17","guid":{"rendered":"https:\/\/www.seaflowerstore.com\/nl\/philips-coralcare-led-white-gen2-2020-new-model\/"},"modified":"2024-03-19T15:02:32","modified_gmt":"2024-03-19T14:02:32","slug":"philips-coralcare-led-white-gen2-2020-new-model","status":"publish","type":"product","link":"https:\/\/www.seaflowerstore.com\/de\/philips-coralcare-led-white-gen2-2020-new-model\/","title":{"rendered":"Philips CoralCare LED &#8211; White gen2 (2020 new model)"},"content":{"rendered":"<h2>Philips CoralCare LED &#8211; White gen2 (2020 new model)<\/h2>\n<p>Die n\u00e4chste Generation der innovativen LED-Leuchte von CoralCare ist endlich da. Die CoralCare Gen2 verf\u00fcgt \u00fcber ein schlankeres, schlankeres Design mit passiver K\u00fchlung und kabelloser Steuerung. Wir haben auch das Lichtspektrum und die Lichtverteilung verfeinert, um das nat\u00fcrliche Erscheinungsbild Ihres Riffs zu verbessern und nat\u00fcrliche Lichtmuster nachzuahmen, die das Korallenwachstum f\u00f6rdern.<\/p>\n<p>Die Verwaltung der neuen Gen2-Lampen ist ein Kinderspiel. Sie k\u00f6nnen sie \u00fcber eine App auf Ihrem Smartphone oder Computer \u00fcber WLAN, Bluetooth oder USB-Verbindung steuern. Dar\u00fcber hinaus enth\u00e4lt diese Beleuchtungsl\u00f6sung eine neue Diffusorplatte und einen neuen Controller (der separat erh\u00e4ltlich ist). Die Beleuchtung besteht aus 86 LEDs.<\/p>\n<p>F\u00fcr Aquarien mit einer Mischung aus Hart- und Weichkorallen empfehlen wir eine Beleuchtungsfl\u00e4che von 90 x 70 cm pro Lampe. Wenn Sie ein Aquarium mit ausschlie\u00dflich SPS-Korallen haben, reicht eine Lampe f\u00fcr eine Fl\u00e4che von 80 x 60 cm.<\/p>\n<div class=\"gc21-table-container section\">\n<table class=\"p-gc21-table p-header-hidden\">\n<colgroup>\n<col width=\"50.0%\" \/>\n<col width=\"50.0%\" \/>\n<\/colgroup>\n<tbody>\n<tr>\n<td><strong>Inklusive Controller<\/strong><\/td>\n<td>Nein<\/td>\n<\/tr>\n<tr>\n<td><strong>Marke<\/strong><\/td>\n<td>Philips<\/td>\n<\/tr>\n<tr>\n<td><strong>Stromversorgung<\/strong><\/td>\n<td>220-240 V (Europa) \u2013 120 V (USA)<\/td>\n<\/tr>\n<tr>\n<td><strong>Eingangsleistung<\/strong><\/td>\n<td>170W<\/td>\n<\/tr>\n<tr>\n<td><strong>Dimmbar<\/strong><\/td>\n<td>Ja<\/td>\n<\/tr>\n<tr>\n<td><strong>Schutzklasse<\/strong><\/td>\n<td>IP65<\/td>\n<\/tr>\n<tr>\n<td><strong>Gewicht<\/strong><\/td>\n<td>7 kg &#8211; 15.432 lbs<\/td>\n<\/tr>\n<tr>\n<td><strong>Abmessungen (L x B x H)<\/strong><\/td>\n<td>460 x 410 x 57 (mm)<\/td>\n<\/tr>\n<\/tbody>\n<\/table>\n<\/div>\n","protected":false},"excerpt":{"rendered":"<p>Philips CoralCare LED &#8211; White gen2 (2020 new model)<\/p>\n","protected":false},"featured_media":82647,"template":"","meta":[],"pwb-brand":[2243],"product_cat":[1384],"product_tag":[],"class_list":{"0":"post-86050","1":"product","2":"type-product","3":"status-publish","4":"has-post-thumbnail","6":"pwb-brand-philips","7":"product_cat-led-de","8":"pa_show-myparcel-options-male-de","10":"first","11":"instock","12":"taxable","13":"shipping-taxable","14":"purchasable","15":"product-type-simple"},"acf":[],"brands":[{"id":2243,"name":"Philips","slug":"philips"}],"_links":{"self":[{"href":"https:\/\/www.seaflowerstore.com\/de\/wp-json\/wp\/v2\/product\/86050","targetHints":{"allow":["GET"]}}],"collection":[{"href":"https:\/\/www.seaflowerstore.com\/de\/wp-json\/wp\/v2\/product"}],"about":[{"href":"https:\/\/www.seaflowerstore.com\/de\/wp-json\/wp\/v2\/types\/product"}],"wp:featuredmedia":[{"embeddable":true,"href":"https:\/\/www.seaflowerstore.com\/de\/wp-json\/wp\/v2\/media\/82647"}],"wp:attachment":[{"href":"https:\/\/www.seaflowerstore.com\/de\/wp-json\/wp\/v2\/media?parent=86050"}],"wp:term":[{"taxonomy":"pwb-brand","embeddable":true,"href":"https:\/\/www.seaflowerstore.com\/de\/wp-json\/wp\/v2\/pwb-brand?post=86050"},{"taxonomy":"product_cat","embeddable":true,"href":"https:\/\/www.seaflowerstore.com\/de\/wp-json\/wp\/v2\/product_cat?post=86050"},{"taxonomy":"product_tag","embeddable":true,"href":"https:\/\/www.seaflowerstore.com\/de\/wp-json\/wp\/v2\/product_tag?post=86050"}],"curies":[{"name":"wp","href":"https:\/\/api.w.org\/{rel}","templated":true}]}}