{"id":86060,"date":"2020-02-16T13:22:28","date_gmt":"2020-02-16T12:22:28","guid":{"rendered":"https:\/\/www.seaflowerstore.com\/nl\/korallen-zucht-zeofood-plus\/"},"modified":"2025-06-07T19:35:33","modified_gmt":"2025-06-07T17:35:33","slug":"korallen-zucht-zeofood-plus","status":"publish","type":"product","link":"https:\/\/www.seaflowerstore.com\/de\/korallen-zucht-zeofood-plus\/","title":{"rendered":"Korallen Zucht ZEOfood plus"},"content":{"rendered":"<h2>ZEOfood plus from KorallenZucht for coral color improvement by supporting biology<\/h2>\n<p><strong>ZEOfood plus<\/strong> ist ein fantastisches Produkt von KorallenZucht, das die Korallenfarbe durch die Unterst\u00fctzung der n\u00fctzlichen Biologie in Ihrem Aquarium verbessert. Es dient als Ersatz f\u00fcr ZEOfood 7 und verbessert effektiv die reinigende Wirkung von Bakterien, w\u00e4hrend es gleichzeitig das lebendige Bioleben in Salzwasserumgebungen f\u00f6rdert.<\/p>\n<p>Innerhalb kurzer Zeit werden Sie die Entwicklung eines gesunden und lebenswichtigen Biofilms bemerken. Schon nach wenigen Tagen werden Ihre Korallen mit atemberaubenden Farben reagieren!<\/p>\n<p><strong>Dosierungsanleitung:<\/strong><\/p>\n<ul>\n<li>In der ersten Woche jedes Monats: 6 Tropfen pro 100 Liter pro Tag.<\/li>\n<li>Danach verwenden Sie dreimal pro Woche 3 Tropfen pro 100 Liter.<\/li>\n<\/ul>\n<p>Mit ZEOfood plus k\u00f6nnen Sie sich auf ein lebendiges und farbenfrohes Aquarium freuen, das Freude in Ihren Raum bringt!<\/p>\n","protected":false},"excerpt":{"rendered":"<p>Korallen Zucht ZEOfood plus improves the cleansing effect of bacteria and promotes bio-life in saltwater aquariums<\/p>\n","protected":false},"featured_media":82625,"template":"","meta":[],"pwb-brand":[2159],"product_cat":[1391,515],"product_tag":[],"class_list":{"0":"post-86060","1":"product","2":"type-product","3":"status-publish","4":"has-post-thumbnail","6":"pwb-brand-korallen-zucht","7":"product_cat-ergaenzungen","8":"product_cat-additives","9":"pa_content-100-ml","10":"pa_content-250-ml","11":"pa_content-50-ml","12":"pa_content-500-ml","13":"pa_inhoud-100-ml-de","14":"pa_inhoud-250-ml-de","15":"pa_inhoud-50-ml-de","16":"pa_inhoud-500-ml-de","17":"pa_show-myparcel-options-male-de","19":"first","20":"instock","21":"sale","22":"taxable","23":"shipping-taxable","24":"purchasable","25":"product-type-variable"},"acf":[],"brands":[{"id":2159,"name":"Korallen Zucht","slug":"korallen-zucht"}],"_links":{"self":[{"href":"https:\/\/www.seaflowerstore.com\/de\/wp-json\/wp\/v2\/product\/86060","targetHints":{"allow":["GET"]}}],"collection":[{"href":"https:\/\/www.seaflowerstore.com\/de\/wp-json\/wp\/v2\/product"}],"about":[{"href":"https:\/\/www.seaflowerstore.com\/de\/wp-json\/wp\/v2\/types\/product"}],"wp:featuredmedia":[{"embeddable":true,"href":"https:\/\/www.seaflowerstore.com\/de\/wp-json\/wp\/v2\/media\/82625"}],"wp:attachment":[{"href":"https:\/\/www.seaflowerstore.com\/de\/wp-json\/wp\/v2\/media?parent=86060"}],"wp:term":[{"taxonomy":"pwb-brand","embeddable":true,"href":"https:\/\/www.seaflowerstore.com\/de\/wp-json\/wp\/v2\/pwb-brand?post=86060"},{"taxonomy":"product_cat","embeddable":true,"href":"https:\/\/www.seaflowerstore.com\/de\/wp-json\/wp\/v2\/product_cat?post=86060"},{"taxonomy":"product_tag","embeddable":true,"href":"https:\/\/www.seaflowerstore.com\/de\/wp-json\/wp\/v2\/product_tag?post=86060"}],"curies":[{"name":"wp","href":"https:\/\/api.w.org\/{rel}","templated":true}]}}