{"id":86072,"date":"2020-02-14T14:21:56","date_gmt":"2020-02-14T13:21:56","guid":{"rendered":"https:\/\/www.seaflowerstore.com\/nl\/fauna-marin-carb-l-2000-ml-activated-carbon\/"},"modified":"2024-03-19T15:02:13","modified_gmt":"2024-03-19T14:02:13","slug":"fauna-marin-carb-l-2000-ml-activated-carbon","status":"publish","type":"product","link":"https:\/\/www.seaflowerstore.com\/de\/fauna-marin-carb-l-2000-ml-activated-carbon\/","title":{"rendered":"Fauna Marin Carb L 2000 ml activated carbon"},"content":{"rendered":"<h2>Fauna Marin Carb L Long-lasting &#8211; 2000 ml activated carbon specifically made for permanent and long-term use<\/h2>\n<p>Wir stellen vor: <strong>Carb L<\/strong>, eine extrem reine, dampfaktivierte und vorgewaschene Aktivkohle, die entwickelt wurde, um Gelbf\u00e4rbung, Tr\u00fcbung und sch\u00e4dliche Giftstoffe effektiv zu beseitigen. Dies ist f\u00fcr die Aufrechterhaltung einer hervorragenden Wasserqualit\u00e4t in jedem Aquarium unerl\u00e4sslich. Carb L ist nahezu phosphatfrei und verf\u00fcgt \u00fcber eine au\u00dfergew\u00f6hnlich hohe Kapazit\u00e4t, wodurch es sich perfekt f\u00fcr den Langzeitgebrauch eignet. Es wird jedoch empfohlen, es alle 30 Tage auszutauschen.<\/p>\n<p>Diese Aktivkohle ist sowohl f\u00fcr S\u00fc\u00dfwasser- als auch f\u00fcr Meerwasseraquarien geeignet und sorgt daf\u00fcr, dass Ihr Wasser sauber bleibt, ohne dass nachteilige Nebenwirkungen auftreten. Die kontinuierliche Behandlung mit Carb L, einer hochreinen pelletierten Aktivkohle, ist ein wesentlicher Aspekt des Zeo-Light-Systems. Es ist besonders vorteilhaft f\u00fcr die Haltung empfindlicher SPS- und LPS-Korallen, da es dauerhaft angewendet werden kann.<\/p>\n<p>Die Aktivkohlebehandlung garantiert kristallklares Wasser, indem sie Phenole, Proteine, Farbstoffe, Ger\u00fcche und Giftstoffe effektiv aus Korallen und Algen entfernt.<\/p>\n<p><strong>Dosierung<\/strong><\/p>\n<ul>\n<li>1 L (500 g) pro 1000 L (260 US gal lqd) Aquarienwasser bei Verwendung in einer Durchlauffilteranlage (mit einer maximalen Durchflussrate von 200 L (52 US gal lqd)\/h).<\/li>\n<li>2 L (ca. 1000 g) pro 1000 L (260 US gal lqd) Aquarienwasser bei Verwendung in einem Filterbeutel.<\/li>\n<\/ul>\n<p><strong>Fauna Marin Carb L Intervall<\/strong><\/p>\n<p>Denken Sie daran, die Aktivkohle alle 4 Wochen auszutauschen, und zwar alle zwei Wochen. das f\u00e4llt mit dem Zeolithwechsel zusammen.<\/p>\n<p><strong>Vorbereitung<\/strong><\/p>\n<p>Um neue Aktivkohle herzustellen, befolgen Sie diese einfache Vorgehensweise: Einen Tag vor dem Austausch der Kohle \u00fcbergie\u00dfen Sie diese mit hei\u00dfem Leitungswasser und lassen sie dann 24 Stunden einweichen.<\/p>\n","protected":false},"excerpt":{"rendered":"<p>Fauna Marin Carb L Long-lasting &#8211; 2000 ml activated carbon specifically made for permanent and long-term use<\/p>\n","protected":false},"featured_media":84390,"template":"","meta":[],"pwb-brand":[2177],"product_cat":[1394],"product_tag":[],"class_list":{"0":"post-86072","1":"product","2":"type-product","3":"status-publish","4":"has-post-thumbnail","6":"pwb-brand-fauna-marin","7":"product_cat-aktivkohle","8":"pa_show-myparcel-options-male-de","10":"first","11":"instock","12":"taxable","13":"shipping-taxable","14":"purchasable","15":"product-type-simple"},"acf":[],"brands":[{"id":2177,"name":"Fauna Marin","slug":"fauna-marin"}],"_links":{"self":[{"href":"https:\/\/www.seaflowerstore.com\/de\/wp-json\/wp\/v2\/product\/86072","targetHints":{"allow":["GET"]}}],"collection":[{"href":"https:\/\/www.seaflowerstore.com\/de\/wp-json\/wp\/v2\/product"}],"about":[{"href":"https:\/\/www.seaflowerstore.com\/de\/wp-json\/wp\/v2\/types\/product"}],"wp:featuredmedia":[{"embeddable":true,"href":"https:\/\/www.seaflowerstore.com\/de\/wp-json\/wp\/v2\/media\/84390"}],"wp:attachment":[{"href":"https:\/\/www.seaflowerstore.com\/de\/wp-json\/wp\/v2\/media?parent=86072"}],"wp:term":[{"taxonomy":"pwb-brand","embeddable":true,"href":"https:\/\/www.seaflowerstore.com\/de\/wp-json\/wp\/v2\/pwb-brand?post=86072"},{"taxonomy":"product_cat","embeddable":true,"href":"https:\/\/www.seaflowerstore.com\/de\/wp-json\/wp\/v2\/product_cat?post=86072"},{"taxonomy":"product_tag","embeddable":true,"href":"https:\/\/www.seaflowerstore.com\/de\/wp-json\/wp\/v2\/product_tag?post=86072"}],"curies":[{"name":"wp","href":"https:\/\/api.w.org\/{rel}","templated":true}]}}