{"id":86073,"date":"2020-02-14T13:23:05","date_gmt":"2020-02-14T12:23:05","guid":{"rendered":"https:\/\/www.seaflowerstore.com\/nl\/fauna-marin-amin\/"},"modified":"2025-11-19T13:14:49","modified_gmt":"2025-11-19T12:14:49","slug":"fauna-marin-amin","status":"publish","type":"product","link":"https:\/\/www.seaflowerstore.com\/de\/fauna-marin-amin\/","title":{"rendered":"Fauna Marin Amin"},"content":{"rendered":"<h2>Fauna Marin Amin Ultra pure amino acids for promoting growth and color in all coral<\/h2>\n<p>AMIN ist ein fantastisches Aminos\u00e4ureprodukt, das das Korallenwachstum beschleunigen und die Farbpigmentierung in allen Aquarientypen verbessern soll. Es enth\u00e4lt eine sorgf\u00e4ltig zusammengestellte Mischung aus riffaktiven Aminos\u00e4uren und Vitaminen, was es zu einer wirklich einzigartigen Kombination essentieller organischer Verbindungen macht.<\/p>\n<ul>\n<li><strong>F\u00f6rdert die richtige Farbentwicklung<\/strong><\/li>\n<li><strong>Verbessert die F\u00e4higkeit der Koralle, Gewebe nach Stress zu reparieren<\/strong><\/li>\n<li><strong>Verbessert die Polypenausdehnung<\/strong><\/li>\n<li><strong>Hilft Korallen, sich vom Verblassen zu erholen<\/strong><\/li>\n<li><strong>Unterst\u00fctzt die Aquarienbiologie<\/strong><\/li>\n<li><strong>Ideal f\u00fcr Korallen, die LED-Beleuchtung ausgesetzt sind<\/strong><\/li>\n<\/ul>\n<p><strong>Dosierung:<\/strong> Verwenden Sie t\u00e4glich 0,5 ml pro 100 Liter (26 US-Gallonen).<\/p>\n<p><strong>Inhaltsstoffe:<\/strong> L-Threonin, L-Cystein, L-Serin, L-Glycin, L-Prolin, L-Histidin, L-Tryptophan, L-Arginin, L-Lysin, L-Tyrosin, L-Asparagins\u00e4ure, L-Glutamins\u00e4ure, L-Phenylalanin, L-Alanin, 2-Aminosulfons\u00e4ure (Taurin) und verschiedene organische Kohlenstoffverbindungen zur Aminos\u00e4uresynthese.<\/p>\n","protected":false},"excerpt":{"rendered":"<p>Fauna Marin Amin is an amino acid product that accelerates coral growth and improves color pigmentation in all aquarium types<\/p>\n","protected":false},"featured_media":82600,"template":"","meta":[],"pwb-brand":[2177],"product_cat":[1391,1437,515,741],"product_tag":[],"class_list":{"0":"post-86073","1":"product","2":"type-product","3":"status-publish","4":"has-post-thumbnail","6":"pwb-brand-fauna-marin","7":"product_cat-ergaenzungen","8":"product_cat-fauna-marin-de","9":"product_cat-additives","10":"product_cat-brands","11":"pa_content-250-ml","12":"pa_content-500-ml","13":"pa_inhoud-1000-ml-de","14":"pa_inhoud-250-ml-de","15":"pa_inhoud-500-ml-de","17":"first","18":"instock","19":"taxable","20":"shipping-taxable","21":"purchasable","22":"product-type-variable"},"acf":[],"brands":[{"id":2177,"name":"Fauna Marin","slug":"fauna-marin"}],"_links":{"self":[{"href":"https:\/\/www.seaflowerstore.com\/de\/wp-json\/wp\/v2\/product\/86073","targetHints":{"allow":["GET"]}}],"collection":[{"href":"https:\/\/www.seaflowerstore.com\/de\/wp-json\/wp\/v2\/product"}],"about":[{"href":"https:\/\/www.seaflowerstore.com\/de\/wp-json\/wp\/v2\/types\/product"}],"wp:featuredmedia":[{"embeddable":true,"href":"https:\/\/www.seaflowerstore.com\/de\/wp-json\/wp\/v2\/media\/82600"}],"wp:attachment":[{"href":"https:\/\/www.seaflowerstore.com\/de\/wp-json\/wp\/v2\/media?parent=86073"}],"wp:term":[{"taxonomy":"pwb-brand","embeddable":true,"href":"https:\/\/www.seaflowerstore.com\/de\/wp-json\/wp\/v2\/pwb-brand?post=86073"},{"taxonomy":"product_cat","embeddable":true,"href":"https:\/\/www.seaflowerstore.com\/de\/wp-json\/wp\/v2\/product_cat?post=86073"},{"taxonomy":"product_tag","embeddable":true,"href":"https:\/\/www.seaflowerstore.com\/de\/wp-json\/wp\/v2\/product_tag?post=86073"}],"curies":[{"name":"wp","href":"https:\/\/api.w.org\/{rel}","templated":true}]}}