{"id":86076,"date":"2020-02-14T10:24:02","date_gmt":"2020-02-14T09:24:02","guid":{"rendered":"https:\/\/www.seaflowerstore.com\/nl\/easysps-evo-expert-1500ml\/"},"modified":"2024-03-19T15:02:11","modified_gmt":"2024-03-19T14:02:11","slug":"easysps-evo-expert-1500ml","status":"publish","type":"product","link":"https:\/\/www.seaflowerstore.com\/de\/easysps-evo-expert-1500ml\/","title":{"rendered":"EasySPS EVO expert 1500ml"},"content":{"rendered":"<h2>EasySPS EVO expert 1500ml specially designed food for SPS corals<\/h2>\n<p>EasySPS EVO Expert <strong>(doppelte Konzentration)<\/strong> ist eine Premiummischung aus nat\u00fcrlichem Meeresplankton in einer Mineralsuspension. Dieses Produkt ist speziell f\u00fcr die Verwendung mit einer Dosierpumpe konzipiert und gew\u00e4hrleistet eine gleichm\u00e4\u00dfige und pr\u00e4zise N\u00e4hrstoffversorgung f\u00fcr SPS-Korallen.<\/p>\n<p>Die Formulierung von EasySPS EVO enth\u00e4lt Partikel von 0,2 bis 400 Mikrometer, wobei die Mehrheit kleiner als 200 Mikrometer ist. Dieser Gr\u00f6\u00dfenbereich deckt effektiv die Beutedimensionen ab, die SPS-Korallen bevorzugen, und verst\u00e4rkt ihre lebendigen und intensiven Farben, w\u00e4hrend gleichzeitig ein gesundes Wachstum und eine gesunde Entwicklung gef\u00f6rdert werden.<\/p>\n<p>Die Zusammensetzung von EasySPS EVO ist reich an hochwertigen Proteinen und weist ein ausgewogenes Aminos\u00e4ureprofil, ein Lipidprofil mit hohem Gehalt an EPA, ARA und DHA sowie Kohlenhydrate und funktionelle Mikron\u00e4hrstoffe auf, die den Stoffwechsel dieser Korallen unterst\u00fctzen.<\/p>\n<p>Insbesondere das Plankton von Easy Reef, <em>Palaemonetes varians<\/em>, ist reich an Glutamin, das eine schnelle Reaktion der Korallen gew\u00e4hrleistet. Easy Reefs ist stolz darauf, seine eigenen Rohstoffe herzustellen, um w\u00e4hrend des gesamten Produktionsprozesses hohe Qualit\u00e4tsstandards einzuhalten.<\/p>\n<p><strong>Dosierungsempfehlungen:<\/strong><\/p>\n<ul>\n<li>Beginnen Sie eine Woche lang mit einer Anfangsdosis von 1 ml pro Tag f\u00fcr jeweils 250 Liter Wasser in Ihrem Aquarium.<\/li>\n<li>Erh\u00f6hen Sie die Dosis jede Woche schrittweise um 25 %, bis Sie die optimale Dosis von 4 ml pro Tag f\u00fcr 250 Liter Aquarienwasser erreichen.<\/li>\n<\/ul>\n","protected":false},"excerpt":{"rendered":"<p>Check EasySPS EVO expert 1500ml specially designed food for SPS corals at Seaflower<\/p>\n","protected":false},"featured_media":82598,"template":"","meta":[],"pwb-brand":[2195],"product_cat":[1436],"product_tag":[],"class_list":{"0":"post-86076","1":"product","2":"type-product","3":"status-publish","4":"has-post-thumbnail","6":"pwb-brand-easy-reefs","7":"product_cat-korallenfutter","8":"pa_show-myparcel-options-male-de","10":"first","11":"instock","12":"taxable","13":"shipping-taxable","14":"purchasable","15":"product-type-simple"},"acf":[],"brands":[{"id":2195,"name":"Easy Reefs","slug":"easy-reefs"}],"_links":{"self":[{"href":"https:\/\/www.seaflowerstore.com\/de\/wp-json\/wp\/v2\/product\/86076","targetHints":{"allow":["GET"]}}],"collection":[{"href":"https:\/\/www.seaflowerstore.com\/de\/wp-json\/wp\/v2\/product"}],"about":[{"href":"https:\/\/www.seaflowerstore.com\/de\/wp-json\/wp\/v2\/types\/product"}],"wp:featuredmedia":[{"embeddable":true,"href":"https:\/\/www.seaflowerstore.com\/de\/wp-json\/wp\/v2\/media\/82598"}],"wp:attachment":[{"href":"https:\/\/www.seaflowerstore.com\/de\/wp-json\/wp\/v2\/media?parent=86076"}],"wp:term":[{"taxonomy":"pwb-brand","embeddable":true,"href":"https:\/\/www.seaflowerstore.com\/de\/wp-json\/wp\/v2\/pwb-brand?post=86076"},{"taxonomy":"product_cat","embeddable":true,"href":"https:\/\/www.seaflowerstore.com\/de\/wp-json\/wp\/v2\/product_cat?post=86076"},{"taxonomy":"product_tag","embeddable":true,"href":"https:\/\/www.seaflowerstore.com\/de\/wp-json\/wp\/v2\/product_tag?post=86076"}],"curies":[{"name":"wp","href":"https:\/\/api.w.org\/{rel}","templated":true}]}}