{"id":86077,"date":"2020-02-14T10:13:57","date_gmt":"2020-02-14T10:13:57","guid":{"rendered":"https:\/\/www.seaflowerstore.com\/nl\/esha-trimarin-20ml\/"},"modified":"2024-03-19T15:02:10","modified_gmt":"2024-03-19T14:02:10","slug":"esha-trimarin-20ml","status":"publish","type":"product","link":"https:\/\/www.seaflowerstore.com\/de\/esha-trimarin-20ml\/","title":{"rendered":"eSHa Trimarin &#8211; 20ml"},"content":{"rendered":"<h2>eSHa Trimarin &#8211; 20ml Fights more than 12 DISEASES, the lower animals must be removed<\/h2>\n<p><strong>Anwendungsgebiete:<\/strong> Flossenf\u00e4ule, Fleckenkrankheit, Hautblutungen, Schleimhautr\u00f6llchen, Hauttr\u00fcbung, Kiemenw\u00fcrmer, Hautpilz, offene Wunden, Hautinfektionen, Zankereien, Oodinium, Grobe Seezunge, Feine Seezunge, Kopfsch\u00fctteln, Gewebezerfall, ausgefranste Flossen, Kn\u00f6tchenkrankheit, Seepferdchenkrankheit und mehr.<\/p>\n<p><strong>Wann ist eSHa TRIMARIN anzuwenden?<\/strong> Die richtige Diagnose ist der erste Schritt zur erfolgreichen und schnellen Behandlung einer Krankheit. Die meisten Fischkrankheiten sind hoch ansteckend und verbreiten sich schnell, daher ist schnelles Handeln ratsam. Es gibt mehrere Fr\u00fchwarnzeichen, auf die Sie achten sollten, da sie auf den Beginn einer Krankheit hinweisen k\u00f6nnen.<\/p>\n<ul>\n<li><strong>Haut:<\/strong> Die Haut dient als erste Schutzlinie und Immunsystem f\u00fcr Ihre Fische. Sie zeigt normalerweise die ersten Anzeichen einer Krankheit oder Infektion. Achten Sie auf Verf\u00e4rbungen.<\/li>\n<li><strong>Flossen:<\/strong> Beobachten Sie die Flossen. Liegen diese eng am K\u00f6rper des Fisches an, kann dies insbesondere bei lebendgeb\u00e4renden Fischen auf eine Krankheit oder einen Mangel hinweisen.<\/li>\n<li><strong>Schwimmverhalten:<\/strong> Ungew\u00f6hnliche Schwimmmuster oder Schaukelbewegungen k\u00f6nnen auf eine Krankheit hinweisen.<\/li>\n<\/ul>\n<h3>Welche Fische kann ich mit <strong>eSHa<\/strong> TRIMARIN behandeln?<\/h3>\n<p><strong>Alle Meerwasserfische<\/strong> k\u00f6nnen mit TRIMARIN behandelt werden. Bitte <strong>verwenden Sie es jedoch nicht bei tropischen oder Kaltwasserfischen<\/strong> und achten Sie darauf, empfindliche Arten nicht zu \u00fcberdosieren.<\/p>\n<h3>Ist <strong>eSHa<\/strong> TRIMARIN sicher bei niederen Tieren anzuwenden?<\/h3>\n<p>Nein, TRIMARIN sollte nicht in Aquarien verwendet werden, die niedere Tiere wie Anemonen, Korallen und Weichtiere enthalten. Diese Lebewesen m\u00fcssen vor der Anwendung von TRIMARIN aus dem Aquarium entfernt werden. Wenn Sie Krankheiten in einem Aquarium mit niederen Tieren behandeln m\u00fcssen, sollten Sie eSHa OODINEX verwenden, das auf ein engeres Spektrum von Krankheiten bei Meerwasserfischen abzielt, aber sicher bei niederen Tieren angewendet werden kann.<\/p>\n<h3>Was behandelt <strong>eSHa<\/strong> TRIMARIN?<\/h3>\n<p>TRIMARIN bek\u00e4mpft die Organismen, die f\u00fcr eine Vielzahl von Krankheiten und Symptomen (siehe Diagramm unten) bei Meerwasserfischen verantwortlich sind. Obwohl die Symptome oft \u00e4hnlich erscheinen, ist es nicht immer einfach, die genaue Krankheit Ihres Fisches zu bestimmen. Gl\u00fccklicherweise ist das Risiko, die falsche Behandlung auszuw\u00e4hlen, minimal, da TRIMARIN ein breites Spektrum an Problemen abdeckt. Dennoch ist es wichtig, sich daran zu erinnern, dass TRIMARIN kein Allheilmittel ist; es wird nicht jede Krankheit heilen, die Ihren Fisch befallen k\u00f6nnte. Eine 20-ml-Flasche ist f\u00fcr die Behandlung von maximal 800 Litern Meerwasser geeignet.<\/p>\n","protected":false},"excerpt":{"rendered":"<p>eSHa Trimarin &#8211; 20ml Fights more than 12 DISEASES, the lower animals must be removed<\/p>\n","protected":false},"featured_media":82596,"template":"","meta":[],"pwb-brand":[2287],"product_cat":[1390],"product_tag":[],"class_list":{"0":"post-86077","1":"product","2":"type-product","3":"status-publish","4":"has-post-thumbnail","6":"pwb-brand-esha","7":"product_cat-medikamente","8":"pa_show-myparcel-options-male-de","10":"first","11":"instock","12":"taxable","13":"shipping-taxable","14":"purchasable","15":"product-type-simple"},"acf":[],"brands":[{"id":2287,"name":"eSHa","slug":"esha"}],"_links":{"self":[{"href":"https:\/\/www.seaflowerstore.com\/de\/wp-json\/wp\/v2\/product\/86077","targetHints":{"allow":["GET"]}}],"collection":[{"href":"https:\/\/www.seaflowerstore.com\/de\/wp-json\/wp\/v2\/product"}],"about":[{"href":"https:\/\/www.seaflowerstore.com\/de\/wp-json\/wp\/v2\/types\/product"}],"wp:featuredmedia":[{"embeddable":true,"href":"https:\/\/www.seaflowerstore.com\/de\/wp-json\/wp\/v2\/media\/82596"}],"wp:attachment":[{"href":"https:\/\/www.seaflowerstore.com\/de\/wp-json\/wp\/v2\/media?parent=86077"}],"wp:term":[{"taxonomy":"pwb-brand","embeddable":true,"href":"https:\/\/www.seaflowerstore.com\/de\/wp-json\/wp\/v2\/pwb-brand?post=86077"},{"taxonomy":"product_cat","embeddable":true,"href":"https:\/\/www.seaflowerstore.com\/de\/wp-json\/wp\/v2\/product_cat?post=86077"},{"taxonomy":"product_tag","embeddable":true,"href":"https:\/\/www.seaflowerstore.com\/de\/wp-json\/wp\/v2\/product_tag?post=86077"}],"curies":[{"name":"wp","href":"https:\/\/api.w.org\/{rel}","templated":true}]}}