{"id":86078,"date":"2020-02-14T09:29:08","date_gmt":"2020-02-14T08:29:08","guid":{"rendered":"https:\/\/www.seaflowerstore.com\/nl\/esha-2000-20ml\/"},"modified":"2025-06-19T08:27:09","modified_gmt":"2025-06-19T06:27:09","slug":"esha-2000-20ml","status":"publish","type":"product","link":"https:\/\/www.seaflowerstore.com\/de\/esha-2000-20ml\/","title":{"rendered":"eSHa 2000 &#8211; 20ml"},"content":{"rendered":"<h2>eSHa 2000 Against Fungi, Vinrot &amp; Bacteria Fights and heals more than 18 symptoms of freshwater fish<\/h2>\n<p><strong>eSHa 2000<\/strong> bek\u00e4mpft und heilt effektiv \u00fcber 18 Symptome bei S\u00fc\u00dfwasserfischen und behandelt Probleme wie Pilze, Weinf\u00e4ule und Bakterien. Diese wirksame Behandlung zielt erfolgreich auf die Ursachen der l\u00e4stigen und oft schwierigen \u201eSchaukelkrankheit\u201c ab, zusammen mit anderen Erkrankungen wie \u201ewei\u00dfem Becken\u201c, Pilzinfektionen, Schleimhauttr\u00fcbung, Hautabsch\u00e4lung, offenen Wunden, Hautentz\u00fcndungen, Blutungen, Bauchfieber, Kiemenw\u00fcrmern, Blauschimmel, geklemmten Flossen, Bisswunden, Blutflecken, entz\u00fcndeten Schuppenwurzeln, Kiemeninfektionen, Gewebeinfektionen, Schwanz- und Flossenf\u00e4ule und Schuppenbildung. Es hilft auch, die Neonkrankheit abzuwehren, die sich schnell auf gesunde Fische ausbreiten kann. Daher ist es wichtig, schnell zu handeln \u2013 je fr\u00fcher, desto besser!<\/p>\n<p><strong>Vorsichtsma\u00dfnahmen:<\/strong><\/p>\n<ul>\n<li>Verwenden Sie keine absorbierenden Filtersubstanzen (wie Aktivkohle). Sie k\u00f6nnen mit Watte, Sand oder Kies filtern.<\/li>\n<li>\u00dcberwachen Sie die Wasserqualit\u00e4t genau. Es ist ratsam, jeden Monat 20-25 % des Aquarienwassers auszutauschen.<\/li>\n<li>Wenn Sie das Wasser w\u00e4hrend oder nach der Behandlung austauschen, denken Sie daran, dass Sie mit dem Wasser auch einen Teil des Medikaments entfernen. Sie k\u00f6nnen die entsprechende Menge des Medikaments nach dem Wasserwechsel wieder hinzuf\u00fcgen.<\/li>\n<li>Reinigen Sie den Filterinhalt regelm\u00e4\u00dfig und stellen Sie sicher, dass der Filter kontinuierlich l\u00e4uft. Wenn der Filter ausgeschaltet ist, f\u00fchren Sie zus\u00e4tzlichen Sauerstoff zu.<\/li>\n<li>Schalten Sie Kunstharze und UV-Lampen w\u00e4hrend der Behandlung aus, da diese die Wirksamkeit des Medikaments beeintr\u00e4chtigen k\u00f6nnen.<\/li>\n<li>Oxidatoren, einschlie\u00dflich Wasserstoffperoxid oder Halogene, sowie Wasserreiniger, Kunstharz und UV-Licht k\u00f6nnen viele Medikamente negativ beeinflussen, indem sie Oxidation, Absorption oder Reduktion verursachen. Oftmals gen\u00fcgt es, 30-50% des Wassers durch das gleiche Wasser zu ersetzen, das vor der Behandlung verwendet wurde.<\/li>\n<\/ul>\n<p><strong>eSHa 2000\u00ae<\/strong> kann bedenkenlos mit <strong>eSHa gdex\u00ae<\/strong> (f\u00fcr Haut-, Kiemen- und Bandw\u00fcrmer) und <strong>EXIT<\/strong> (f\u00fcr P\u00fcnktchen, Pfefferp\u00fcnktchen, Importp\u00fcnktchen und Grobp\u00fcnktchen) kombiniert werden.<\/p>\n<p><strong>20 ml sind f\u00fcr maximal 800 Liter Aquarienwasser geeignet.<\/strong><\/p>\n<p><strong>eSHa 2000 Zusammensetzung<\/strong><\/p>\n<p>Wirkstoffe pro 1 ml L\u00f6sung:<\/p>\n<ul>\n<li>Ethacridinlactat: 6,3 mg<\/li>\n<li>Kupfer 2+: 3,2 mg<\/li>\n<li>Methylorange: 0,26 mg<\/li>\n<li>Proflavin: 1 mg<\/li>\n<\/ul>\n<p><strong>Wechselwirkungen mit anderen Produkten:<\/strong> Verwenden Sie keine verschiedenen Pr\u00e4parate zusammen oder gleichzeitig, es sei denn, der Hersteller empfiehlt dies. eSHa 2000 kann jedoch mit Exit kombiniert werden.<\/p>\n<p>Dieses Produkt ist nur f\u00fcr Zierfische bestimmt und f\u00fcr die Verwendung in S\u00fc\u00dfwasseraquarien vorgesehen. Es ist nicht f\u00fcr Tiere geeignet, die zur Lebensmittelproduktion verwendet werden. Bitte bewahren Sie dieses Arzneimittel au\u00dferhalb der Reichweite von Kindern auf.<\/p>\n<p><strong>Anwendung<\/strong><\/p>\n<p><strong>(Lesen Sie immer die Packungsbeilage, da diese \u00c4nderungen unterliegen kann)<\/strong><\/p>\n<p>Bewahren Sie die Flasche und die Anleitung immer in der Originalverpackung auf. Die Produktl\u00f6sung kann Verf\u00e4rbungen verursachen.<\/p>\n<p><strong>Dosierung:<\/strong> eSHa 2000 kann als Arzneimittel zur Behandlung, Desinfektion oder Quarant\u00e4ne eingesetzt werden.<\/p>\n<p>Zum Dosieren die Flasche umdrehen und auf die transparente Pipette dr\u00fccken (20 Tropfen = 1 ml).<\/p>\n<p><strong>Standarddosierung:<\/strong><\/p>\n<ul>\n<li>1. Tag: 25 Tropfen auf 100 Liter Wasser<\/li>\n<li>2. Tag: 12 Tropfen auf 100 Liter Wasser<\/li>\n<li>3. Tag: 12 Tropfen auf 100 Liter Wasser<\/li>\n<\/ul>\n<p>In hartn\u00e4ckigen F\u00e4llen kann die Dosierung \u00fcber mehrere Tage fortgesetzt werden. Bei \u201eweichem\u201c Wasser empfiehlt sich die Verdoppelung der Standarddosis.<\/p>\n<p><strong>Dosierung zum schnellen Verstecken:<\/strong><\/p>\n<ul>\n<li>1. Tag: 50 Tropfen auf 100 Liter Wasser<\/li>\n<li>2. Tag: 25 Tropfen auf 100 Liter Wasser<\/li>\n<li>3. Tag: 12 Tropfen auf 100 Liter Wasser<\/li>\n<\/ul>\n<p>Bei hartn\u00e4ckigen F\u00e4llen kann die Dosierung \u00fcber mehrere Tage fortgesetzt werden (12 Tropfen).<\/p>\n<p><strong>eSHa 2000 Pr\u00e4ventionsdosis \/ Quarant\u00e4ne:<\/strong> 25 Tropfen auf 100 Liter Wasser. Bei schweren F\u00e4llen kann die Dosis verdoppelt oder erh\u00f6ht werden (siehe obige Anleitung). Flasche vor Gebrauch sch\u00fctteln und erw\u00e4rmen (auf 40\/60 \u00b0C), falls sich in der Flasche Sedimente bilden.<\/p>\n<p>Bei Komplikationen bitte sofort einen Teil des Wassers wechseln. eSHa 2000 baut sich auf nat\u00fcrliche Weise ab. Wenn Sie den Wirkstoff schnell entfernen m\u00f6chten, empfehlen wir eine Filterung durch Aktivkohle.<\/p>\n","protected":false},"excerpt":{"rendered":"<p>eSHa 2000 Combats and heals more than 18 symptoms of freshwater fish against fungi, vinrot, bacteria<\/p>\n","protected":false},"featured_media":82594,"template":"","meta":[],"pwb-brand":[2287],"product_cat":[1432],"product_tag":[],"class_list":{"0":"post-86078","1":"product","2":"type-product","3":"status-publish","4":"has-post-thumbnail","6":"pwb-brand-esha","7":"product_cat-medikation","8":"pa_show-myparcel-options-male-de","10":"first","11":"instock","12":"sale","13":"taxable","14":"shipping-taxable","15":"purchasable","16":"product-type-simple"},"acf":[],"brands":[{"id":2287,"name":"eSHa","slug":"esha"}],"_links":{"self":[{"href":"https:\/\/www.seaflowerstore.com\/de\/wp-json\/wp\/v2\/product\/86078","targetHints":{"allow":["GET"]}}],"collection":[{"href":"https:\/\/www.seaflowerstore.com\/de\/wp-json\/wp\/v2\/product"}],"about":[{"href":"https:\/\/www.seaflowerstore.com\/de\/wp-json\/wp\/v2\/types\/product"}],"wp:featuredmedia":[{"embeddable":true,"href":"https:\/\/www.seaflowerstore.com\/de\/wp-json\/wp\/v2\/media\/82594"}],"wp:attachment":[{"href":"https:\/\/www.seaflowerstore.com\/de\/wp-json\/wp\/v2\/media?parent=86078"}],"wp:term":[{"taxonomy":"pwb-brand","embeddable":true,"href":"https:\/\/www.seaflowerstore.com\/de\/wp-json\/wp\/v2\/pwb-brand?post=86078"},{"taxonomy":"product_cat","embeddable":true,"href":"https:\/\/www.seaflowerstore.com\/de\/wp-json\/wp\/v2\/product_cat?post=86078"},{"taxonomy":"product_tag","embeddable":true,"href":"https:\/\/www.seaflowerstore.com\/de\/wp-json\/wp\/v2\/product_tag?post=86078"}],"curies":[{"name":"wp","href":"https:\/\/api.w.org\/{rel}","templated":true}]}}