{"id":86087,"date":"2020-02-08T10:20:42","date_gmt":"2020-02-08T09:20:42","guid":{"rendered":"https:\/\/www.seaflowerstore.com\/nl\/coral-deck-set-12pcs-breedrocks\/"},"modified":"2024-03-19T15:01:57","modified_gmt":"2024-03-19T14:01:57","slug":"coral-deck-set-12pcs-breedrocks","status":"publish","type":"product","link":"https:\/\/www.seaflowerstore.com\/de\/coral-deck-set-12pcs-breedrocks\/","title":{"rendered":"Coral Deck Set + 12pcs. BreedRocks"},"content":{"rendered":"<h2>Fauna Marin Coral Deck Set + 12pcs. BreedRocks is a small acrylic piece to culture corals in your aquarium.<\/h2>\n<p>Das Coral Deck Set misst 20 x 8 cm und enth\u00e4lt 12 Zuchtscheiben sowie einen Magnethalter. Dieses praktische Set von Fauna Marin wurde entwickelt, um Ihnen dabei zu helfen, Korallen in Ihrem Aquarium effektiv zu z\u00fcchten. Es erm\u00f6glicht Ihnen, bis zu 12 Korallenfragmente nahe der Oberfl\u00e4che zu z\u00fcchten, was es zu einer gro\u00dfartigen Erg\u00e4nzung f\u00fcr Ihr Wasserreservoir macht.<\/p>\n<p><strong>Die maximale Glasdicke betr\u00e4gt 12 mm.<\/strong><\/p>\n","protected":false},"excerpt":{"rendered":"<p>Fauna Marin Coral Deck Set + 12pcs. BreedRocks is a small acrylic piece to culture corals in your aquarium up to 12mm glass thickness<\/p>\n","protected":false},"featured_media":82574,"template":"","meta":[],"pwb-brand":[2177],"product_cat":[1461],"product_tag":[],"class_list":{"0":"post-86087","1":"product","2":"type-product","3":"status-publish","4":"has-post-thumbnail","6":"pwb-brand-fauna-marin","7":"product_cat-schneidzubehoer","8":"pa_show-myparcel-options-male-de","10":"first","11":"outofstock","12":"sale","13":"taxable","14":"shipping-taxable","15":"purchasable","16":"product-type-simple"},"acf":[],"brands":[{"id":2177,"name":"Fauna Marin","slug":"fauna-marin"}],"_links":{"self":[{"href":"https:\/\/www.seaflowerstore.com\/de\/wp-json\/wp\/v2\/product\/86087","targetHints":{"allow":["GET"]}}],"collection":[{"href":"https:\/\/www.seaflowerstore.com\/de\/wp-json\/wp\/v2\/product"}],"about":[{"href":"https:\/\/www.seaflowerstore.com\/de\/wp-json\/wp\/v2\/types\/product"}],"wp:featuredmedia":[{"embeddable":true,"href":"https:\/\/www.seaflowerstore.com\/de\/wp-json\/wp\/v2\/media\/82574"}],"wp:attachment":[{"href":"https:\/\/www.seaflowerstore.com\/de\/wp-json\/wp\/v2\/media?parent=86087"}],"wp:term":[{"taxonomy":"pwb-brand","embeddable":true,"href":"https:\/\/www.seaflowerstore.com\/de\/wp-json\/wp\/v2\/pwb-brand?post=86087"},{"taxonomy":"product_cat","embeddable":true,"href":"https:\/\/www.seaflowerstore.com\/de\/wp-json\/wp\/v2\/product_cat?post=86087"},{"taxonomy":"product_tag","embeddable":true,"href":"https:\/\/www.seaflowerstore.com\/de\/wp-json\/wp\/v2\/product_tag?post=86087"}],"curies":[{"name":"wp","href":"https:\/\/api.w.org\/{rel}","templated":true}]}}