{"id":86089,"date":"2020-02-06T10:46:37","date_gmt":"2020-02-06T09:46:37","guid":{"rendered":"https:\/\/www.seaflowerstore.com\/nl\/acroglow-korallen-zucht\/"},"modified":"2024-03-19T15:33:20","modified_gmt":"2024-03-19T14:33:20","slug":"acroglow-korallen-zucht","status":"publish","type":"product","link":"https:\/\/www.seaflowerstore.com\/de\/acroglow-korallen-zucht\/","title":{"rendered":"AcroGlow Korallen Zucht"},"content":{"rendered":"<h2>Korallen Zucht Acro Glow promotes recovery and very good coloration especially of Acropora Sp.<\/h2>\n<p>Acro Glow wurde entwickelt, um die Erholung und leuchtende F\u00e4rbung von Acropora-Arten zu unterst\u00fctzen. Die t\u00e4gliche Dosierung tr\u00e4gt erheblich zur Akklimatisierung und Erhaltung von S\u00fcdseekorallen aus Fidschi, Tonga oder Australien bei, vorausgesetzt, die wichtigsten Wasserparameter sind geeignet. Dieses Produkt hilft, die urspr\u00fcngliche F\u00e4rbung dieser Korallen wiederherzustellen.<\/p>\n<p>Beispielsweise k\u00f6nnen Acropora Millepora-Arten ihre atemberaubenden zwei oder drei Farben zur\u00fcckgewinnen. Es ver\u00e4ndert die nat\u00fcrliche F\u00e4rbung nicht, sondern verst\u00e4rkt und verj\u00fcngt sie. Dar\u00fcber hinaus k\u00f6nnen die gelben Farbt\u00f6ne von Acropora erhalten bleiben.<\/p>\n<p><strong>Dosierung:<\/strong> Verabreichen Sie t\u00e4glich 1 Tropfen pro 100 Liter Wasser. Diese Dosierung kann f\u00fcr einen kurzen Zeitraum verdoppelt werden, wenn die Korallen eine positive Reaktion zeigen. Danach ist es ratsam, zur normalen Dosierung zur\u00fcckzukehren.<\/p>\n","protected":false},"excerpt":{"rendered":"<p>Korallen Zucht Acro Glow promotes recovery and very good coloration especially of Acropora Sp.<\/p>\n","protected":false},"featured_media":82565,"template":"","meta":[],"pwb-brand":[2159],"product_cat":[1391,515],"product_tag":[],"class_list":{"0":"post-86089","1":"product","2":"type-product","3":"status-publish","4":"has-post-thumbnail","6":"pwb-brand-korallen-zucht","7":"product_cat-ergaenzungen","8":"product_cat-additives","9":"pa_content-10-ml","10":"pa_content-1000-ml","11":"pa_inhoud-10-ml-de","12":"pa_inhoud-1000-ml-de","13":"pa_inhoud-250-ml-de","14":"pa_inhoud-50-ml-de","15":"pa_inhoud-500-ml-de","16":"pa_show-myparcel-options-male-de","18":"first","19":"instock","20":"taxable","21":"shipping-taxable","22":"purchasable","23":"product-type-variable"},"acf":[],"brands":[{"id":2159,"name":"Korallen Zucht","slug":"korallen-zucht"}],"_links":{"self":[{"href":"https:\/\/www.seaflowerstore.com\/de\/wp-json\/wp\/v2\/product\/86089","targetHints":{"allow":["GET"]}}],"collection":[{"href":"https:\/\/www.seaflowerstore.com\/de\/wp-json\/wp\/v2\/product"}],"about":[{"href":"https:\/\/www.seaflowerstore.com\/de\/wp-json\/wp\/v2\/types\/product"}],"wp:featuredmedia":[{"embeddable":true,"href":"https:\/\/www.seaflowerstore.com\/de\/wp-json\/wp\/v2\/media\/82565"}],"wp:attachment":[{"href":"https:\/\/www.seaflowerstore.com\/de\/wp-json\/wp\/v2\/media?parent=86089"}],"wp:term":[{"taxonomy":"pwb-brand","embeddable":true,"href":"https:\/\/www.seaflowerstore.com\/de\/wp-json\/wp\/v2\/pwb-brand?post=86089"},{"taxonomy":"product_cat","embeddable":true,"href":"https:\/\/www.seaflowerstore.com\/de\/wp-json\/wp\/v2\/product_cat?post=86089"},{"taxonomy":"product_tag","embeddable":true,"href":"https:\/\/www.seaflowerstore.com\/de\/wp-json\/wp\/v2\/product_tag?post=86089"}],"curies":[{"name":"wp","href":"https:\/\/api.w.org\/{rel}","templated":true}]}}