{"id":86093,"date":"2020-02-03T19:49:20","date_gmt":"2020-02-03T18:49:20","guid":{"rendered":"https:\/\/www.seaflowerstore.com\/nl\/aqua-medic-carbolit-4mm-pellets\/"},"modified":"2025-09-06T12:24:14","modified_gmt":"2025-09-06T10:24:14","slug":"aqua-medic-carbolit-4mm-pellets","status":"publish","type":"product","link":"https:\/\/www.seaflowerstore.com\/de\/aqua-medic-carbolit-4mm-pellets\/","title":{"rendered":"Aqua Medic Carbolit 4mm pellets"},"content":{"rendered":"<h2>Aqua Medic Carbolit 3.5 kg \/ 4.9 L, 4 mm pellets is an Activated carbon pellets for freshwater and seawater aquariums for purifying aquarium water<\/h2>\n<p><strong>Carbolit<\/strong> ist eine hochwirksame Aktivkohle in praktischer Granulatform von 4 mm. Es wirkt schnell und macht Ihr Aquarienwasser klar und sauber, indem es Farbstoffe, Tr\u00fcbungen und Medikamentenr\u00fcckst\u00e4nde entfernt.<\/p>\n<p><strong>Carbolit<\/strong> ist nicht nur ideal f\u00fcr sofortige Ergebnisse, sondern kann auch als langfristiges Filtermaterial dienen. Wenn sich Bakterien auf dem Granulat ansiedeln, fungiert es als biologisches Filtersubstrat und arbeitet sowohl aerob als auch anaerob.<\/p>\n<p>Dieses Produkt ist pH-neutral und daher sowohl f\u00fcr Meer- als auch S\u00fc\u00dfwasseraquarien geeignet. Sie finden <strong>Carbolit<\/strong> in den folgenden Gr\u00f6\u00dfen:<\/p>\n<ul>\n<li>500 g \/ 0,7 l<\/li>\n<li>3,5 kg \/ 4,9 l<\/li>\n<\/ul>\n","protected":false},"excerpt":{"rendered":"<p>Aqua Medic Carbolit 4 mm pellets is an Activated carbon pellets for freshwater and seawater aquariums for purifying aquarium water<\/p>\n","protected":false},"featured_media":82558,"template":"","meta":[],"pwb-brand":[2149],"product_cat":[1394,1495,1488,1492],"product_tag":[],"class_list":{"0":"post-86093","1":"product","2":"type-product","3":"status-publish","4":"has-post-thumbnail","6":"pwb-brand-aqua-medic","7":"product_cat-aktivkohle","8":"product_cat-aquariumfilter","9":"product_cat-pflege","10":"product_cat-suesswasser","11":"pa_content-35-kg","12":"pa_content-500-gr","13":"pa_inhoud-35-kg-de","14":"pa_inhoud-500-gr-de","15":"pa_show-myparcel-options-male-de","17":"first","18":"instock","19":"taxable","20":"shipping-taxable","21":"purchasable","22":"product-type-variable"},"acf":[],"brands":[{"id":2149,"name":"Aqua Medic","slug":"aqua-medic"}],"_links":{"self":[{"href":"https:\/\/www.seaflowerstore.com\/de\/wp-json\/wp\/v2\/product\/86093","targetHints":{"allow":["GET"]}}],"collection":[{"href":"https:\/\/www.seaflowerstore.com\/de\/wp-json\/wp\/v2\/product"}],"about":[{"href":"https:\/\/www.seaflowerstore.com\/de\/wp-json\/wp\/v2\/types\/product"}],"wp:featuredmedia":[{"embeddable":true,"href":"https:\/\/www.seaflowerstore.com\/de\/wp-json\/wp\/v2\/media\/82558"}],"wp:attachment":[{"href":"https:\/\/www.seaflowerstore.com\/de\/wp-json\/wp\/v2\/media?parent=86093"}],"wp:term":[{"taxonomy":"pwb-brand","embeddable":true,"href":"https:\/\/www.seaflowerstore.com\/de\/wp-json\/wp\/v2\/pwb-brand?post=86093"},{"taxonomy":"product_cat","embeddable":true,"href":"https:\/\/www.seaflowerstore.com\/de\/wp-json\/wp\/v2\/product_cat?post=86093"},{"taxonomy":"product_tag","embeddable":true,"href":"https:\/\/www.seaflowerstore.com\/de\/wp-json\/wp\/v2\/product_tag?post=86093"}],"curies":[{"name":"wp","href":"https:\/\/api.w.org\/{rel}","templated":true}]}}