{"id":86099,"date":"2020-01-30T09:49:25","date_gmt":"2020-01-30T08:49:25","guid":{"rendered":"https:\/\/www.seaflowerstore.com\/nl\/kessil-90gr-k-link-usb-cable\/"},"modified":"2024-03-19T15:01:49","modified_gmt":"2024-03-19T14:01:49","slug":"kessil-90gr-k-link-usb-cable","status":"publish","type":"product","link":"https:\/\/www.seaflowerstore.com\/de\/kessil-90gr-k-link-usb-cable\/","title":{"rendered":"Kessil 90gr K-Link USB Cable"},"content":{"rendered":"<h2>Kessil 90gr K-Link USB Cable &#8211; 3meter<\/h2>\n<p>Das Kessil 90\u00b0 K-Link USB-Kabel ist f\u00fcr den Anschluss von Kessil A360X-LEDs untereinander oder an den Spectral Controller X konzipiert. Mit einer L\u00e4nge von 3 Metern (10 Zoll) ohne Anschl\u00fcsse ist dieses Kabel perfekt f\u00fcr Ihre Anforderungen.<\/p>\n<p><strong>Steckertypen:<\/strong> USB-Typ-C-Anschluss an USB-Typ-C-Anschluss<\/p>\n<p><strong>Kompatibel mit:<\/strong> Spectral Controller X, A360X<\/p>\n","protected":false},"excerpt":{"rendered":"<p>The Kessil 90 degrees\u00a0 K-Link USB Cable connects Kessil A360X LEDs to each other or to the Spectral Controller X.<\/p>\n","protected":false},"featured_media":82549,"template":"","meta":[],"pwb-brand":[2185],"product_cat":[1537],"product_tag":[],"class_list":{"0":"post-86099","1":"product","2":"type-product","3":"status-publish","4":"has-post-thumbnail","6":"pwb-brand-kessil","7":"product_cat-aquarientechnik","8":"pa_show-myparcel-options-male-de","10":"first","11":"instock","12":"taxable","13":"shipping-taxable","14":"purchasable","15":"product-type-simple"},"acf":[],"brands":[{"id":2185,"name":"Kessil","slug":"kessil"}],"_links":{"self":[{"href":"https:\/\/www.seaflowerstore.com\/de\/wp-json\/wp\/v2\/product\/86099","targetHints":{"allow":["GET"]}}],"collection":[{"href":"https:\/\/www.seaflowerstore.com\/de\/wp-json\/wp\/v2\/product"}],"about":[{"href":"https:\/\/www.seaflowerstore.com\/de\/wp-json\/wp\/v2\/types\/product"}],"wp:featuredmedia":[{"embeddable":true,"href":"https:\/\/www.seaflowerstore.com\/de\/wp-json\/wp\/v2\/media\/82549"}],"wp:attachment":[{"href":"https:\/\/www.seaflowerstore.com\/de\/wp-json\/wp\/v2\/media?parent=86099"}],"wp:term":[{"taxonomy":"pwb-brand","embeddable":true,"href":"https:\/\/www.seaflowerstore.com\/de\/wp-json\/wp\/v2\/pwb-brand?post=86099"},{"taxonomy":"product_cat","embeddable":true,"href":"https:\/\/www.seaflowerstore.com\/de\/wp-json\/wp\/v2\/product_cat?post=86099"},{"taxonomy":"product_tag","embeddable":true,"href":"https:\/\/www.seaflowerstore.com\/de\/wp-json\/wp\/v2\/product_tag?post=86099"}],"curies":[{"name":"wp","href":"https:\/\/api.w.org\/{rel}","templated":true}]}}