{"id":86100,"date":"2020-01-30T09:32:27","date_gmt":"2020-01-30T08:32:27","guid":{"rendered":"https:\/\/www.seaflowerstore.com\/nl\/kessil-spectral-controller-x\/"},"modified":"2024-03-19T15:01:47","modified_gmt":"2024-03-19T14:01:47","slug":"kessil-spectral-controller-x","status":"publish","type":"product","link":"https:\/\/www.seaflowerstore.com\/de\/kessil-spectral-controller-x\/","title":{"rendered":"Kessil Spectral Controller X"},"content":{"rendered":"<h2>Kessil Spectral Controller X for control of the Kessil A360X LEDs and all the 0~10V Kessil lights is equipped with flawless touch control and a vivid color display<\/h2>\n<p>Der Kessil Spectral Controller X ist ein intuitives Ger\u00e4t, das f\u00fcr Kessil A360X LEDs und alle Kessil 0~10V-Leuchten entwickelt wurde. Er verf\u00fcgt \u00fcber eine einwandfreie Touch-Steuerung sowie ein lebendiges Farbdisplay, sodass Sie Ihre Beleuchtung ganz einfach per Knopfdruck steuern k\u00f6nnen. Seine benutzerfreundliche Programmierung erm\u00f6glicht zahllose Anpassungsoptionen ohne gro\u00dfen Aufwand.<\/p>\n<p>Das schlanke, moderne Design des Controllers sorgt daf\u00fcr, dass er sich wunderbar in Ihr Aquarium-Setup einf\u00fcgt, ohne das Gesamtbild zu st\u00f6ren.<\/p>\n<ul>\n<li><strong>K-Link-Kommunikation:<\/strong> Diese verbesserte Kommunikationsmethode verbessert die Plug-and-Play-Funktionalit\u00e4t von 0~10V und erm\u00f6glicht es Benutzern, mehrere A360X-Leuchten (bis zu 32 pro Kette) anzuschlie\u00dfen und individuelle Gruppen mit ihren eigenen Programmen zu erstellen. K-Link unterst\u00fctzt auch bidirektionale Kommunikation, sodass der Spectral Controller X die Anzahl der Lichter im Netzwerk und deren Status erkennen kann.<\/li>\n<li><strong>Anschl\u00fcsse:<\/strong> Der Controller verf\u00fcgt \u00fcber einen K-Link-Anschluss und einen 0~10-V-Ausgangsanschluss. Der K-Link-Anschluss wird mit dem A360X verbunden, w\u00e4hrend der 0~10-V-Anschluss f\u00fcr die 0~10-V-Leuchten von Kessil vorgesehen ist. Bitte beachten Sie, dass f\u00fcr den Betrieb des Kessil Spectral Controller X mit 0~10-V-Leuchten ein USB-Netzteil (nicht im Lieferumfang enthalten) erforderlich ist.<\/li>\n<li><strong>Programmmodi:<\/strong> Der Controller verf\u00fcgt \u00fcber drei anpassbare Lichtplanoptionen, die auf die Anforderungen einzelner Tanks zugeschnitten sind. Sie k\u00f6nnen bis zu 12 einzigartige Programme erstellen.<\/li>\n<li><strong>Schnelleinstellungsmodus:<\/strong> In diesem Modus k\u00f6nnen Sie spezielle Morgen- und Abendd\u00e4mmerungseffekte erzeugen, indem Sie Lichtintensit\u00e4t und -farbe zu acht verschiedenen Zeitpunkten anpassen.<\/li>\n<li><strong>Akklimatisierungsmodus:<\/strong> Diese Funktion vereinfacht die Einf\u00fchrung neuer Lichter in ein Aquarium oder neuer Korallen in ein vorhandenes Setup mit einem anpassbaren Akklimatisierungszeitplan, der den spezifischen Anforderungen entspricht.<\/li>\n<li><strong>Mondzyklus:<\/strong> Simulieren Sie nat\u00fcrliche Mondlichtzyklen mit f\u00fcnf Phasen: Neumond, zunehmender Halbmond, zunehmendes Viertel, zunehmender Dreiviertelmond und Vollmond.<\/li>\n<li><strong>Manueller Modus:<\/strong> Passen Sie Farbe und Intensit\u00e4t sofort an, um die Beleuchtung nach Bedarf anzupassen.<\/li>\n<\/ul>\n<p><strong>Technische Daten:<\/strong><\/p>\n<ul>\n<li>Gewicht: 0,26 lb \/ 120 g<\/li>\n<li>Abmessungen (L x B x H): 5,6&#8243; x 2,5&#8243; x 0,56&#8243; (142 x 63 x 14 mm)<\/li>\n<\/ul>\n<p><strong>Lieferumfang:<\/strong><\/p>\n<ul>\n<li>1x Kessil Spectral Controller X<\/li>\n<li>1x Magnetische R\u00fcckplatte<\/li>\n<li>1x Micro-USB-Kabel<\/li>\n<li>1x K-Link-Kabel (10 Fu\u00df \/ 3 m)<\/li>\n<li>2x Schrauben<\/li>\n<li>2x Nylonanker<\/li>\n<\/ul>\n<p><strong>NICHT INBEGRIFFEN:<\/strong><\/p>\n<ul>\n<li>USB-Netzadapter<\/li>\n<li>0~10V Unit Link-Kabel f\u00fcr 0~10V-Leuchten<\/li>\n<\/ul>\n","protected":false},"excerpt":{"rendered":"<p>Kessil Spectral Controller X for control of the Kessil A360X LEDs and all the 0~10V Kessil lights is equipped with flawless touch control and a vivid color display<\/p>\n","protected":false},"featured_media":82547,"template":"","meta":[],"pwb-brand":[2185],"product_cat":[1393,1384],"product_tag":[],"class_list":{"0":"post-86100","1":"product","2":"type-product","3":"status-publish","4":"has-post-thumbnail","6":"pwb-brand-kessil","7":"product_cat-beleuchtungszubehoer","8":"product_cat-led-de","9":"pa_show-myparcel-options-male-de","11":"first","12":"instock","13":"taxable","14":"shipping-taxable","15":"purchasable","16":"product-type-simple"},"acf":[],"brands":[{"id":2185,"name":"Kessil","slug":"kessil"}],"_links":{"self":[{"href":"https:\/\/www.seaflowerstore.com\/de\/wp-json\/wp\/v2\/product\/86100","targetHints":{"allow":["GET"]}}],"collection":[{"href":"https:\/\/www.seaflowerstore.com\/de\/wp-json\/wp\/v2\/product"}],"about":[{"href":"https:\/\/www.seaflowerstore.com\/de\/wp-json\/wp\/v2\/types\/product"}],"wp:featuredmedia":[{"embeddable":true,"href":"https:\/\/www.seaflowerstore.com\/de\/wp-json\/wp\/v2\/media\/82547"}],"wp:attachment":[{"href":"https:\/\/www.seaflowerstore.com\/de\/wp-json\/wp\/v2\/media?parent=86100"}],"wp:term":[{"taxonomy":"pwb-brand","embeddable":true,"href":"https:\/\/www.seaflowerstore.com\/de\/wp-json\/wp\/v2\/pwb-brand?post=86100"},{"taxonomy":"product_cat","embeddable":true,"href":"https:\/\/www.seaflowerstore.com\/de\/wp-json\/wp\/v2\/product_cat?post=86100"},{"taxonomy":"product_tag","embeddable":true,"href":"https:\/\/www.seaflowerstore.com\/de\/wp-json\/wp\/v2\/product_tag?post=86100"}],"curies":[{"name":"wp","href":"https:\/\/api.w.org\/{rel}","templated":true}]}}