{"id":86101,"date":"2020-01-30T09:23:56","date_gmt":"2020-01-30T08:23:56","guid":{"rendered":"https:\/\/www.seaflowerstore.com\/nl\/kessil-a360x-tuna-blue-aquarium-led\/"},"modified":"2024-03-19T15:01:45","modified_gmt":"2024-03-19T14:01:45","slug":"kessil-a360x-tuna-blue-aquarium-led","status":"publish","type":"product","link":"https:\/\/www.seaflowerstore.com\/de\/kessil-a360x-tuna-blue-aquarium-led\/","title":{"rendered":"Kessil A360X Tuna Blue aquarium LED"},"content":{"rendered":"<h2>Kessil A360X Tuna Blue aquarium LED verlichting<\/h2>\n<p>Die Kessil A360X Tuna Blue LED ist die neueste Version der beliebten Kessil A360 Tuna Blue und ideal f\u00fcr Salzwasseraquarien. Sie verf\u00fcgt \u00fcber ein schlankes, flaches Design und bietet dank eines verbesserten Sonnenblumen-K\u00fchlk\u00f6rpers eine h\u00f6here Lichtleistung. Das bedeutet, dass Sie eine gr\u00f6\u00dfere Auswahl an Farboptionen f\u00fcr Ihr Aquarium genie\u00dfen k\u00f6nnen und dennoch von einer hervorragenden Kernspektrumleistung profitieren.<\/p>\n<p>Die Kessil 360X erm\u00f6glicht sanftere Farb\u00fcberg\u00e4nge und Dimmen, einschlie\u00dflich eines Mondlichteffekts. Ihre intelligente K-Link-Kommunikationsmethode ist eine gro\u00dfartige Verbesserung gegen\u00fcber den vorherigen Plug-and-Play-0-10-V-Systemen und erm\u00f6glicht es Ihnen, mehrere Kessil A360X-Leuchten anzuschlie\u00dfen und sie so einzustellen, dass sie in Gruppen mit ihren eigenen individuellen Programmen betrieben werden.<\/p>\n<p>Sie k\u00f6nnen mit der A360X auch optisches Zubeh\u00f6r verwenden, um das Licht zu formen, was Ihnen die Flexibilit\u00e4t gibt, das Erscheinungsbild Ihres Aquariums Ihren Vorstellungen entsprechend anzupassen. Die neueste Optik und das Dense Matrix LED-Array sorgen f\u00fcr eine breitere Lichtverteilung und helfen, Schatten zu vermeiden. So entsteht eine leistungsstarke Lichtquelle, die bei den meisten Riff-Setups 24 bis 30 Zoll unter die Wasseroberfl\u00e4che eindringen kann. Wenn Sie noch mehr Licht ben\u00f6tigen, sollten Sie den optionalen schmalen Reflektor als Zubeh\u00f6r verwenden.<\/p>\n<p>Das bekannte Tuna Blue-Spektrum f\u00f6rdert laut Anwendern das Korallenwachstum und verbessert die F\u00e4rbung. Mit Kessil Logic\u2122 k\u00f6nnen Sie sich auf eine konstante Leistungsabgabe und Korallenwachstum \u00fcber das gesamte einstellbare Spektrum verlassen.<\/p>\n<p>Verschiedene Wellenl\u00e4ngen verschmelzen nahtlos in einem einzigen LED-Array und sorgen so f\u00fcr eine gleichm\u00e4\u00dfige Farbe \u00fcber den gesamten Abdeckungsbereich. Dar\u00fcber hinaus k\u00f6nnen Benutzer ihr Erlebnis verbessern, indem sie Rot, Gr\u00fcn und Violett+Indigo (Lila) mithilfe des Spectral Controller X oder des Kessil WiFi Dongle integrieren.<\/p>\n<p>Der Kessil-Schimmereffekt verleiht Ihrem Tank ein atemberaubendes, nat\u00fcrliches, sonnenbeschienenes Aussehen und imitiert das strahlende Schimmern einer Metallhalogenid-Leuchte, als h\u00e4tten Sie ein St\u00fcck Ozean in Ihr Zuhause gebracht.<\/p>\n<p>Dieses Licht ist mit externen 0-10-V-Controllern kompatibel, sodass Sie mehrere Einheiten in Reihe schalten k\u00f6nnen, um sie einfach von einer einzigen Quelle aus zu verwalten. Im manuellen Modus k\u00f6nnen Sie das Spektrum und die Intensit\u00e4t sofort anpassen, um sie bei Bedarf anzupassen. Die Schnelleinstellungsfunktion erzeugt einzigartige Morgen- und Abendd\u00e4mmerungseffekte, indem sie die Lichtintensit\u00e4t und -farbe zu sechs verschiedenen Zeitpunkten \u00e4ndert. Der Akklimatisierungsmodus macht das Einsetzen neuer Lichter oder Korallen in Ihr Aquarium zum Kinderspiel, mit einem anpassbaren Zeitplan, der Ihren spezifischen Anforderungen entspricht.<\/p>\n<p>Das innovative W\u00e4rmemanagementsystem erh\u00f6ht nicht nur die Lebensdauer, sondern verbessert auch die Effizienz.<\/p>\n<p><strong>Technische Daten:<\/strong><\/p>\n<ul>\n<li>Abmessungen: 4,3\u201d x 2,1\u201d \/ 110 x 53 mm<\/li>\n<li>Ger\u00e4tegewicht: 0,8 lb \/ 370 g<\/li>\n<li>Spektrum: Deep Ocean Blue bis Sky Blue + RGB<\/li>\n<li>Stromversorgung: 100-240 V AC (Eingang), 19 V DC (Ausgang)<\/li>\n<li>Stromverbrauch: 90 W max<\/li>\n<\/ul>\n<p><strong>Lieferumfang:<\/strong><\/p>\n<ul>\n<li>1x Kessil A360X Tuna Blue LED<\/li>\n<li>1x Netzteil<\/li>\n<li>1x AC-Adapterkabel<\/li>\n<li>1x DC-Verl\u00e4ngerungskabel<\/li>\n<li>1x Aufh\u00e4ngering<\/li>\n<li>2x Metall-Schraubhaken<\/li>\n<li>2x Aufh\u00e4ngehalterung<\/li>\n<\/ul>\n","protected":false},"excerpt":{"rendered":"<p>Kessil A360X Tuna Blue aquarium LED for saltwater aquariums<\/p>\n","protected":false},"featured_media":82544,"template":"","meta":[],"pwb-brand":[2185],"product_cat":[1384],"product_tag":[],"class_list":{"0":"post-86101","1":"product","2":"type-product","3":"status-publish","4":"has-post-thumbnail","6":"pwb-brand-kessil","7":"product_cat-led-de","8":"pa_show-myparcel-options-male-de","10":"first","11":"outofstock","12":"taxable","13":"shipping-taxable","14":"purchasable","15":"product-type-simple"},"acf":[],"brands":[{"id":2185,"name":"Kessil","slug":"kessil"}],"_links":{"self":[{"href":"https:\/\/www.seaflowerstore.com\/de\/wp-json\/wp\/v2\/product\/86101","targetHints":{"allow":["GET"]}}],"collection":[{"href":"https:\/\/www.seaflowerstore.com\/de\/wp-json\/wp\/v2\/product"}],"about":[{"href":"https:\/\/www.seaflowerstore.com\/de\/wp-json\/wp\/v2\/types\/product"}],"wp:featuredmedia":[{"embeddable":true,"href":"https:\/\/www.seaflowerstore.com\/de\/wp-json\/wp\/v2\/media\/82544"}],"wp:attachment":[{"href":"https:\/\/www.seaflowerstore.com\/de\/wp-json\/wp\/v2\/media?parent=86101"}],"wp:term":[{"taxonomy":"pwb-brand","embeddable":true,"href":"https:\/\/www.seaflowerstore.com\/de\/wp-json\/wp\/v2\/pwb-brand?post=86101"},{"taxonomy":"product_cat","embeddable":true,"href":"https:\/\/www.seaflowerstore.com\/de\/wp-json\/wp\/v2\/product_cat?post=86101"},{"taxonomy":"product_tag","embeddable":true,"href":"https:\/\/www.seaflowerstore.com\/de\/wp-json\/wp\/v2\/product_tag?post=86101"}],"curies":[{"name":"wp","href":"https:\/\/api.w.org\/{rel}","templated":true}]}}