{"id":86103,"date":"2020-01-26T20:21:52","date_gmt":"2020-01-26T19:21:52","guid":{"rendered":"https:\/\/www.seaflowerstore.com\/nl\/base-rock-indonesia-box-18-20kg\/"},"modified":"2024-03-19T15:01:45","modified_gmt":"2024-03-19T14:01:45","slug":"base-rock-indonesia-box-18-20kg","status":"publish","type":"product","link":"https:\/\/www.seaflowerstore.com\/de\/base-rock-indonesia-box-18-20kg\/","title":{"rendered":"Base Rock Indonesia box 18-20kg"},"content":{"rendered":"<h2>Dry Base Rock Indonesia box 18-20kg to make a beautiful aquascape for your reef tank<\/h2>\n<p>Entdecken Sie mehrere St\u00fccke <strong>Dry Base Rock<\/strong>, um eine atemberaubende Unterwasserlandschaft f\u00fcr Ihr Riffbecken zu schaffen. Sie werden auf diesem Gestein keine unerw\u00fcnschten Phosphate oder Sch\u00e4dlinge finden.<\/p>\n<p>Dry Base Rock dient sowohl als Aquascaping-Material als auch als Biofiltermedium. Man kann mit Sicherheit sagen, dass lebendes Gestein eine entscheidende Rolle in Ihrem Aquarium spielt. Wir streben danach, dass es so nat\u00fcrlich wie m\u00f6glich aussieht und sich so verh\u00e4lt. Wirklich \u201elebendes\u201c Gestein kann nur so gut sein wie das Dry Base Rock, auf dem Sie es bauen.<\/p>\n<p>F\u00fcr Riffaquarien ist die ideale Unterkonstruktion diejenige, auf der Korallen in freier Wildbahn wachsen: Natural Base Rock. Dieses Gestein besteht haupts\u00e4chlich aus Kalziumkarbonatskeletten, die von fr\u00fcheren Steinkorallenbewohnern hinterlassen wurden. Tats\u00e4chlich bestehen Korallenriffe haupts\u00e4chlich aus Grundgestein, mit nur einer relativ d\u00fcnnen Schicht lebender Korallen auf der Oberfl\u00e4che.<\/p>\n<p>Aufgrund seiner zahlreichen kleinen Taschen und winzigen Poren kann frisch abgelagertes Material viele \u00f6kologisch n\u00fctzliche Organismen beherbergen, von nitrifizierenden und denitrifizierenden Bakterien bis hin zu Mikrokrebstieren wie Ruderfu\u00dfkrebsen.<\/p>\n<p>Eine Kiste enth\u00e4lt 18\u201320 kg 12\u201330 cm gro\u00dfe Steine \u200b\u200b(5\u20138 Steine). Diese Steine \u200b\u200bk\u00f6nnen einfach mit StoneFix verklebt werden.<\/p>\n","protected":false},"excerpt":{"rendered":"<p>Dry Base Rock Indonesia box 18-20kg to make a beautifull aquascape for your reeftank<\/p>\n","protected":false},"featured_media":82538,"template":"","meta":[],"pwb-brand":[2161],"product_cat":[1566,1386,1534],"product_tag":[],"class_list":{"0":"post-86103","1":"product","2":"type-product","3":"status-publish","4":"has-post-thumbnail","6":"pwb-brand-seaflower","7":"product_cat-beliebte-produkte","8":"product_cat-steine","9":"product_cat-verschiedene","10":"pa_show-myparcel-options-male-de","12":"first","13":"instock","14":"taxable","15":"shipping-taxable","16":"purchasable","17":"product-type-simple"},"acf":[],"brands":[{"id":2161,"name":"Seaflower","slug":"seaflower"}],"_links":{"self":[{"href":"https:\/\/www.seaflowerstore.com\/de\/wp-json\/wp\/v2\/product\/86103","targetHints":{"allow":["GET"]}}],"collection":[{"href":"https:\/\/www.seaflowerstore.com\/de\/wp-json\/wp\/v2\/product"}],"about":[{"href":"https:\/\/www.seaflowerstore.com\/de\/wp-json\/wp\/v2\/types\/product"}],"wp:featuredmedia":[{"embeddable":true,"href":"https:\/\/www.seaflowerstore.com\/de\/wp-json\/wp\/v2\/media\/82538"}],"wp:attachment":[{"href":"https:\/\/www.seaflowerstore.com\/de\/wp-json\/wp\/v2\/media?parent=86103"}],"wp:term":[{"taxonomy":"pwb-brand","embeddable":true,"href":"https:\/\/www.seaflowerstore.com\/de\/wp-json\/wp\/v2\/pwb-brand?post=86103"},{"taxonomy":"product_cat","embeddable":true,"href":"https:\/\/www.seaflowerstore.com\/de\/wp-json\/wp\/v2\/product_cat?post=86103"},{"taxonomy":"product_tag","embeddable":true,"href":"https:\/\/www.seaflowerstore.com\/de\/wp-json\/wp\/v2\/product_tag?post=86103"}],"curies":[{"name":"wp","href":"https:\/\/api.w.org\/{rel}","templated":true}]}}