{"id":86110,"date":"2020-01-21T16:51:34","date_gmt":"2020-01-21T15:51:34","guid":{"rendered":"https:\/\/www.seaflowerstore.com\/nl\/aquarium-muenster-aquavital-bactosprint-3x10-ml-0-8-g-6-weeks-cure\/"},"modified":"2024-03-19T15:01:37","modified_gmt":"2024-03-19T14:01:37","slug":"aquarium-muenster-aquavital-bactosprint-3x10-ml-0-8-g-6-weeks-cure","status":"publish","type":"product","link":"https:\/\/www.seaflowerstore.com\/de\/aquarium-muenster-aquavital-bactosprint-3x10-ml-0-8-g-6-weeks-cure\/","title":{"rendered":"Aquarium M\u00fcnster Aquavital Bactosprint 3&#215;10 ml + 0.8 g 6-weeks cure"},"content":{"rendered":"<h2>Aquarium M\u00fcnster Aquavital Bactosprint 10 ml + 0.8 g<\/h2>\n<p>Aquarium M\u00fcnster Aquavital Bactosprint ist ein fantastisches Produkt, das zwei wesentliche Komponenten vereint. Es nutzt eine wirksame Bakterienkultur, um ein optimales \u00d6kosystem zu schaffen, das zu kristallklarem, algenfreiem Wasser f\u00fchrt. Das Produkt wird in einer versiegelten Kapsel geliefert, die eine ausgewogene Mischung aus Bakterien und Enzymen enth\u00e4lt, die gefriergetrocknet sind, um eine lange Haltbarkeit zu gew\u00e4hrleisten. Sobald Sie die Kappe drehen, \u00f6ffnet sich die Kapsel und aktiviert die Bakterien in einer N\u00e4hrl\u00f6sung.<\/p>\n<p>Aquarium M\u00fcnster Aquavital Bactosprint eignet sich perfekt f\u00fcr:<\/p>\n<ul>\n<li>Inbetriebnahme eines neuen Aquariensystems (es verk\u00fcrzt die \u201eEinrichtungsphase\u201c des Aquariums)<\/li>\n<li>Nach der Reinigung oder dem Austausch aller oder einiger Filtermedien<\/li>\n<li>Behebung mikrobiologischer Probleme aufgrund medizinischer Behandlungen<\/li>\n<li>Korrektur von Ungleichgewichten im \u00d6kosystem (Ammonium\/Ammoniak, Nitrit, Nitrat)<\/li>\n<li>Regelm\u00e4\u00dfige St\u00e4rkung des \u00d6kosystems (wir empfehlen eine zweiw\u00f6chentliche Anwendung)<\/li>\n<\/ul>\n<p>Um ein gesundes Wachstum von Fischen und Pflanzen zu gew\u00e4hrleisten, muss ein Aquarium wie ein nat\u00fcrliches \u00d6kosystem funktionieren. Filtersysteme sind unerl\u00e4sslich, um kristallklares Wasser zu erhalten und Abfall, abgestorbenes Pflanzenmaterial und Fischfutterreste abzubauen. Dieser Abbau wird von verschiedenen Bakterien durchgef\u00fchrt, die mit anderen Mikroorganismen im Filter und Aquarienboden eine komplexe biologische Einheit bilden. Nur wenn f\u00fcr alle drei Abbauschritte die richtigen Mikroorganismen in ausreichender Menge vorhanden sind, ist ein stabiles biologisches Gleichgewicht gegeben. Kommt der Abbauprozess durch einen Mangel an den entsprechenden Mikroorganismen ins Stocken, kann es zu einem Ungleichgewicht und erh\u00f6hten Schadstoffwerten kommen.<\/p>\n<p><strong>Anwendung und Dosierung f\u00fcr Aquarium M\u00fcnster Aquavital Bactosprint:<\/strong><\/p>\n<p>Wir empfehlen eine regelm\u00e4\u00dfige Anwendung alle zwei Wochen oder nach Bedarf. Zur Aktivierung des Bakterien-\/Enzympr\u00e4parats einfach die Kapsel im Uhrzeigersinn drehen, um die Versiegelung aufzubrechen, anschlie\u00dfend die Flasche kurz sch\u00fctteln. Bei Zimmertemperatur ca. 30 Minuten stehen lassen. W\u00e4hrend dieser Zeit werden die Bakterien aktiviert und k\u00f6nnen dann in den Filter oder direkt ins Aquarium gegeben werden.<\/p>\n<p><strong>Dieses Produkt reicht f\u00fcr Aquarien bis 500 Liter Inhalt.<\/strong> Es besteht keine Gefahr einer \u00dcberdosierung, daher k\u00f6nnen Sie die volle Menge auch in kleinere Aquarien geben, da die L\u00f6sung nach der Zubereitung nur eine sehr begrenzte Lebensdauer hat. Es ist normal, dass das Wasser im Aquarium am ersten Tag tr\u00fcb wird, aber keine Sorge \u2013 das ist harmlos und das Wasser wird kurz danach klar.<\/p>\n","protected":false},"excerpt":{"rendered":"<p>Aquarium M\u00fcnster aquavital Bactosprint 10 ml + 0.8 g suitable for up to 500L tank water<\/p>\n","protected":false},"featured_media":82523,"template":"","meta":[],"pwb-brand":[2225],"product_cat":[1484,1486],"product_tag":[],"class_list":{"0":"post-86110","1":"product","2":"type-product","3":"status-publish","4":"has-post-thumbnail","6":"pwb-brand-aquarium-munster","7":"product_cat-bakterien","8":"product_cat-zusatzstoffe","9":"pa_show-myparcel-options-male-de","11":"first","12":"instock","13":"taxable","14":"shipping-taxable","15":"purchasable","16":"product-type-simple"},"acf":[],"brands":[{"id":2225,"name":"Aquarium M\u00fcnster","slug":"aquarium-munster"}],"_links":{"self":[{"href":"https:\/\/www.seaflowerstore.com\/de\/wp-json\/wp\/v2\/product\/86110","targetHints":{"allow":["GET"]}}],"collection":[{"href":"https:\/\/www.seaflowerstore.com\/de\/wp-json\/wp\/v2\/product"}],"about":[{"href":"https:\/\/www.seaflowerstore.com\/de\/wp-json\/wp\/v2\/types\/product"}],"wp:featuredmedia":[{"embeddable":true,"href":"https:\/\/www.seaflowerstore.com\/de\/wp-json\/wp\/v2\/media\/82523"}],"wp:attachment":[{"href":"https:\/\/www.seaflowerstore.com\/de\/wp-json\/wp\/v2\/media?parent=86110"}],"wp:term":[{"taxonomy":"pwb-brand","embeddable":true,"href":"https:\/\/www.seaflowerstore.com\/de\/wp-json\/wp\/v2\/pwb-brand?post=86110"},{"taxonomy":"product_cat","embeddable":true,"href":"https:\/\/www.seaflowerstore.com\/de\/wp-json\/wp\/v2\/product_cat?post=86110"},{"taxonomy":"product_tag","embeddable":true,"href":"https:\/\/www.seaflowerstore.com\/de\/wp-json\/wp\/v2\/product_tag?post=86110"}],"curies":[{"name":"wp","href":"https:\/\/api.w.org\/{rel}","templated":true}]}}