{"id":86111,"date":"2020-01-20T20:10:02","date_gmt":"2020-01-20T19:10:02","guid":{"rendered":"https:\/\/www.seaflowerstore.com\/nl\/kamoer-x1-single-dosing-pump\/"},"modified":"2024-03-19T15:01:35","modified_gmt":"2024-03-19T14:01:35","slug":"kamoer-x1-single-dosing-pump","status":"publish","type":"product","link":"https:\/\/www.seaflowerstore.com\/de\/kamoer-x1-single-dosing-pump\/","title":{"rendered":"Kamoer X1 Single Dosing pump"},"content":{"rendered":"<h2>Kamoer X1 Single Dosing pump<\/h2>\n<p>Kamoer stellt Dosierpumpen f\u00fcr D&#038;D her, und dieses Modell ist identisch mit der D&#038;D P1. Es bietet eine flexible und pr\u00e4zise Steuerung f\u00fcr die Fl\u00fcssigkeitszugabe in Ihr Aquarium. Die mobile Schnittstelle ist benutzerfreundlich und macht die Einrichtung zum Kinderspiel. Sie k\u00f6nnen bis zu vier X1-Dosierer pro Stromversorgung in Reihe schalten.<\/p>\n<p>Die Kamoer X1-Fl\u00fcssigkeitsdosierpumpe ist die neueste, hochmoderne steuerbare Fl\u00fcssigkeitsdosierpumpe von Kamoer. Jede X1 verf\u00fcgt \u00fcber integriertes Bluetooth, sodass Sie sie vollst\u00e4ndig \u00fcber Ihr Mobilger\u00e4t steuern k\u00f6nnen, egal ob es sich um ein iPhone oder Android handelt. Die benutzerfreundliche App hilft Ihnen intuitiv dabei, einzelne oder mehrere X1-Pumpen einzurichten, um jedes gew\u00fcnschte Dosierungsschema einzuhalten.<\/p>\n<h3>X1-Softwarefunktionen:<\/h3>\n<ul>\n<li>F\u00fcgen Sie zur Steuerung mehrere X1-Pumpen hinzu<\/li>\n<li>Verketten Sie bis zu vier X1-Pumpen pro Stromversorgung<\/li>\n<li>Einstellung der Durchflusskalibrierung<\/li>\n<li>Betriebsmodi (Manuell, automatische Schnelleinstellung)<\/li>\n<li>Einfache Einstellung \u2013 Legen Sie Start- und Stoppzeiten f\u00fcr die Dosierung fest (es m\u00fcssen nicht 24 Stunden sein)<\/li>\n<li>Gesamtzahl der zu dosierenden ml \u00fcber den Zeitraum eingeben<\/li>\n<li>Geben Sie die Anzahl der Dosierungen pro Zeitraum ein (bis zu 12 Mal)<\/li>\n<li>W\u00e4hlen Sie eine Dosierung alle 1 \u2013 31 Tage oder an bestimmten Wochentagen<\/li>\n<li>Einstellbares Dosiervolumen im Automatikmodus: 0,5 \u2013 6500,0 ml<\/li>\n<li>Einstellbares Dosiervolumen im manuellen Modus: 0,1 &#8211; 6000,0 ml<\/li>\n<li>Verz\u00f6gerungseinstellung zwischen Kan\u00e4len zur Vermeidung chemischer Interferenzen<\/li>\n<\/ul>\n<p><em>Hinweis:<\/em> Zum Betrieb der Pumpe ist ein Bluetooth-f\u00e4higes Mobilger\u00e4t erforderlich.<\/p>\n<p><strong>X1 Dosierer-Spezifikationen:<\/strong><\/p>\n<ul>\n<li>Dosierkanal: 1<\/li>\n<li>Dosierzeiten: 12 Mal pro Tag &#8211; einmal alle 31 Tage<\/li>\n<li>Fl\u00fcssigkeitsvolumen: 0,1 ml &#8211; 6000 ml<\/li>\n<li>Genauigkeit: &lt;+\/-2%<\/li>\n<li>Pumpenlebensdauer: &gt;2000 Stunden<\/li>\n<li>X1 Pumpenkopfschlauchgr\u00f6\u00dfe: ID*OD 2*4 mm Pharmed BPT-Schlauch<\/li>\n<li>Im Lieferumfang enthalten PVC-Schlauchgr\u00f6\u00dfe: Innendurchmesser x Au\u00dfendurchmesser 3 x 5 mm<\/li>\n<\/ul>\n<p><strong>Im Paket enthalten:<\/strong><\/p>\n<ul>\n<li>X1-Dosierpumpe<\/li>\n<li>Messzylinder<\/li>\n<li>Netzteil \u2013 unterst\u00fctzt bis zu 4 X1-Pumpen<\/li>\n<li>PVC-Schlauch: 3 mm Innendurchmesser \u2013 5 mm Au\u00dfendurchmesser<\/li>\n<\/ul>\n","protected":false},"excerpt":{"rendered":"<p>With an dosing pump Flexible and precise control of liquid additions to your aquarium. Easy to use mobile interface make set up a breeze. Daisy chain up to 4 &#8211; X1 dosers per power supply.<\/p>\n","protected":false},"featured_media":82520,"template":"","meta":[],"pwb-brand":[2275],"product_cat":[1406],"product_tag":[],"class_list":{"0":"post-86111","1":"product","2":"type-product","3":"status-publish","4":"has-post-thumbnail","6":"pwb-brand-kamoer","7":"product_cat-dosierpumpen","8":"pa_show-myparcel-options-male-de","10":"first","11":"outofstock","12":"taxable","13":"shipping-taxable","14":"purchasable","15":"product-type-simple"},"acf":[],"brands":[{"id":2275,"name":"Kamoer","slug":"kamoer"}],"_links":{"self":[{"href":"https:\/\/www.seaflowerstore.com\/de\/wp-json\/wp\/v2\/product\/86111","targetHints":{"allow":["GET"]}}],"collection":[{"href":"https:\/\/www.seaflowerstore.com\/de\/wp-json\/wp\/v2\/product"}],"about":[{"href":"https:\/\/www.seaflowerstore.com\/de\/wp-json\/wp\/v2\/types\/product"}],"wp:featuredmedia":[{"embeddable":true,"href":"https:\/\/www.seaflowerstore.com\/de\/wp-json\/wp\/v2\/media\/82520"}],"wp:attachment":[{"href":"https:\/\/www.seaflowerstore.com\/de\/wp-json\/wp\/v2\/media?parent=86111"}],"wp:term":[{"taxonomy":"pwb-brand","embeddable":true,"href":"https:\/\/www.seaflowerstore.com\/de\/wp-json\/wp\/v2\/pwb-brand?post=86111"},{"taxonomy":"product_cat","embeddable":true,"href":"https:\/\/www.seaflowerstore.com\/de\/wp-json\/wp\/v2\/product_cat?post=86111"},{"taxonomy":"product_tag","embeddable":true,"href":"https:\/\/www.seaflowerstore.com\/de\/wp-json\/wp\/v2\/product_tag?post=86111"}],"curies":[{"name":"wp","href":"https:\/\/api.w.org\/{rel}","templated":true}]}}