{"id":86112,"date":"2020-01-19T15:00:01","date_gmt":"2020-01-19T14:00:01","guid":{"rendered":"https:\/\/www.seaflowerstore.com\/nl\/100-natural-green-seaweed-23gr\/"},"modified":"2024-03-19T15:01:35","modified_gmt":"2024-03-19T14:01:35","slug":"100-natural-green-seaweed-23gr","status":"publish","type":"product","link":"https:\/\/www.seaflowerstore.com\/de\/100-natural-green-seaweed-23gr\/","title":{"rendered":"100% Natural Green Seaweed 23gr"},"content":{"rendered":"<h2>Fauna Marin 100% Natural Green Seaweed 23gr Dried seaweed for all saltwater + freshwater algae grazers! Algae contains essential vitamins, minerals and trace elements that many fish need for daily nutrition.<\/h2>\n<p>Getrocknete und geformte Algenbl\u00e4tter machen die F\u00fctterung Ihrer pflanzenfressenden Meerwasserfische zum Kinderspiel. Diese Algen sind vollgepackt mit lebenswichtigen Vitaminen, Mineralien und Spurenelementen, die f\u00fcr die t\u00e4gliche Ern\u00e4hrung Ihrer Fische entscheidend sind.<\/p>\n<p>Die Algenbl\u00e4tter k\u00f6nnen t\u00e4glich verf\u00fcttert werden. Einfach kleine St\u00fccke abschneiden, kurz in S\u00fc\u00dfwasser einweichen und entweder direkt ins Becken geben oder mit einem Gummiband an einem Stein befestigen.<\/p>\n<p>Die Algenbl\u00e4tter dienen als nahrhafte Erg\u00e4nzung f\u00fcr alle Weidefische, darunter verschiedene Doktorfisch-, Kaiserfisch- und Lippfischarten sowie Riff- und Korallenbarsche und einige Falterfischarten.<\/p>\n<p><strong>ZUTATEN:<\/strong> 100 % getrocknete Meeresalgen<\/p>\n<p><strong>GARANTIERTE ANALYSE<\/strong><\/p>\n<ul>\n<li>Mindestprotein: 24 %<\/li>\n<li>Mindestfett: 3 %<\/li>\n<li>Maximalfaser: 3 %<\/li>\n<li>Maximalfeuchtigkeit: 10 %<\/li>\n<\/ul>\n","protected":false},"excerpt":{"rendered":"<p>Fauna Marin 100% Natural Green Seaweed 23gr Dried seaweed for all saltwarer + freshwater algae grazers! Algae contains essential vitamins, minerals and trace elements that many fish need for daily nutrition.<\/p>\n","protected":false},"featured_media":82519,"template":"","meta":[],"pwb-brand":[2177],"product_cat":[1438,1437],"product_tag":[],"class_list":{"0":"post-86112","1":"product","2":"type-product","3":"status-publish","4":"has-post-thumbnail","6":"pwb-brand-fauna-marin","7":"product_cat-fischfutter","8":"product_cat-fauna-marin-de","9":"pa_show-myparcel-options-male-de","11":"first","12":"outofstock","13":"sale","14":"taxable","15":"shipping-taxable","16":"purchasable","17":"product-type-simple"},"acf":[],"brands":[{"id":2177,"name":"Fauna Marin","slug":"fauna-marin"}],"_links":{"self":[{"href":"https:\/\/www.seaflowerstore.com\/de\/wp-json\/wp\/v2\/product\/86112","targetHints":{"allow":["GET"]}}],"collection":[{"href":"https:\/\/www.seaflowerstore.com\/de\/wp-json\/wp\/v2\/product"}],"about":[{"href":"https:\/\/www.seaflowerstore.com\/de\/wp-json\/wp\/v2\/types\/product"}],"wp:featuredmedia":[{"embeddable":true,"href":"https:\/\/www.seaflowerstore.com\/de\/wp-json\/wp\/v2\/media\/82519"}],"wp:attachment":[{"href":"https:\/\/www.seaflowerstore.com\/de\/wp-json\/wp\/v2\/media?parent=86112"}],"wp:term":[{"taxonomy":"pwb-brand","embeddable":true,"href":"https:\/\/www.seaflowerstore.com\/de\/wp-json\/wp\/v2\/pwb-brand?post=86112"},{"taxonomy":"product_cat","embeddable":true,"href":"https:\/\/www.seaflowerstore.com\/de\/wp-json\/wp\/v2\/product_cat?post=86112"},{"taxonomy":"product_tag","embeddable":true,"href":"https:\/\/www.seaflowerstore.com\/de\/wp-json\/wp\/v2\/product_tag?post=86112"}],"curies":[{"name":"wp","href":"https:\/\/api.w.org\/{rel}","templated":true}]}}