{"id":86113,"date":"2020-01-19T14:48:02","date_gmt":"2020-01-19T13:48:02","guid":{"rendered":"https:\/\/www.seaflowerstore.com\/nl\/skim-breeze-special\/"},"modified":"2024-03-19T15:44:06","modified_gmt":"2024-03-19T14:44:06","slug":"skim-breeze-special","status":"publish","type":"product","link":"https:\/\/www.seaflowerstore.com\/de\/skim-breeze-special\/","title":{"rendered":"Skim Breeze Special"},"content":{"rendered":"<h2>Fauna Marin Skim Breeze Special<\/h2>\n<p>Dieses Produkt ist f\u00fcr die NACHF\u00dcLLBARE 4-Liter-Einheit ATI Carbo Ex oder jeden anderen Luftansaugzylinder konzipiert. Es fungiert als Luftfilter, der an Ihren Eiwei\u00dfabsch\u00e4umer angeschlossen ist, und dient als vorgefertigte Filterkartusche, die bis zu <strong>95 % CO2<\/strong> und Feinpartikel, einschlie\u00dflich Staub und Pollen, aus der Luftzufuhr entfernen kann.<\/p>\n<p>Das CO2-absorbierende Medium \u00e4ndert seine Farbe von wei\u00df nach blau, wenn es ersch\u00f6pft ist. F\u00fcr die gr\u00f6\u00dferen Aquariensysteme k\u00f6nnen die CO2-absorbierenden Medien separat in Paketen erworben werden. Das Entfernen von CO2 ist wichtig, da es hilft, einen stabilen pH-Wert zu erh\u00f6hen und aufrechtzuerhalten, was der allgemeinen Gesundheit Ihres Aquariums sehr zugute kommt. Dieser Prozess f\u00f6rdert die Gesundheit und das Wachstum der Korallen und wirkt als wirksame vorbeugende Ma\u00dfnahme gegen das Eindringen von Luftschadstoffen in das Aquarium.<\/p>\n<p>Sie k\u00f6nnen Algen auf nat\u00fcrliche Weise reduzieren, indem Sie den Carbo Ex oder Skim Breeze verwenden, der an den Lufteinlass Ihres Aquarium-Eiwei\u00dfabsch\u00e4umers angeschlossen ist. Dieses System entfernt das CO2, das Algen zum Wachstum ben\u00f6tigen. Ohne CO2 k\u00f6nnen Algen keine Photosynthese betreiben, daher ist CO2 f\u00fcr verschiedene Algenarten, wie Cyano- und Haaralgen, ein limitierender Faktor.<\/p>\n<p><strong>Kapazit\u00e4t:<\/strong> 1000 ml Skim Breeze pro 500 Liter Aquarienvolumen: ca. 4-6 Wochen. Ist das <strong>Granulat komplett violett<\/strong>, muss es <strong>ausgetauscht<\/strong> werden.<\/p>\n","protected":false},"excerpt":{"rendered":"<p>Skim Breeze Special filling for the skimmer air suction cylinder<\/p>\n","protected":false},"featured_media":82515,"template":"","meta":[],"pwb-brand":[2177],"product_cat":[1537,1437,1434,1493,741],"product_tag":[],"class_list":{"0":"post-86113","1":"product","2":"type-product","3":"status-publish","4":"has-post-thumbnail","6":"pwb-brand-fauna-marin","7":"product_cat-aquarientechnik","8":"product_cat-fauna-marin-de","9":"product_cat-teile-de","10":"product_cat-vulling-de","11":"product_cat-brands","12":"pa_content-1000-ml","13":"pa_content-2000-ml","14":"pa_content-5500-ml","15":"pa_inhoud-1000-ml-de","16":"pa_inhoud-2000-ml-de","17":"pa_inhoud-500-ml-de","18":"pa_inhoud-5500-ml-de","19":"pa_show-myparcel-options-male-de","21":"first","22":"outofstock","23":"sale","24":"taxable","25":"shipping-taxable","26":"purchasable","27":"product-type-variable"},"acf":[],"brands":[{"id":2177,"name":"Fauna Marin","slug":"fauna-marin"}],"_links":{"self":[{"href":"https:\/\/www.seaflowerstore.com\/de\/wp-json\/wp\/v2\/product\/86113","targetHints":{"allow":["GET"]}}],"collection":[{"href":"https:\/\/www.seaflowerstore.com\/de\/wp-json\/wp\/v2\/product"}],"about":[{"href":"https:\/\/www.seaflowerstore.com\/de\/wp-json\/wp\/v2\/types\/product"}],"wp:featuredmedia":[{"embeddable":true,"href":"https:\/\/www.seaflowerstore.com\/de\/wp-json\/wp\/v2\/media\/82515"}],"wp:attachment":[{"href":"https:\/\/www.seaflowerstore.com\/de\/wp-json\/wp\/v2\/media?parent=86113"}],"wp:term":[{"taxonomy":"pwb-brand","embeddable":true,"href":"https:\/\/www.seaflowerstore.com\/de\/wp-json\/wp\/v2\/pwb-brand?post=86113"},{"taxonomy":"product_cat","embeddable":true,"href":"https:\/\/www.seaflowerstore.com\/de\/wp-json\/wp\/v2\/product_cat?post=86113"},{"taxonomy":"product_tag","embeddable":true,"href":"https:\/\/www.seaflowerstore.com\/de\/wp-json\/wp\/v2\/product_tag?post=86113"}],"curies":[{"name":"wp","href":"https:\/\/api.w.org\/{rel}","templated":true}]}}