{"id":86124,"date":"2020-01-12T14:18:22","date_gmt":"2020-01-12T13:18:22","guid":{"rendered":"https:\/\/www.seaflowerstore.com\/nl\/triton-stn-x-100ml\/"},"modified":"2024-03-19T15:01:12","modified_gmt":"2024-03-19T14:01:12","slug":"triton-stn-x-100ml","status":"publish","type":"product","link":"https:\/\/www.seaflowerstore.com\/de\/triton-stn-x-100ml\/","title":{"rendered":"Triton STN-X 100ml"},"content":{"rendered":"<h2>Triton STN-X 100 ml is a slow tissue necrosis inhibitor.<\/h2>\n<p>Triton STN-X ist ein speziell formulierter Hemmer der langsamen Gewebenekrose. Er wurde durch TRITONs einzigartige wissenschaftliche Forschung im Bereich N-DOC-Labortests entwickelt, die das TRITON N-C-P-Verh\u00e4ltnis ermittelt haben.<\/p>\n<p><strong>STN-X bek\u00e4mpft wirksam verschiedene bakterielle Arten der langsamen Gewebenekrose.<\/strong> Sie k\u00f6nnen STN-X bedenkenlos verwenden, da es keinerlei Antibiotika oder aggressive Schwermetalle enth\u00e4lt. Es ist f\u00fcr jedes Riffsystem sicher.<\/p>\n","protected":false},"excerpt":{"rendered":"<p>Triton STN-X 100 ml is a slow tissue necrosis inhibitor<\/p>\n","protected":false},"featured_media":82481,"template":"","meta":[],"pwb-brand":[2181],"product_cat":[1390,1392],"product_tag":[],"class_list":{"0":"post-86124","1":"product","2":"type-product","3":"status-publish","4":"has-post-thumbnail","6":"pwb-brand-triton","7":"product_cat-medikamente","8":"product_cat-triton-de","9":"pa_show-myparcel-options-male-de","11":"first","12":"instock","13":"taxable","14":"shipping-taxable","15":"purchasable","16":"product-type-simple"},"acf":[],"brands":[{"id":2181,"name":"Triton","slug":"triton"}],"_links":{"self":[{"href":"https:\/\/www.seaflowerstore.com\/de\/wp-json\/wp\/v2\/product\/86124","targetHints":{"allow":["GET"]}}],"collection":[{"href":"https:\/\/www.seaflowerstore.com\/de\/wp-json\/wp\/v2\/product"}],"about":[{"href":"https:\/\/www.seaflowerstore.com\/de\/wp-json\/wp\/v2\/types\/product"}],"wp:featuredmedia":[{"embeddable":true,"href":"https:\/\/www.seaflowerstore.com\/de\/wp-json\/wp\/v2\/media\/82481"}],"wp:attachment":[{"href":"https:\/\/www.seaflowerstore.com\/de\/wp-json\/wp\/v2\/media?parent=86124"}],"wp:term":[{"taxonomy":"pwb-brand","embeddable":true,"href":"https:\/\/www.seaflowerstore.com\/de\/wp-json\/wp\/v2\/pwb-brand?post=86124"},{"taxonomy":"product_cat","embeddable":true,"href":"https:\/\/www.seaflowerstore.com\/de\/wp-json\/wp\/v2\/product_cat?post=86124"},{"taxonomy":"product_tag","embeddable":true,"href":"https:\/\/www.seaflowerstore.com\/de\/wp-json\/wp\/v2\/product_tag?post=86124"}],"curies":[{"name":"wp","href":"https:\/\/api.w.org\/{rel}","templated":true}]}}