{"id":86127,"date":"2020-01-09T11:40:50","date_gmt":"2020-01-09T10:40:50","guid":{"rendered":"https:\/\/www.seaflowerstore.com\/nl\/pouchfeeder\/"},"modified":"2024-03-19T15:01:09","modified_gmt":"2024-03-19T14:01:09","slug":"pouchfeeder","status":"publish","type":"product","link":"https:\/\/www.seaflowerstore.com\/de\/pouchfeeder\/","title":{"rendered":"PouchFeeder"},"content":{"rendered":"<h2>2 Little Fishies PouchFeeder to serve cubes or blocks of frozen foods, folded sheets of seaweed<\/h2>\n<p>Der PouchFeeder ist eine fantastische Erg\u00e4nzung f\u00fcr Ihr Aquarium. Er ist mit magnetisch gekoppelten Wandbefestigungsteilen ausgestattet, \u00e4hnlich wie der VeggieMag und der MagFeeder. Sie k\u00f6nnen den perforierten Beutel verwenden, um W\u00fcrfel oder Bl\u00f6cke mit Tiefk\u00fchlkost, gefaltete Algenbl\u00e4tter oder sogar unsere ganzen SeaVeggies-Rotalgenpflanzen zu servieren.<\/p>\n<p>Es ist herrlich zu beobachten, wie Ihre Meer- und S\u00fc\u00dfwasserfische sowie Wirbellose aus dem Beutel grasen!<\/p>\n","protected":false},"excerpt":{"rendered":"<p>2 Little Fishies Pouch Feeder to serve cubes or blocks of frozen foods, folded sheets of seaweed<\/p>\n","protected":false},"featured_media":82475,"template":"","meta":[],"pwb-brand":[2231],"product_cat":[1431,1402],"product_tag":[],"class_list":{"0":"post-86127","1":"product","2":"type-product","3":"status-publish","4":"has-post-thumbnail","6":"pwb-brand-two-little-fishies","7":"product_cat-nuetzliche-artikel","8":"product_cat-verschieden","9":"pa_show-myparcel-options-male-de","11":"first","12":"instock","13":"taxable","14":"shipping-taxable","15":"purchasable","16":"product-type-simple"},"acf":[],"brands":[{"id":2231,"name":"Two Little Fishies","slug":"two-little-fishies"}],"_links":{"self":[{"href":"https:\/\/www.seaflowerstore.com\/de\/wp-json\/wp\/v2\/product\/86127","targetHints":{"allow":["GET"]}}],"collection":[{"href":"https:\/\/www.seaflowerstore.com\/de\/wp-json\/wp\/v2\/product"}],"about":[{"href":"https:\/\/www.seaflowerstore.com\/de\/wp-json\/wp\/v2\/types\/product"}],"wp:featuredmedia":[{"embeddable":true,"href":"https:\/\/www.seaflowerstore.com\/de\/wp-json\/wp\/v2\/media\/82475"}],"wp:attachment":[{"href":"https:\/\/www.seaflowerstore.com\/de\/wp-json\/wp\/v2\/media?parent=86127"}],"wp:term":[{"taxonomy":"pwb-brand","embeddable":true,"href":"https:\/\/www.seaflowerstore.com\/de\/wp-json\/wp\/v2\/pwb-brand?post=86127"},{"taxonomy":"product_cat","embeddable":true,"href":"https:\/\/www.seaflowerstore.com\/de\/wp-json\/wp\/v2\/product_cat?post=86127"},{"taxonomy":"product_tag","embeddable":true,"href":"https:\/\/www.seaflowerstore.com\/de\/wp-json\/wp\/v2\/product_tag?post=86127"}],"curies":[{"name":"wp","href":"https:\/\/api.w.org\/{rel}","templated":true}]}}