{"id":86128,"date":"2020-01-09T10:32:06","date_gmt":"2020-01-09T09:32:06","guid":{"rendered":"https:\/\/www.seaflowerstore.com\/nl\/easymasstick-40\/"},"modified":"2024-03-19T15:01:07","modified_gmt":"2024-03-19T14:01:07","slug":"easymasstick-40","status":"publish","type":"product","link":"https:\/\/www.seaflowerstore.com\/de\/easymasstick-40\/","title":{"rendered":"easyMasstick 40"},"content":{"rendered":"<h2>easyMasstick 40 ready-made Natural food for fish and invertebrates<\/h2>\n<p><strong>EasyMasstick stellt die Weiterentwicklung von Masstick dar:<\/strong> Anders als Masstick-Pulver, die mit Wasser gemischt werden m\u00fcssen, ist EasyMasstick sofort in k\u00f6stlichen Portionen einsatzbereit. Dieses neue Format vereinfacht die Lagerung, da es nicht gek\u00fchlt werden muss, um seine Qualit\u00e4t zu erhalten, und l\u00e4sst sich daher einfacher neben Ihren anderen Aquarienprodukten aufbewahren.<\/p>\n<p>EasyMasstick ist eine nat\u00fcrliche Futteroption f\u00fcr Fische und Wirbellose und kombiniert eine Reihe von rein nat\u00fcrlichen Verbindungen marinen Ursprungs. Es wurde mit dem Schwerpunkt auf eine ausgewogene und nat\u00fcrliche Ern\u00e4hrung f\u00fcr Allesfresserfische und wirbellose Meerestiere entwickelt.<\/p>\n<p>Dieses nat\u00fcrliche Futter ist f\u00fcr eine Vielzahl von Meereslebewesen geeignet, darunter:<\/p>\n<ul>\n<li>Korallen<\/li>\n<li>Krebstiere<\/li>\n<li>Weichtiere<\/li>\n<li>Schw\u00e4mme<\/li>\n<\/ul>\n<p>EasyMasstick wird ohne tierische oder pflanzliche Substanzen von Land- oder S\u00fc\u00dfwasserquellen hergestellt und enth\u00e4lt keine Lockstoffe, k\u00fcnstlichen Konservierungsmittel oder synthetischen Produkte.<\/p>\n<p>EasyMasstick ist eine selbstklebende Paste, die ohne K\u00fchlung bis zu 2 Jahre haltbar ist und sofort verwendet werden kann.<\/p>\n<p>Verf\u00fcgbar in: 40 g<\/p>\n","protected":false},"excerpt":{"rendered":"<p>easy Masstick 40 is a ready-made natural food for fish and invertebrates<\/p>\n","protected":false},"featured_media":82471,"template":"","meta":[],"pwb-brand":[2195],"product_cat":[1438,1402],"product_tag":[],"class_list":{"0":"post-86128","1":"product","2":"type-product","3":"status-publish","4":"has-post-thumbnail","6":"pwb-brand-easy-reefs","7":"product_cat-fischfutter","8":"product_cat-verschieden","9":"pa_show-myparcel-options-male-de","11":"first","12":"outofstock","13":"taxable","14":"shipping-taxable","15":"purchasable","16":"product-type-simple"},"acf":[],"brands":[{"id":2195,"name":"Easy Reefs","slug":"easy-reefs"}],"_links":{"self":[{"href":"https:\/\/www.seaflowerstore.com\/de\/wp-json\/wp\/v2\/product\/86128","targetHints":{"allow":["GET"]}}],"collection":[{"href":"https:\/\/www.seaflowerstore.com\/de\/wp-json\/wp\/v2\/product"}],"about":[{"href":"https:\/\/www.seaflowerstore.com\/de\/wp-json\/wp\/v2\/types\/product"}],"wp:featuredmedia":[{"embeddable":true,"href":"https:\/\/www.seaflowerstore.com\/de\/wp-json\/wp\/v2\/media\/82471"}],"wp:attachment":[{"href":"https:\/\/www.seaflowerstore.com\/de\/wp-json\/wp\/v2\/media?parent=86128"}],"wp:term":[{"taxonomy":"pwb-brand","embeddable":true,"href":"https:\/\/www.seaflowerstore.com\/de\/wp-json\/wp\/v2\/pwb-brand?post=86128"},{"taxonomy":"product_cat","embeddable":true,"href":"https:\/\/www.seaflowerstore.com\/de\/wp-json\/wp\/v2\/product_cat?post=86128"},{"taxonomy":"product_tag","embeddable":true,"href":"https:\/\/www.seaflowerstore.com\/de\/wp-json\/wp\/v2\/product_tag?post=86128"}],"curies":[{"name":"wp","href":"https:\/\/api.w.org\/{rel}","templated":true}]}}