{"id":86129,"date":"2020-01-05T10:39:40","date_gmt":"2020-01-05T09:39:40","guid":{"rendered":"https:\/\/www.seaflowerstore.com\/nl\/hi70024p-calibration-solution-salinity\/"},"modified":"2024-03-19T15:01:05","modified_gmt":"2024-03-19T14:01:05","slug":"hi70024p-calibration-solution-salinity","status":"publish","type":"product","link":"https:\/\/www.seaflowerstore.com\/de\/hi70024p-calibration-solution-salinity\/","title":{"rendered":"HI70024P Calibration Solution Salinity"},"content":{"rendered":"<h2>Hanna HI70024P Calibration Solution 35.00 PPT 25 pcs of 20ML<\/h2>\n<p>Die Kalibrierl\u00f6sung HI70024P ist f\u00fcr den Salzgehaltstester HI98319 konzipiert, insbesondere f\u00fcr den Einsatz in Meerwasser mit einem Salzgehalt von 35,00 ppt.<\/p>\n<p>Jeder Beutel enth\u00e4lt 20 ml Kalibrierfl\u00fcssigkeit, und die Schachtel enth\u00e4lt insgesamt 25 Beutel. Diese L\u00f6sung ist f\u00fcr die Gew\u00e4hrleistung genauer Salzgehaltsmessungen unerl\u00e4sslich.<\/p>\n","protected":false},"excerpt":{"rendered":"<p>Hanna HI70024P Calibration solution 35.00 PPT 25 pcs. Of 20ML<\/p>\n","protected":false},"featured_media":84242,"template":"","meta":[],"pwb-brand":[2229],"product_cat":[1399],"product_tag":[],"class_list":{"0":"post-86129","1":"product","2":"type-product","3":"status-publish","4":"has-post-thumbnail","6":"pwb-brand-hanna-instruments","7":"product_cat-referenz-fluessigkeiten","8":"pa_show-myparcel-options-male-de","10":"first","11":"outofstock","12":"taxable","13":"shipping-taxable","14":"purchasable","15":"product-type-simple"},"acf":[],"brands":[{"id":2229,"name":"Hanna Instruments","slug":"hanna-instruments"}],"_links":{"self":[{"href":"https:\/\/www.seaflowerstore.com\/de\/wp-json\/wp\/v2\/product\/86129","targetHints":{"allow":["GET"]}}],"collection":[{"href":"https:\/\/www.seaflowerstore.com\/de\/wp-json\/wp\/v2\/product"}],"about":[{"href":"https:\/\/www.seaflowerstore.com\/de\/wp-json\/wp\/v2\/types\/product"}],"wp:featuredmedia":[{"embeddable":true,"href":"https:\/\/www.seaflowerstore.com\/de\/wp-json\/wp\/v2\/media\/84242"}],"wp:attachment":[{"href":"https:\/\/www.seaflowerstore.com\/de\/wp-json\/wp\/v2\/media?parent=86129"}],"wp:term":[{"taxonomy":"pwb-brand","embeddable":true,"href":"https:\/\/www.seaflowerstore.com\/de\/wp-json\/wp\/v2\/pwb-brand?post=86129"},{"taxonomy":"product_cat","embeddable":true,"href":"https:\/\/www.seaflowerstore.com\/de\/wp-json\/wp\/v2\/product_cat?post=86129"},{"taxonomy":"product_tag","embeddable":true,"href":"https:\/\/www.seaflowerstore.com\/de\/wp-json\/wp\/v2\/product_tag?post=86129"}],"curies":[{"name":"wp","href":"https:\/\/api.w.org\/{rel}","templated":true}]}}