{"id":86130,"date":"2020-01-05T09:43:30","date_gmt":"2020-01-05T08:43:30","guid":{"rendered":"https:\/\/www.seaflowerstore.com\/nl\/marco-rocks-shelf-per-kilo\/"},"modified":"2024-03-19T15:01:03","modified_gmt":"2024-03-19T14:01:03","slug":"marco-rocks-shelf-per-kilo","status":"publish","type":"product","link":"https:\/\/www.seaflowerstore.com\/de\/marco-rocks-shelf-per-kilo\/","title":{"rendered":"Marco Rocks Shelf per kilo"},"content":{"rendered":"<h2>Marco Rocks shelf per kilo is a perfect addition to your aquascape<\/h2>\n<p><strong>Marco Rocks-Platten pro Kilo sind ein empfindliches Produkt und der Versand erfolgt auf Risiko des Kunden. Wenn eine Platte bricht, kann sie mit einem Produkt wie StoneFix leicht repariert werden. Je nach gew\u00fcnschtem Gewicht w\u00e4hlen wir verschiedene Steine \u200b\u200baus, um ein atemberaubendes Aquascape zu schaffen. Jede Platte wiegt normalerweise etwa 1 bis 2 Kilogramm.<\/strong><\/p>\n<p>Jedes Marco Rock Shelf hat eine einzigartige Form und die Abmessungen variieren. Die durchschnittliche Gr\u00f6\u00dfe reicht von 13 bis 20 Zentimetern L\u00e4nge und wiegt etwa 1 bis 2 Kilogramm.<\/p>\n<p><span style=\"text-decoration: underline\">Bitte geben Sie Ihre gew\u00fcnschten Abmessungen in das Kommentarfeld ein und wir werden unser Bestes tun, um geeignete Platten f\u00fcr Sie zu finden.<\/span><\/p>\n<p>Marco Rocks stammen aus Key Largo und stammen aus einem nat\u00fcrlichen Riffgestein. In den Felsen k\u00f6nnen Sie oft versteinerte alte Korallen entdecken. Seien Sie versichert, der Stein ist frei von Sch\u00e4dlingen und Schadstoffen.<\/p>\n<p>Ganz gleich, ob Sie ein reines Fischbecken, ein Riffbecken oder ein S\u00fc\u00dfwasserbecken einrichten, dieser Stein ist eine ausgezeichnete Wahl. Er ist hochpor\u00f6s und wundersch\u00f6n geformt.<\/p>\n<p>MarcoRocks Key Largo ist ein nat\u00fcrlicher Stein, der aus den \u00dcberresten eines ausgestorbenen Riffsystems gewonnen wird, das w\u00e4hrend der Entstehung der Landmasse Floridas versch\u00fcttet wurde. Unser Key Largo-Stein ist eine umweltfreundliche Option, da er nicht von einem lebenden Riff stammt und unsere empfindlichen Riff- oder Meeres\u00f6kosysteme nicht negativ beeinflusst.<\/p>\n<p>Mit unseren einzigartigen Reinigungs- und Verarbeitungsmethoden erhalten Sie Stein, der nicht nur gro\u00dfartig aussieht, sondern auch v\u00f6llig sch\u00e4dlingsfrei und organisch ist. MarcoRocks ist die bevorzugte Wahl f\u00fcr zahlreiche \u00f6ffentliche Aquarien, Aquakulturanlagen und individuelle Beckenbauer auf der ganzen Welt.<\/p>\n","protected":false},"excerpt":{"rendered":"<p>Marco Rocks shelf per kilo is a fragile product, shipping is at the risk of the customer. If a plate breaks, it can easily be glued with, for example, StoneFix.<\/p>\n","protected":false},"featured_media":82466,"template":"","meta":[],"pwb-brand":[2263],"product_cat":[1534],"product_tag":[],"class_list":{"0":"post-86130","1":"product","2":"type-product","3":"status-publish","4":"has-post-thumbnail","6":"pwb-brand-marco-rocks","7":"product_cat-verschiedene","8":"pa_inhoud-1-kg-de","9":"pa_show-myparcel-options-male-de","11":"first","12":"outofstock","13":"taxable","14":"shipping-taxable","15":"purchasable","16":"product-type-simple"},"acf":[],"brands":[{"id":2263,"name":"Marco Rocks","slug":"marco-rocks"}],"_links":{"self":[{"href":"https:\/\/www.seaflowerstore.com\/de\/wp-json\/wp\/v2\/product\/86130","targetHints":{"allow":["GET"]}}],"collection":[{"href":"https:\/\/www.seaflowerstore.com\/de\/wp-json\/wp\/v2\/product"}],"about":[{"href":"https:\/\/www.seaflowerstore.com\/de\/wp-json\/wp\/v2\/types\/product"}],"wp:featuredmedia":[{"embeddable":true,"href":"https:\/\/www.seaflowerstore.com\/de\/wp-json\/wp\/v2\/media\/82466"}],"wp:attachment":[{"href":"https:\/\/www.seaflowerstore.com\/de\/wp-json\/wp\/v2\/media?parent=86130"}],"wp:term":[{"taxonomy":"pwb-brand","embeddable":true,"href":"https:\/\/www.seaflowerstore.com\/de\/wp-json\/wp\/v2\/pwb-brand?post=86130"},{"taxonomy":"product_cat","embeddable":true,"href":"https:\/\/www.seaflowerstore.com\/de\/wp-json\/wp\/v2\/product_cat?post=86130"},{"taxonomy":"product_tag","embeddable":true,"href":"https:\/\/www.seaflowerstore.com\/de\/wp-json\/wp\/v2\/product_tag?post=86130"}],"curies":[{"name":"wp","href":"https:\/\/api.w.org\/{rel}","templated":true}]}}