{"id":86131,"date":"2020-01-03T13:58:17","date_gmt":"2020-01-03T12:58:17","guid":{"rendered":"https:\/\/www.seaflowerstore.com\/nl\/test-beaker-for-alkatronic\/"},"modified":"2024-03-19T15:01:02","modified_gmt":"2024-03-19T14:01:02","slug":"test-beaker-for-alkatronic","status":"publish","type":"product","link":"https:\/\/www.seaflowerstore.com\/de\/test-beaker-for-alkatronic\/","title":{"rendered":"Test Beaker For Alkatronic"},"content":{"rendered":"<h2>Test Beaker For Alkatronic<\/h2>\n<p>Der Glastestbecher mit einem Fassungsverm\u00f6gen von 250 ml ist speziell f\u00fcr den Einsatz im Alkatronic kh-tester konzipiert. Dieser Becher ist f\u00fcr genaue Messungen und eine optimale Leistung des Ger\u00e4ts unerl\u00e4sslich.<\/p>\n","protected":false},"excerpt":{"rendered":"<p>glass Test Beaker for Alkatronic used inside the Alkatronic kh-tester<\/p>\n","protected":false},"featured_media":82464,"template":"","meta":[],"pwb-brand":[2261],"product_cat":[1537,1407,741],"product_tag":[],"class_list":{"0":"post-86131","1":"product","2":"type-product","3":"status-publish","4":"has-post-thumbnail","6":"pwb-brand-focustronic","7":"product_cat-aquarientechnik","8":"product_cat-focustronic-de","9":"product_cat-brands","10":"pa_show-myparcel-options-male-de","12":"first","13":"instock","14":"taxable","15":"shipping-taxable","16":"purchasable","17":"product-type-simple"},"acf":[],"brands":[{"id":2261,"name":"Focustronic","slug":"focustronic"}],"_links":{"self":[{"href":"https:\/\/www.seaflowerstore.com\/de\/wp-json\/wp\/v2\/product\/86131","targetHints":{"allow":["GET"]}}],"collection":[{"href":"https:\/\/www.seaflowerstore.com\/de\/wp-json\/wp\/v2\/product"}],"about":[{"href":"https:\/\/www.seaflowerstore.com\/de\/wp-json\/wp\/v2\/types\/product"}],"wp:featuredmedia":[{"embeddable":true,"href":"https:\/\/www.seaflowerstore.com\/de\/wp-json\/wp\/v2\/media\/82464"}],"wp:attachment":[{"href":"https:\/\/www.seaflowerstore.com\/de\/wp-json\/wp\/v2\/media?parent=86131"}],"wp:term":[{"taxonomy":"pwb-brand","embeddable":true,"href":"https:\/\/www.seaflowerstore.com\/de\/wp-json\/wp\/v2\/pwb-brand?post=86131"},{"taxonomy":"product_cat","embeddable":true,"href":"https:\/\/www.seaflowerstore.com\/de\/wp-json\/wp\/v2\/product_cat?post=86131"},{"taxonomy":"product_tag","embeddable":true,"href":"https:\/\/www.seaflowerstore.com\/de\/wp-json\/wp\/v2\/product_tag?post=86131"}],"curies":[{"name":"wp","href":"https:\/\/api.w.org\/{rel}","templated":true}]}}