{"id":86135,"date":"2019-12-30T18:28:32","date_gmt":"2019-12-30T17:28:32","guid":{"rendered":"https:\/\/www.seaflowerstore.com\/nl\/kamoer-f4-pro-wifi-doser\/"},"modified":"2024-03-19T15:00:53","modified_gmt":"2024-03-19T14:00:53","slug":"kamoer-f4-pro-wifi-doser","status":"publish","type":"product","link":"https:\/\/www.seaflowerstore.com\/de\/kamoer-f4-pro-wifi-doser\/","title":{"rendered":"Kamoer F4 Pro Wifi Doser"},"content":{"rendered":"<h2>Kamoer F4 Pro Wifi Doser 4 dosing pump<\/h2>\n<p><strong>SORGEN SIE F\u00dcR PR\u00c4ZISE UND KONSEQUENTE DOSIERUNG<\/strong><\/p>\n<p>Die neue Kamoer F4 PRO Wifi Doser Fl\u00fcssigdosierpumpe ist das neueste steuerbare Dosiersystem von Kamoer. Jede Einheit ist mit einer WLAN-Verbindung ausgestattet, sodass Sie den Dosierer mit Ihrem iPhone oder Android-Ger\u00e4t steuern k\u00f6nnen.<\/p>\n<p><strong>Farbige Pumpen und Schl\u00e4uche<\/strong><\/p>\n<p>Bei vielen Dosiersystemen kann es schwierig sein, zu erkennen, welche Pumpe und Schl\u00e4uche f\u00fcr welches Nahrungserg\u00e4nzungsmittel verwendet werden. Manche Dosierer enthalten nicht einmal Schl\u00e4uche! Beim F4 PRO sind die Pumpenk\u00f6pfe jedoch farbcodiert \u2013 gr\u00fcn, rot, gelb und blau \u2013 und passende Schl\u00e4uche sind im Lieferumfang enthalten, sodass Sie nichts zus\u00e4tzlich kaufen m\u00fcssen. Es ist ein intelligentes Design, das auch noch fantastisch aussieht!<\/p>\n<p><strong>Softwaredetails:<\/strong><\/p>\n<ul>\n<li>3 Betriebsmodi (Manueller, automatischer oder benutzerdefinierter Modus).<\/li>\n<li>Einfache Einstellungen:\n<ul>\n<li>Legen Sie Start- und Stoppzeiten f\u00fcr die Dosierung fest \u2013 diese m\u00fcssen nicht innerhalb von 24 Stunden liegen (Sie k\u00f6nnen beispielsweise die automatische Dosierung nur von Mitternacht bis 6 Uhr morgens planen).<\/li>\n<li>Geben Sie das Gesamtvolumen in ml ein, das \u00fcber den angegebenen Zeitraum dosiert werden soll.<\/li>\n<li>Geben Sie die Anzahl der Dosierungen w\u00e4hrend jedes Zeitraums an (bis zu 24 Stunden).<\/li>\n<li>Sie k\u00f6nnen sogar w\u00e4hlen, ob Sie alle 1 bis 3 Tage oder an bestimmten Wochentagen dosieren m\u00f6chten.<\/li>\n<\/ul>\n<\/li>\n<li>Einstellbares Dosiervolumen im automatischen Modus: 0,1 &#8211; 9.999,9 ml.<\/li>\n<li>Verz\u00f6gerungseinstellungen zwischen Kan\u00e4len, um chemische St\u00f6rungen.<\/li>\n<\/ul>\n<p><strong>Funktionen:<\/strong><\/p>\n<ul>\n<li>WLAN-Steuerung der Dosierpumpe \u00fcber iOS- oder Android-Ger\u00e4te (Hinweis: 5G-WLAN wird nicht unterst\u00fctzt).<\/li>\n<li>Software-Updates \u00fcber WLAN.<\/li>\n<li>Batterie-Backup \u2013 Einstellungen werden bei Stromausfall gespeichert.<\/li>\n<li>Verwendet hochwertige PharMed\u00ae BPT-Schl\u00e4uche in den Pumpenk\u00f6pfen.<\/li>\n<li>Durchflussratenkalibrierung f\u00fcr jede Pumpe.<\/li>\n<li>Kalibrierungsgenauigkeit: 0,1 ml.<\/li>\n<li>Minimales Dosiervolumen: 0,1 ml.<\/li>\n<li>Genauigkeit: &lt;+\/- 0,5 %.<\/li>\n<li>Es ist keine separate Montagehalterung erforderlich, da diese in das Geh\u00e4use integriert ist.<\/li>\n<\/ul>\n<p>&#8211; Abmessungen: 250 x 59 x 49 mm<\/p>\n<p>&#8211; Netzteil Eingang: 100 VAC &#8211; 240 VAC, Ausgang: DC 12V 2A<\/p>\n<p><a href=\"http:\/\/www.labsos.com\/kamoer_remote\/F4_PRO\/F4_PRO_USER_MANUAL_ENGLISH.html\" target=\"_blank\" rel=\"noopener noreferrer nofollow\">Link zum Handbuch<\/a><\/p>\n","protected":false},"excerpt":{"rendered":"<p>Kamoer F4 Pro Wifi Doser Flexible and precise control of liquid additions to your aquarium. Easy to use mobile interface make set up a breeze.<\/p>\n","protected":false},"featured_media":82452,"template":"","meta":[],"pwb-brand":[2275],"product_cat":[1406],"product_tag":[],"class_list":{"0":"post-86135","1":"product","2":"type-product","3":"status-publish","4":"has-post-thumbnail","6":"pwb-brand-kamoer","7":"product_cat-dosierpumpen","8":"pa_show-myparcel-options-male-de","10":"first","11":"outofstock","12":"taxable","13":"shipping-taxable","14":"purchasable","15":"product-type-simple"},"acf":[],"brands":[{"id":2275,"name":"Kamoer","slug":"kamoer"}],"_links":{"self":[{"href":"https:\/\/www.seaflowerstore.com\/de\/wp-json\/wp\/v2\/product\/86135","targetHints":{"allow":["GET"]}}],"collection":[{"href":"https:\/\/www.seaflowerstore.com\/de\/wp-json\/wp\/v2\/product"}],"about":[{"href":"https:\/\/www.seaflowerstore.com\/de\/wp-json\/wp\/v2\/types\/product"}],"wp:featuredmedia":[{"embeddable":true,"href":"https:\/\/www.seaflowerstore.com\/de\/wp-json\/wp\/v2\/media\/82452"}],"wp:attachment":[{"href":"https:\/\/www.seaflowerstore.com\/de\/wp-json\/wp\/v2\/media?parent=86135"}],"wp:term":[{"taxonomy":"pwb-brand","embeddable":true,"href":"https:\/\/www.seaflowerstore.com\/de\/wp-json\/wp\/v2\/pwb-brand?post=86135"},{"taxonomy":"product_cat","embeddable":true,"href":"https:\/\/www.seaflowerstore.com\/de\/wp-json\/wp\/v2\/product_cat?post=86135"},{"taxonomy":"product_tag","embeddable":true,"href":"https:\/\/www.seaflowerstore.com\/de\/wp-json\/wp\/v2\/product_tag?post=86135"}],"curies":[{"name":"wp","href":"https:\/\/api.w.org\/{rel}","templated":true}]}}