{"id":86137,"date":"2019-12-28T08:41:10","date_gmt":"2019-12-28T07:41:10","guid":{"rendered":"https:\/\/www.seaflowerstore.com\/nl\/apex-automatic-feeder-funnel-add-on\/"},"modified":"2024-03-19T15:00:48","modified_gmt":"2024-03-19T14:00:48","slug":"apex-automatic-feeder-funnel-add-on","status":"publish","type":"product","link":"https:\/\/www.seaflowerstore.com\/de\/apex-automatic-feeder-funnel-add-on\/","title":{"rendered":"Apex Automatic Feeder funnel add-on"},"content":{"rendered":"<h2>Apex Automatic Feeder funnel add-on<\/h2>\n<p>Das Trichter-Add-on des Apex Automatic Feeder ist so konzipiert, dass das Futter aus dem Apex Automatic Feeder nicht sofort in den \u00dcberlauf flie\u00dft. Stattdessen sinkt das Futter sanft aus dem Trichter knapp unter die Wasseroberfl\u00e4che, je nachdem, wie hoch das Automatic Feeder System (AFS) installiert ist. Der Trichter ist 45 mm hoch und verf\u00fcgt \u00fcber ein Loch von 25 mm.<\/p>\n<p>Die Tiefe des Abflusses k\u00f6nnen Sie ganz einfach mit einem PVC-Rohr bestimmen, das nicht im Lieferumfang enthalten ist. Mit einem PVC-Rohr k\u00f6nnen Sie beispielsweise das AFS im Sumpf positionieren und den Futterabfluss kurz vor der F\u00f6rderpumpe erfolgen lassen.<\/p>\n<p>Um das Add-on zu installieren, schieben Sie es einfach in den Schlitz direkt unter dem AFS im Geh\u00e4use. Es besteht aus riffsicherem Material und gew\u00e4hrleistet so die Sicherheit Ihrer Wasserumgebung.<\/p>\n","protected":false},"excerpt":{"rendered":"<p>Apex Automatic Feeder funnel add-on ensures that the feed from APEX&#8217;s Automatic Feeder does not immediately flow into the overflow.<\/p>\n","protected":false},"featured_media":82444,"template":"","meta":[],"pwb-brand":[2161],"product_cat":[1431,1534,1451,1442],"product_tag":[],"class_list":{"0":"post-86137","1":"product","2":"type-product","3":"status-publish","4":"has-post-thumbnail","6":"pwb-brand-seaflower","7":"product_cat-nuetzliche-artikel","8":"product_cat-verschiedene","9":"product_cat-zubehoer","10":"product_cat-3d-print-de","11":"pa_show-myparcel-options-male-de","13":"first","14":"instock","15":"taxable","16":"shipping-taxable","17":"purchasable","18":"product-type-simple"},"acf":[],"brands":[{"id":2161,"name":"Seaflower","slug":"seaflower"}],"_links":{"self":[{"href":"https:\/\/www.seaflowerstore.com\/de\/wp-json\/wp\/v2\/product\/86137","targetHints":{"allow":["GET"]}}],"collection":[{"href":"https:\/\/www.seaflowerstore.com\/de\/wp-json\/wp\/v2\/product"}],"about":[{"href":"https:\/\/www.seaflowerstore.com\/de\/wp-json\/wp\/v2\/types\/product"}],"wp:featuredmedia":[{"embeddable":true,"href":"https:\/\/www.seaflowerstore.com\/de\/wp-json\/wp\/v2\/media\/82444"}],"wp:attachment":[{"href":"https:\/\/www.seaflowerstore.com\/de\/wp-json\/wp\/v2\/media?parent=86137"}],"wp:term":[{"taxonomy":"pwb-brand","embeddable":true,"href":"https:\/\/www.seaflowerstore.com\/de\/wp-json\/wp\/v2\/pwb-brand?post=86137"},{"taxonomy":"product_cat","embeddable":true,"href":"https:\/\/www.seaflowerstore.com\/de\/wp-json\/wp\/v2\/product_cat?post=86137"},{"taxonomy":"product_tag","embeddable":true,"href":"https:\/\/www.seaflowerstore.com\/de\/wp-json\/wp\/v2\/product_tag?post=86137"}],"curies":[{"name":"wp","href":"https:\/\/api.w.org\/{rel}","templated":true}]}}