{"id":86139,"date":"2019-12-16T20:01:52","date_gmt":"2019-12-16T19:01:52","guid":{"rendered":"https:\/\/www.seaflowerstore.com\/nl\/jebao-2-4-doser-display-wifi-dosing-pump\/"},"modified":"2024-03-19T15:00:43","modified_gmt":"2024-03-19T14:00:43","slug":"jebao-2-4-doser-display-wifi-dosing-pump","status":"publish","type":"product","link":"https:\/\/www.seaflowerstore.com\/de\/jebao-2-4-doser-display-wifi-dosing-pump\/","title":{"rendered":"Jebao 2.4 doser display + WiFi dosing pump"},"content":{"rendered":"<h2>Jebao 2.4 doser WiFi 4 channel dosing unit with all the features of the DP4, but with additional WiFi and app installed<\/h2>\n<p>Diese 4-Kanal-Dosiereinheit ist auf Benutzerfreundlichkeit ausgelegt und bietet eine Vielzahl von Einstellungsm\u00f6glichkeiten. <strong>Jetzt mit Display und WiFi-Einstellungsoptionen<\/strong> hebt sich dieses Produkt vom Markt ab.<\/p>\n<p><strong>Eigenschaften:<\/strong><\/p>\n<ul>\n<li>4-Kanal-Dosierpumpe<\/li>\n<li>Jeder Kanal ist von 1 bis 9999 ml pro Tag einstellbar (beachten Sie, dass Sie keine bestimmten Wochentage ausw\u00e4hlen k\u00f6nnen; Tage k\u00f6nnen nur in Intervallen \u00fcbersprungen werden)<\/li>\n<li>Jeder Kanal kann bis zu 24 Mal zu festgelegten Zeiten \u00fcber den Tag verteilt dosieren<\/li>\n<li>Bietet ein 30-t\u00e4giges Dosierintervall (erm\u00f6glicht eine Dosierung einmal alle 30 Tage)<\/li>\n<li>Manuelle Dosierfunktion verf\u00fcgbar<\/li>\n<li>Kalibrierungsfunktion enthalten<\/li>\n<li>Display und Einstelltasten f\u00fcr einfache Bedienung<\/li>\n<li>WiFi-F\u00e4higkeit zur Steuerung \u00fcber das Jebao Aqua App<\/li>\n<\/ul>\n<p><strong>Spezifikation:<\/strong><\/p>\n<ul>\n<li>Stromversorgung: 110 V bis 240 V, 50\/60 Hz<\/li>\n<li>EU-Stecker<\/li>\n<\/ul>\n<p>Das Ger\u00e4t wird <strong>ohne<\/strong> <a href=\"https:\/\/www.seaflowerstore.com\/nl\/luchtslang-doseerslang-4-6mm-prijs-per-meter\/\">Dosierschl\u00e4uche<\/a> und <strong>ohne<\/strong> Schlauchhalter geliefert. Wenn Sie einen Dosierschlauch ben\u00f6tigen, k\u00f6nnen Sie diesen separat bestellen.<\/p>\n<p><strong>Wichtig:<\/strong> Bitte lernen Sie, das Ger\u00e4t richtig zu bedienen. Vermeiden Sie zu gro\u00dfe Beh\u00e4lter, um den Inhalt Ihres Aquariums zu sch\u00fctzen. Stellen Sie sicher, dass der Fl\u00fcssigkeitsbeh\u00e4lter tiefer als der Auslass der Dosierschl\u00e4uche positioniert ist, um ein Absaugen zu verhindern.<\/p>\n","protected":false},"excerpt":{"rendered":"<p>Jebao 2.4 doser WiFi 4 channel dosing pump with all the features of the DP4, but with display and WiFi and app installed<\/p>\n","protected":false},"featured_media":82440,"template":"","meta":[],"pwb-brand":[2187],"product_cat":[1406],"product_tag":[],"class_list":{"0":"post-86139","1":"product","2":"type-product","3":"status-publish","4":"has-post-thumbnail","6":"pwb-brand-jebao-jecod","7":"product_cat-dosierpumpen","9":"first","10":"instock","11":"sale","12":"taxable","13":"shipping-taxable","14":"purchasable","15":"product-type-simple"},"acf":[],"brands":[{"id":2187,"name":"Jebao \/ Jecod","slug":"jebao-jecod"}],"_links":{"self":[{"href":"https:\/\/www.seaflowerstore.com\/de\/wp-json\/wp\/v2\/product\/86139","targetHints":{"allow":["GET"]}}],"collection":[{"href":"https:\/\/www.seaflowerstore.com\/de\/wp-json\/wp\/v2\/product"}],"about":[{"href":"https:\/\/www.seaflowerstore.com\/de\/wp-json\/wp\/v2\/types\/product"}],"wp:featuredmedia":[{"embeddable":true,"href":"https:\/\/www.seaflowerstore.com\/de\/wp-json\/wp\/v2\/media\/82440"}],"wp:attachment":[{"href":"https:\/\/www.seaflowerstore.com\/de\/wp-json\/wp\/v2\/media?parent=86139"}],"wp:term":[{"taxonomy":"pwb-brand","embeddable":true,"href":"https:\/\/www.seaflowerstore.com\/de\/wp-json\/wp\/v2\/pwb-brand?post=86139"},{"taxonomy":"product_cat","embeddable":true,"href":"https:\/\/www.seaflowerstore.com\/de\/wp-json\/wp\/v2\/product_cat?post=86139"},{"taxonomy":"product_tag","embeddable":true,"href":"https:\/\/www.seaflowerstore.com\/de\/wp-json\/wp\/v2\/product_tag?post=86139"}],"curies":[{"name":"wp","href":"https:\/\/api.w.org\/{rel}","templated":true}]}}