{"id":86140,"date":"2019-12-02T21:26:37","date_gmt":"2019-12-02T20:26:37","guid":{"rendered":"https:\/\/www.seaflowerstore.com\/nl\/ai-prime-16hd-reef-black\/"},"modified":"2024-03-19T15:00:40","modified_gmt":"2024-03-19T14:00:40","slug":"ai-prime-16hd-reef-black","status":"publish","type":"product","link":"https:\/\/www.seaflowerstore.com\/de\/ai-prime-16hd-reef-black\/","title":{"rendered":"Ai PRIME 16HD reef black"},"content":{"rendered":"<h2>Ai PRIME 16HD reef black is the latest LED lamp from Ai for your marine aquarium<\/h2>\n<p>Mit der Ai PRIME 16HD m\u00fcssen Sie sich nicht mehr an eine feste Leistungsmenge pro Kanal halten. Diese innovative Lampe passt die f\u00fcr jede Farbe verf\u00fcgbare Leistung dynamisch an, indem sie die Farben verwendet, die Sie nicht verwenden. Mit dieser Funktion kann Ihr Aquarium das lebendigste Spektrum pr\u00e4sentieren, das es je gesehen hat.<\/p>\n<p>Der spezielle Mondlichtkanal simuliert nat\u00fcrliche Mondfarben und -intensit\u00e4t und unterstreicht so die Sch\u00f6nheit Ihrer Wasserumgebung.<\/p>\n<h3>Einfache integrierte Steuerung<\/h3>\n<p>Alle AI-Ger\u00e4te verf\u00fcgen standardm\u00e4\u00dfig \u00fcber eine intelligente Steuerung. Sie k\u00f6nnen Ihre AI-Ausr\u00fcstung ganz einfach mit der myAI\u00ae-App auf jedem iOS- oder Android-Ger\u00e4t einrichten oder programmieren.<\/p>\n<h3>Leistungsabgabe<\/h3>\n<p>Mit einer Ausdehnung von 24 x 24 Zoll erreicht die AI Prime\u00ae 16HD einen Spitzen-PAR von 100 \u00b5Mol in einer Tiefe von 24 Zoll und ist damit perfekt f\u00fcr kleine bis mittelgro\u00dfe Riffaquarien geeignet. Es zieht maximal 55 Watt aus der Wand und tritt damit in die effizienten Fu\u00dfstapfen seiner Vorg\u00e4nger.<\/p>\n<h3>Optik<\/h3>\n<p>Das AI Prime\u00ae 16HD ist mit TIR-Linsen ausgestattet, die ein hervorragendes Gleichgewicht zwischen Leistung und Streuung bieten. Unsere kundenspezifische Linsenoptik weist eine optische Effizienz von \u00fcber 90 % auf und verf\u00fcgt \u00fcber eine diffuse Austrittsfl\u00e4che f\u00fcr eine verbesserte Farbmischung.<\/p>\n<h3>LEDs<\/h3>\n<p>Der AI Prime\u00ae 16HD verwendet die neueste LED-Technologie f\u00fchrender Hersteller, angeordnet f\u00fcr optimale Leistung:<\/p>\n<ul>\n<li>4 \u2013 Kaltwei\u00df<\/li>\n<li>4 \u2013 Blau<\/li>\n<li>4 \u2013 K\u00f6nigsblau<\/li>\n<li>1 \u2013 Fotorot<\/li>\n<li>1 \u2013 Gr\u00fcn<\/li>\n<li>1 \u2013 Violett<\/li>\n<li>1 \u2013 UV<\/li>\n<li>1 \u2013 Mondlicht<\/li>\n<\/ul>\n<p><strong><span style=\"font-size: 1.17em\">Technische Daten<\/span><\/strong><\/p>\n<h3>Abmessungen<\/h3>\n<ul>\n<li>L\u00e4nge: 4,88 Zoll (12,4 cm)<\/li>\n<li>Breite: 4,88 Zoll (12,4 cm)<\/li>\n<li>H\u00f6he: 1,34 Zoll (3,4 cm)<\/li>\n<li>Gewicht: 0,95 lbs (0,43 kg)<\/li>\n<\/ul>\n<h3>Stromversorgungsspezifikationen<\/h3>\n<ul>\n<li>Stromverbrauch: 59 W bei voller Leistung<\/li>\n<li>Universeller Eingangsbereich: 100 bis 240 VAC \/ 50-60 Hz<\/li>\n<li>Kabell\u00e4nge: 20 ft (6,1 m)<\/li>\n<li>Netzteilkonformit\u00e4t: UL, CE &amp; RoHS<\/li>\n<\/ul>\n<h3>Lieferumfang<\/h3>\n<ul>\n<li>AI Prime\u00ae 16HD Reef<\/li>\n<li>Netzteil<\/li>\n<li>Kurzanleitung<\/li>\n<\/ul>\n<p><strong>** Eine Montagel\u00f6sung muss separat bestellt werden **<\/strong><\/p>\n","protected":false},"excerpt":{"rendered":"<p>Ai PRIME 16HD reef black is the newest LED lamp from Ai for your marine aquarium. Enormous light in a small housing<\/p>\n","protected":false},"featured_media":82433,"template":"","meta":[],"pwb-brand":[2175],"product_cat":[1384,1383],"product_tag":[],"class_list":{"0":"post-86140","1":"product","2":"type-product","3":"status-publish","4":"has-post-thumbnail","6":"pwb-brand-aqua-illumination","7":"product_cat-led-de","8":"product_cat-aqua-illumination-de","9":"pa_show-myparcel-options-male-de","11":"first","12":"outofstock","13":"sale","14":"taxable","15":"shipping-taxable","16":"purchasable","17":"product-type-simple"},"acf":[],"brands":[{"id":2175,"name":"Aqua Illumination","slug":"aqua-illumination"}],"_links":{"self":[{"href":"https:\/\/www.seaflowerstore.com\/de\/wp-json\/wp\/v2\/product\/86140","targetHints":{"allow":["GET"]}}],"collection":[{"href":"https:\/\/www.seaflowerstore.com\/de\/wp-json\/wp\/v2\/product"}],"about":[{"href":"https:\/\/www.seaflowerstore.com\/de\/wp-json\/wp\/v2\/types\/product"}],"wp:featuredmedia":[{"embeddable":true,"href":"https:\/\/www.seaflowerstore.com\/de\/wp-json\/wp\/v2\/media\/82433"}],"wp:attachment":[{"href":"https:\/\/www.seaflowerstore.com\/de\/wp-json\/wp\/v2\/media?parent=86140"}],"wp:term":[{"taxonomy":"pwb-brand","embeddable":true,"href":"https:\/\/www.seaflowerstore.com\/de\/wp-json\/wp\/v2\/pwb-brand?post=86140"},{"taxonomy":"product_cat","embeddable":true,"href":"https:\/\/www.seaflowerstore.com\/de\/wp-json\/wp\/v2\/product_cat?post=86140"},{"taxonomy":"product_tag","embeddable":true,"href":"https:\/\/www.seaflowerstore.com\/de\/wp-json\/wp\/v2\/product_tag?post=86140"}],"curies":[{"name":"wp","href":"https:\/\/api.w.org\/{rel}","templated":true}]}}