{"id":86141,"date":"2019-12-02T21:05:28","date_gmt":"2019-12-02T20:05:28","guid":{"rendered":"https:\/\/www.seaflowerstore.com\/nl\/ai-prime-16hd-reef-white\/"},"modified":"2024-03-19T15:00:36","modified_gmt":"2024-03-19T14:00:36","slug":"ai-prime-16hd-reef-white","status":"publish","type":"product","link":"https:\/\/www.seaflowerstore.com\/de\/ai-prime-16hd-reef-white\/","title":{"rendered":"Ai PRIME 16HD reef white"},"content":{"rendered":"<h2>Ai PRIME 16HD reef white is the latest LED lamp from Ai for your marine aquarium<\/h2>\n<p>Mit der Ai PRIME 16HD sind Sie nicht mehr auf eine feste Leistung pro Kanal beschr\u00e4nkt. Diese innovative Lampe passt die f\u00fcr jede Farbe verf\u00fcgbare Leistung dynamisch an und verwendet Farben, die nicht verwendet werden. Diese Funktion stellt sicher, dass Sie das lebendigste Spektrum erreichen, das Ihr Aquarium je erlebt hat.<\/p>\n<p>Der spezielle Mondlichtkanal simuliert nat\u00fcrliche Mondfarben und -intensit\u00e4t und tr\u00e4gt so zur Sch\u00f6nheit Ihres Aquariums bei.<\/p>\n<p><strong>Einfache integrierte Steuerung<\/strong><\/p>\n<p>Alle AI-Ger\u00e4te verf\u00fcgen standardm\u00e4\u00dfig \u00fcber eine intelligente Steuerung. Sie k\u00f6nnen Ihre AI-Ausr\u00fcstung ganz einfach mit der myAI\u00ae-App auf jedem iOS- oder Android-Ger\u00e4t einrichten oder programmieren.<\/p>\n<p><strong>Leistungsabgabe<\/strong><\/p>\n<p>Die AI Prime\u00ae 16HD deckt eine Fl\u00e4che von 24 x 24 Zoll ab und hat einen Spitzen-PAR von 100 \u00b5Mol in einer Tiefe von 24 Zoll, was sie perfekt f\u00fcr kleine bis mittelgro\u00dfe Riffaquarien macht. Mit einer maximalen Leistungsaufnahme von 55 Watt setzt es die Effizienztradition der Produktfamilie fort.<\/p>\n<p><strong>Optik<\/strong><\/p>\n<p>Der AI Prime\u00ae 16HD ist mit TIR-Linsen ausgestattet, die ein hervorragendes Gleichgewicht zwischen Leistung und Streuung bieten. Diese speziell entwickelte Linsenoptik weist eine optische Effizienz von \u00fcber 90 % auf und verf\u00fcgt \u00fcber eine diffuse Austrittsfl\u00e4che, die die Farbmischung verbessert.<\/p>\n<p><strong>LEDs<\/strong><\/p>\n<p>Diese Lampe verwendet die neueste LED-Technologie f\u00fchrender Hersteller, angeordnet f\u00fcr optimale Leistung:<\/p>\n<ul>\n<li>4 \u2013 Kaltwei\u00df<\/li>\n<li>4 \u2013 Blau<\/li>\n<li>4 \u2013 K\u00f6nigsblau<\/li>\n<li>1 \u2013 Fotorot<\/li>\n<li>1 \u2013 Gr\u00fcn<\/li>\n<li>1 \u2013 Violett<\/li>\n<li>1 \u2013 UV<\/li>\n<li>1 \u2013 Mondlicht<\/li>\n<\/ul>\n<p><strong><span style=\"font-size: 1.17em\">Technische Daten<\/span><\/strong><\/p>\n<p><strong>Abmessungen<\/strong><\/p>\n<ul>\n<li>L\u00e4nge: 4,88 Zoll (12,4 cm)<\/li>\n<li>Breite: 4,88 Zoll (12,4 cm)<\/li>\n<li>H\u00f6he: 1,34 Zoll (3,4 cm)<\/li>\n<li>Gewicht: 0,95 lbs (0,43 kg)<\/li>\n<\/ul>\n<p><strong>Stromversorgungsspezifikationen<\/strong><\/p>\n<ul>\n<li>Stromverbrauch: 59 W bei voller Leistung<\/li>\n<li>Universeller Eingangsbereich: 100 bis 240 VAC \/ 50-60 Hz<\/li>\n<li>Kabell\u00e4nge: 20 ft (6,1 m)<\/li>\n<li>Netzteilkonformit\u00e4t: UL, CE &amp; RoHS<\/li>\n<\/ul>\n<p><strong>Lieferumfang<\/strong><\/p>\n<ul>\n<li>AI Prime\u00ae 16HD Reef<\/li>\n<li>Netzteil<\/li>\n<li>Kurzanleitung<\/li>\n<\/ul>\n<p><strong>** Eine Montagel\u00f6sung muss separat bestellt werden **<\/strong><\/p>\n","protected":false},"excerpt":{"rendered":"<p>Ai PRIME 16HD reef white is the newest LED lamp from Ai for your marine aquarium. Enormous light in a small housing<\/p>\n","protected":false},"featured_media":82425,"template":"","meta":[],"pwb-brand":[2175],"product_cat":[1384,1383],"product_tag":[],"class_list":{"0":"post-86141","1":"product","2":"type-product","3":"status-publish","4":"has-post-thumbnail","6":"pwb-brand-aqua-illumination","7":"product_cat-led-de","8":"product_cat-aqua-illumination-de","9":"pa_show-myparcel-options-male-de","11":"first","12":"outofstock","13":"sale","14":"taxable","15":"shipping-taxable","16":"purchasable","17":"product-type-simple"},"acf":[],"brands":[{"id":2175,"name":"Aqua Illumination","slug":"aqua-illumination"}],"_links":{"self":[{"href":"https:\/\/www.seaflowerstore.com\/de\/wp-json\/wp\/v2\/product\/86141","targetHints":{"allow":["GET"]}}],"collection":[{"href":"https:\/\/www.seaflowerstore.com\/de\/wp-json\/wp\/v2\/product"}],"about":[{"href":"https:\/\/www.seaflowerstore.com\/de\/wp-json\/wp\/v2\/types\/product"}],"wp:featuredmedia":[{"embeddable":true,"href":"https:\/\/www.seaflowerstore.com\/de\/wp-json\/wp\/v2\/media\/82425"}],"wp:attachment":[{"href":"https:\/\/www.seaflowerstore.com\/de\/wp-json\/wp\/v2\/media?parent=86141"}],"wp:term":[{"taxonomy":"pwb-brand","embeddable":true,"href":"https:\/\/www.seaflowerstore.com\/de\/wp-json\/wp\/v2\/pwb-brand?post=86141"},{"taxonomy":"product_cat","embeddable":true,"href":"https:\/\/www.seaflowerstore.com\/de\/wp-json\/wp\/v2\/product_cat?post=86141"},{"taxonomy":"product_tag","embeddable":true,"href":"https:\/\/www.seaflowerstore.com\/de\/wp-json\/wp\/v2\/product_tag?post=86141"}],"curies":[{"name":"wp","href":"https:\/\/api.w.org\/{rel}","templated":true}]}}