{"id":86143,"date":"2019-12-01T16:27:03","date_gmt":"2019-12-01T15:27:03","guid":{"rendered":"https:\/\/www.seaflowerstore.com\/nl\/ati-nutrition-c-2000ml\/"},"modified":"2025-03-21T20:38:52","modified_gmt":"2025-03-21T19:38:52","slug":"ati-nutrition-c-2000ml","status":"publish","type":"product","link":"https:\/\/www.seaflowerstore.com\/de\/ati-nutrition-c-2000ml\/","title":{"rendered":"ATI Nutrition C 2000ml"},"content":{"rendered":"<h2>ATI Nutrition P 2000ml is a carbon source which is a feed for coral and bacteria<\/h2>\n<p>Steinkorallen ben\u00f6tigen zum Aufbau ihres Skeletts eine Vielzahl von Elementen, darunter Kalzium, Karbonate, Magnesium, Strontium und Barium. Dar\u00fcber hinaus ben\u00f6tigen sie zum Aufbau ihrer Biomasse Spurenelemente, organische Verbindungen und N\u00e4hrstoffe aus Kohlenstoff (C), Stickstoff (N) und Phosphor (P).<\/p>\n<p><strong>ATI Nutrition C<\/strong> bietet ein umfassendes Sortiment an essentiellen Produkten, indem es lebenswichtige organische Verbindungen und N\u00e4hrstoffe liefert. Es sorgt f\u00fcr einen perfekt ausgewogenen N\u00e4hrstoffgehalt gem\u00e4\u00df dem Redfield-Verh\u00e4ltnis und beugt gleichzeitig aktiv N\u00e4hrstoffbeschr\u00e4nkungen vor.<\/p>\n<p>Dieses Produkt aktiviert die Bildung von Chromoproteinen in Korallen und f\u00f6rdert das Wachstum und die Vitalit\u00e4t aller Riffbewohner.<\/p>\n<p>Detaillierte Dosierungsberechnungen finden Sie unter dem <a href=\"https:\/\/atiaquaristik.com\/en\/?page_id=1519\" target=\"_blank\" rel=\"noopener noreferrer nofollow\">Link zu ATI<\/a>.<\/p>\n","protected":false},"excerpt":{"rendered":"<p>ATI Nutrition P 2000ml is a carbon source which is a feed for coral and bacteria<\/p>\n","protected":false},"featured_media":82423,"template":"","meta":[],"pwb-brand":[2131],"product_cat":[1391,1395],"product_tag":[],"class_list":{"0":"post-86143","1":"product","2":"type-product","3":"status-publish","4":"has-post-thumbnail","6":"pwb-brand-ati","7":"product_cat-ergaenzungen","8":"product_cat-ati-de","9":"pa_inhoud-2-l-de","10":"pa_show-myparcel-options-male-de","12":"first","13":"instock","14":"sale","15":"taxable","16":"shipping-taxable","17":"purchasable","18":"product-type-simple"},"acf":[],"brands":[{"id":2131,"name":"ATI","slug":"ati"}],"_links":{"self":[{"href":"https:\/\/www.seaflowerstore.com\/de\/wp-json\/wp\/v2\/product\/86143","targetHints":{"allow":["GET"]}}],"collection":[{"href":"https:\/\/www.seaflowerstore.com\/de\/wp-json\/wp\/v2\/product"}],"about":[{"href":"https:\/\/www.seaflowerstore.com\/de\/wp-json\/wp\/v2\/types\/product"}],"wp:featuredmedia":[{"embeddable":true,"href":"https:\/\/www.seaflowerstore.com\/de\/wp-json\/wp\/v2\/media\/82423"}],"wp:attachment":[{"href":"https:\/\/www.seaflowerstore.com\/de\/wp-json\/wp\/v2\/media?parent=86143"}],"wp:term":[{"taxonomy":"pwb-brand","embeddable":true,"href":"https:\/\/www.seaflowerstore.com\/de\/wp-json\/wp\/v2\/pwb-brand?post=86143"},{"taxonomy":"product_cat","embeddable":true,"href":"https:\/\/www.seaflowerstore.com\/de\/wp-json\/wp\/v2\/product_cat?post=86143"},{"taxonomy":"product_tag","embeddable":true,"href":"https:\/\/www.seaflowerstore.com\/de\/wp-json\/wp\/v2\/product_tag?post=86143"}],"curies":[{"name":"wp","href":"https:\/\/api.w.org\/{rel}","templated":true}]}}