{"id":86144,"date":"2019-12-01T16:21:46","date_gmt":"2019-12-01T15:21:46","guid":{"rendered":"https:\/\/www.seaflowerstore.com\/nl\/ati-nutrition-p-2000ml\/"},"modified":"2024-03-19T15:00:34","modified_gmt":"2024-03-19T14:00:34","slug":"ati-nutrition-p-2000ml","status":"publish","type":"product","link":"https:\/\/www.seaflowerstore.com\/de\/ati-nutrition-p-2000ml\/","title":{"rendered":"ATI Nutrition P 2000ml"},"content":{"rendered":"<h2>ATI Nutrition P 2000ml is a phosphorus source that will eventually end up in phosphate<\/h2>\n<p>F\u00fcr die Bildung des Skeletts ben\u00f6tigen Steinkorallen Kalzium, Karbonate, Magnesium, Strontium und Barium. Dar\u00fcber hinaus sind Spurenelemente, organische Verbindungen und N\u00e4hrstoffe wie Kohlenstoff (C), Stickstoff (N) und Phosphor (P) f\u00fcr den Aufbau der Biomasse unerl\u00e4sslich.<\/p>\n<p>ATI Nutrition P wurde entwickelt, um ein umfassendes Angebot dieser essentiellen Produkte bereitzustellen, indem es wichtige organische Verbindungen und N\u00e4hrstoffe liefert. Es sorgt f\u00fcr das richtige N\u00e4hrstoffgleichgewicht gem\u00e4\u00df dem Redfield-Verh\u00e4ltnis und beugt aktiv N\u00e4hrstoffbeschr\u00e4nkungen vor.<\/p>\n<p>Dieses Produkt aktiviert nicht nur die Bildung von Chromoproteinen innerhalb von Korallen, sondern f\u00f6rdert auch das Wachstum und die Vitalit\u00e4t aller Riffbewohner.<\/p>\n<p><strong>Weitere Informationen zur Dosierungsberechnung finden Sie unter folgendem Link:<\/strong> <a href=\"https:\/\/atiaquaristik.com\/de\/?page_id=1519\" target=\"_blank\" rel=\"noopener noreferrer nofollow\">Link zu ATI f\u00fcr Dosierungsberechnungen<\/a><\/p>\n","protected":false},"excerpt":{"rendered":"<p>ATI Nutrition P 2000ml is a phosphorus source that will eventually end up in phosphate<\/p>\n","protected":false},"featured_media":82421,"template":"","meta":[],"pwb-brand":[2131],"product_cat":[1395,1391],"product_tag":[],"class_list":{"0":"post-86144","1":"product","2":"type-product","3":"status-publish","4":"has-post-thumbnail","6":"pwb-brand-ati","7":"product_cat-ati-de","8":"product_cat-ergaenzungen","9":"pa_inhoud-2-l-de","10":"pa_show-myparcel-options-male-de","12":"first","13":"outofstock","14":"sale","15":"taxable","16":"shipping-taxable","17":"purchasable","18":"product-type-simple"},"acf":[],"brands":[{"id":2131,"name":"ATI","slug":"ati"}],"_links":{"self":[{"href":"https:\/\/www.seaflowerstore.com\/de\/wp-json\/wp\/v2\/product\/86144","targetHints":{"allow":["GET"]}}],"collection":[{"href":"https:\/\/www.seaflowerstore.com\/de\/wp-json\/wp\/v2\/product"}],"about":[{"href":"https:\/\/www.seaflowerstore.com\/de\/wp-json\/wp\/v2\/types\/product"}],"wp:featuredmedia":[{"embeddable":true,"href":"https:\/\/www.seaflowerstore.com\/de\/wp-json\/wp\/v2\/media\/82421"}],"wp:attachment":[{"href":"https:\/\/www.seaflowerstore.com\/de\/wp-json\/wp\/v2\/media?parent=86144"}],"wp:term":[{"taxonomy":"pwb-brand","embeddable":true,"href":"https:\/\/www.seaflowerstore.com\/de\/wp-json\/wp\/v2\/pwb-brand?post=86144"},{"taxonomy":"product_cat","embeddable":true,"href":"https:\/\/www.seaflowerstore.com\/de\/wp-json\/wp\/v2\/product_cat?post=86144"},{"taxonomy":"product_tag","embeddable":true,"href":"https:\/\/www.seaflowerstore.com\/de\/wp-json\/wp\/v2\/product_tag?post=86144"}],"curies":[{"name":"wp","href":"https:\/\/api.w.org\/{rel}","templated":true}]}}