{"id":86145,"date":"2019-12-01T16:19:43","date_gmt":"2019-12-01T15:19:43","guid":{"rendered":"https:\/\/www.seaflowerstore.com\/nl\/ati-nutrition-n-2000ml\/"},"modified":"2025-03-21T20:38:53","modified_gmt":"2025-03-21T19:38:53","slug":"ati-nutrition-n-2000ml","status":"publish","type":"product","link":"https:\/\/www.seaflowerstore.com\/de\/ati-nutrition-n-2000ml\/","title":{"rendered":"ATI Nutrition N 2000ml"},"content":{"rendered":"<h2>ATI Nutrition N 2000ml is a nitrogen source that finally will ends in nitrate<\/h2>\n<p>Stickstoff spielt eine entscheidende Rolle bei der Bildung von Aminos\u00e4uren, den wesentlichen Bausteinen von Proteinen. Der Prozess der Nitrifikation f\u00fchrt zur Ansammlung von Nitrat, dem Endprodukt. Obwohl viele Organismen Nitrat verwerten k\u00f6nnen, ist es nicht immer ihre bevorzugte Stickstoffquelle. Es ist wichtig, den Nitratgehalt bei etwa <strong>2 mg\/l<\/strong> zu halten.<\/p>\n<p>Weitere Informationen zur Dosierungsberechnung finden Sie auf der <a href=\"https:\/\/atiaquaristik.com\/en\/?page_id=1519\" target=\"_blank\" rel=\"noopener noreferrer nofollow\">ATI-Website<\/a>.<\/p>\n","protected":false},"excerpt":{"rendered":"<p>ATI Nutrition N 2000ml is a nitrogen source that finally will ends in nitrate<\/p>\n","protected":false},"featured_media":82419,"template":"","meta":[],"pwb-brand":[2131],"product_cat":[1391,1395],"product_tag":[],"class_list":{"0":"post-86145","1":"product","2":"type-product","3":"status-publish","4":"has-post-thumbnail","6":"pwb-brand-ati","7":"product_cat-ergaenzungen","8":"product_cat-ati-de","9":"pa_inhoud-2-l-de","10":"pa_show-myparcel-options-male-de","12":"first","13":"outofstock","14":"sale","15":"taxable","16":"shipping-taxable","17":"purchasable","18":"product-type-simple"},"acf":[],"brands":[{"id":2131,"name":"ATI","slug":"ati"}],"_links":{"self":[{"href":"https:\/\/www.seaflowerstore.com\/de\/wp-json\/wp\/v2\/product\/86145","targetHints":{"allow":["GET"]}}],"collection":[{"href":"https:\/\/www.seaflowerstore.com\/de\/wp-json\/wp\/v2\/product"}],"about":[{"href":"https:\/\/www.seaflowerstore.com\/de\/wp-json\/wp\/v2\/types\/product"}],"wp:featuredmedia":[{"embeddable":true,"href":"https:\/\/www.seaflowerstore.com\/de\/wp-json\/wp\/v2\/media\/82419"}],"wp:attachment":[{"href":"https:\/\/www.seaflowerstore.com\/de\/wp-json\/wp\/v2\/media?parent=86145"}],"wp:term":[{"taxonomy":"pwb-brand","embeddable":true,"href":"https:\/\/www.seaflowerstore.com\/de\/wp-json\/wp\/v2\/pwb-brand?post=86145"},{"taxonomy":"product_cat","embeddable":true,"href":"https:\/\/www.seaflowerstore.com\/de\/wp-json\/wp\/v2\/product_cat?post=86145"},{"taxonomy":"product_tag","embeddable":true,"href":"https:\/\/www.seaflowerstore.com\/de\/wp-json\/wp\/v2\/product_tag?post=86145"}],"curies":[{"name":"wp","href":"https:\/\/api.w.org\/{rel}","templated":true}]}}