{"id":86148,"date":"2019-11-21T18:24:32","date_gmt":"2019-11-21T17:24:32","guid":{"rendered":"https:\/\/www.seaflowerstore.com\/nl\/alkatronic-maintenance-set-4x-internal-hoses-and-1x-filter\/"},"modified":"2026-02-18T10:00:40","modified_gmt":"2026-02-18T09:00:40","slug":"alkatronic-maintenance-set-4x-internal-hoses-and-1x-filter","status":"publish","type":"product","link":"https:\/\/www.seaflowerstore.com\/de\/alkatronic-maintenance-set-4x-internal-hoses-and-1x-filter\/","title":{"rendered":"Alkatronic maintenance set (4x internal hoses and 1x filter)"},"content":{"rendered":"<h2>Alkatronic maintenance set (4x internal hoses and 1x filter)<\/h2>\n<p>Laut Focustronic ist der Austausch bestimmter Teile der Schl\u00fcssel dazu, Ihr Alkatronic in Topform zu halten. Folgendes ist in diesem Wartungsset enthalten:<\/p>\n<ul>\n<li><strong>1x Innenschlauch f\u00fcr Pumpe A<\/strong> (empfohlener Austausch alle 6 Monate, basierend auf durchschnittlich 6 Messungen pro Tag)<\/li>\n<li><strong>1x Innenschlauch f\u00fcr Pumpe C<\/strong> (empfohlener Austausch alle 6 Monate, basierend auf durchschnittlich 6 Messungen pro Tag)<\/li>\n<li><strong>1x Innenschlauch f\u00fcr Pumpe B<\/strong> (empfohlener Austausch alle 6 Monate, basierend auf durchschnittlich 6 Messungen pro Tag)<\/li>\n<li><strong>1x Innenschlauch f\u00fcr Pumpe D<\/strong> (empfohlener Austausch alle 6 Monate, basierend auf durchschnittlich 6 Messungen pro Tag)<\/li>\n<li><strong>1x Mikrofilter<\/strong> (empfohlener Austausch alle 6-8 Monate)<\/li>\n<\/ul>\n<p>Das Produkthandbuch enth\u00e4lt klare Anweisungen zum Austauschen dieser Teile. Weitere Informationen finden Sie auf der Focustronic-Website unter dem Support Abschnitt.<\/p>\n<p>Au\u00dferdem ist es eine gute Idee, den externen Schlauch alle 6-8 Monate auszutauschen. Beachten Sie jedoch, dass Sie diese Schl\u00e4uche f\u00fcr unterschiedliche Installationen separat in der gew\u00fcnschten L\u00e4nge bestellen m\u00fcssen. Vergessen Sie auch nicht, die pH-Sonde alle 6-8 Monate zu kalibrieren, um genaue Messwerte zu gew\u00e4hrleisten.<\/p>\n","protected":false},"excerpt":{"rendered":"<p>Alkatronic maintenance set with parts for 4 internal hoses and 1 filter according to the guidelines in the Focustronic manual<\/p>\n","protected":false},"featured_media":82413,"template":"","meta":[],"pwb-brand":[2261],"product_cat":[1387,1407],"product_tag":[],"class_list":{"0":"post-86148","1":"product","2":"type-product","3":"status-publish","4":"has-post-thumbnail","6":"pwb-brand-focustronic","7":"product_cat-messsysteme","8":"product_cat-focustronic-de","9":"pa_show-myparcel-options-male-de","11":"first","12":"outofstock","13":"taxable","14":"shipping-taxable","15":"purchasable","16":"product-type-simple"},"acf":[],"brands":[{"id":2261,"name":"Focustronic","slug":"focustronic"}],"_links":{"self":[{"href":"https:\/\/www.seaflowerstore.com\/de\/wp-json\/wp\/v2\/product\/86148","targetHints":{"allow":["GET"]}}],"collection":[{"href":"https:\/\/www.seaflowerstore.com\/de\/wp-json\/wp\/v2\/product"}],"about":[{"href":"https:\/\/www.seaflowerstore.com\/de\/wp-json\/wp\/v2\/types\/product"}],"wp:featuredmedia":[{"embeddable":true,"href":"https:\/\/www.seaflowerstore.com\/de\/wp-json\/wp\/v2\/media\/82413"}],"wp:attachment":[{"href":"https:\/\/www.seaflowerstore.com\/de\/wp-json\/wp\/v2\/media?parent=86148"}],"wp:term":[{"taxonomy":"pwb-brand","embeddable":true,"href":"https:\/\/www.seaflowerstore.com\/de\/wp-json\/wp\/v2\/pwb-brand?post=86148"},{"taxonomy":"product_cat","embeddable":true,"href":"https:\/\/www.seaflowerstore.com\/de\/wp-json\/wp\/v2\/product_cat?post=86148"},{"taxonomy":"product_tag","embeddable":true,"href":"https:\/\/www.seaflowerstore.com\/de\/wp-json\/wp\/v2\/product_tag?post=86148"}],"curies":[{"name":"wp","href":"https:\/\/api.w.org\/{rel}","templated":true}]}}