{"id":86149,"date":"2019-11-21T11:49:11","date_gmt":"2019-11-21T10:49:11","guid":{"rendered":"https:\/\/www.seaflowerstore.com\/nl\/alkatronic-maintenance-set-parts-for-one-year\/"},"modified":"2024-03-19T15:00:28","modified_gmt":"2024-03-19T14:00:28","slug":"alkatronic-maintenance-set-parts-for-one-year","status":"publish","type":"product","link":"https:\/\/www.seaflowerstore.com\/de\/alkatronic-maintenance-set-parts-for-one-year\/","title":{"rendered":"Alkatronic maintenance set (parts for one year)"},"content":{"rendered":"<h2>Alkatronic maintenance set (parts for one year)<\/h2>\n<p>Das Alkatronic-Wartungsset ist mit Teilen ausgestattet, die gem\u00e4\u00df den Richtlinien im Handbuch von Focustronic ein Jahr lang halten. Um sicherzustellen, dass Ihr Alkatronic genau und effizient arbeitet, wird empfohlen, die folgenden Teile auszutauschen:<\/p>\n<ul>\n<li><strong>2x interne Schl\u00e4uche f\u00fcr Pumpe A<\/strong> (empfohlener Austausch alle 6 Monate, basierend auf einer durchschnittlichen H\u00e4ufigkeit von 6 Messungen pro Tag)<\/li>\n<li><strong>2x interne Schl\u00e4uche f\u00fcr Pumpe C<\/strong> (empfohlener Austausch alle 6 Monate, basierend auf einer durchschnittlichen H\u00e4ufigkeit von 6 Messungen pro Tag)<\/li>\n<li><strong>1x interner Schlauch f\u00fcr Pumpe B<\/strong> (empfohlener Austausch alle 6 Monate, basierend auf einer durchschnittlichen H\u00e4ufigkeit von 6 Messungen pro Tag)<\/li>\n<li><strong>1x interner Schlauch f\u00fcr Pumpe D<\/strong> (empfohlener Austausch alle 6 Monate, basierend auf einer durchschnittlichen H\u00e4ufigkeit von 6 Messungen pro Tag)<\/li>\n<li><strong>2x Mikrofilter<\/strong> (empfohlener Austausch alle 6-8 Monate)<\/li>\n<li><strong>1x pH 4,0-Kalibrierungsfl\u00fcssigkeit<\/strong> (+\/- 60ml; ausreichend f\u00fcr eine Neukalibrierung der pH-Sonde alle 6-8 Monate)<\/li>\n<li><strong>1x pH 7,0 Kalibrierfl\u00fcssigkeit<\/strong> (+\/- 60ml; ausreichend f\u00fcr eine Neukalibrierung der pH-Sonde alle 6-8 Monate)<\/li>\n<\/ul>\n<p>Pumpen B und D verwenden die gleichen Schl\u00e4uche. Da viele Benutzer auch die Dosetronic haben und Pumpe D nicht h\u00e4ufig verwendet wird, enth\u00e4lt dieses Set der Einfachheit halber 2x Schlauch B\/D.<\/p>\n<p>Anweisungen zum Austauschen der Teile finden Sie im Produkthandbuch und auf der Focustronic-Website im Support-Bereich.<\/p>\n<p>Zus\u00e4tzlich ist es ratsam, den externen Schlauch alle 6 Monate auszutauschen. Bitte beachten Sie, dass diese externen Schl\u00e4uche in der gew\u00fcnschten L\u00e4nge separat bestellt werden m\u00fcssen.<\/p>\n","protected":false},"excerpt":{"rendered":"<p>Alkatronic maintenance set with parts for 1 year according the guidelines in the manual of Focustronic<\/p>\n","protected":false},"featured_media":82411,"template":"","meta":[],"pwb-brand":[2261],"product_cat":[1407,1387],"product_tag":[],"class_list":{"0":"post-86149","1":"product","2":"type-product","3":"status-publish","4":"has-post-thumbnail","6":"pwb-brand-focustronic","7":"product_cat-focustronic-de","8":"product_cat-messsysteme","9":"pa_show-myparcel-options-male-de","11":"first","12":"outofstock","13":"taxable","14":"shipping-taxable","15":"purchasable","16":"product-type-simple"},"acf":[],"brands":[{"id":2261,"name":"Focustronic","slug":"focustronic"}],"_links":{"self":[{"href":"https:\/\/www.seaflowerstore.com\/de\/wp-json\/wp\/v2\/product\/86149","targetHints":{"allow":["GET"]}}],"collection":[{"href":"https:\/\/www.seaflowerstore.com\/de\/wp-json\/wp\/v2\/product"}],"about":[{"href":"https:\/\/www.seaflowerstore.com\/de\/wp-json\/wp\/v2\/types\/product"}],"wp:featuredmedia":[{"embeddable":true,"href":"https:\/\/www.seaflowerstore.com\/de\/wp-json\/wp\/v2\/media\/82411"}],"wp:attachment":[{"href":"https:\/\/www.seaflowerstore.com\/de\/wp-json\/wp\/v2\/media?parent=86149"}],"wp:term":[{"taxonomy":"pwb-brand","embeddable":true,"href":"https:\/\/www.seaflowerstore.com\/de\/wp-json\/wp\/v2\/pwb-brand?post=86149"},{"taxonomy":"product_cat","embeddable":true,"href":"https:\/\/www.seaflowerstore.com\/de\/wp-json\/wp\/v2\/product_cat?post=86149"},{"taxonomy":"product_tag","embeddable":true,"href":"https:\/\/www.seaflowerstore.com\/de\/wp-json\/wp\/v2\/product_tag?post=86149"}],"curies":[{"name":"wp","href":"https:\/\/api.w.org\/{rel}","templated":true}]}}