{"id":86150,"date":"2019-11-21T11:11:21","date_gmt":"2019-11-21T10:11:21","guid":{"rendered":"https:\/\/www.seaflowerstore.com\/nl\/alkatronic-hose-filter\/"},"modified":"2026-02-18T10:00:40","modified_gmt":"2026-02-18T09:00:40","slug":"alkatronic-mastertronic-hose-filter","status":"publish","type":"product","link":"https:\/\/www.seaflowerstore.com\/de\/alkatronic-mastertronic-hose-filter\/","title":{"rendered":"Alkatronic Mastertronic Hose Filter"},"content":{"rendered":"<h2>Alkatronic \/ Mastertronic Hose Filter<\/h2>\n<p>Der Schlauchfilter wird in der Probenleitung der Focustronic Alkatronic und Focustronic Mastertronic verwendet. Diese wichtige Komponente sorgt daf\u00fcr, dass Ihr Probenentnahmeprozess sauber und effizient bleibt.<\/p>\n<p>Da der Schlauchfilter Verunreinigungen fernh\u00e4lt, spielt er eine wichtige Rolle bei der Aufrechterhaltung der Integrit\u00e4t Ihrer Proben. Er ist eine intelligente Erg\u00e4nzung Ihres Setups und verbessert die Gesamtleistung.<\/p>\n","protected":false},"excerpt":{"rendered":"<p>Hose Filter For Focustronic Alkatronic and Focustronic Mastertronic<\/p>\n","protected":false},"featured_media":82409,"template":"","meta":[],"pwb-brand":[2261],"product_cat":[1387,1407],"product_tag":[],"class_list":{"0":"post-86150","1":"product","2":"type-product","3":"status-publish","4":"has-post-thumbnail","6":"pwb-brand-focustronic","7":"product_cat-messsysteme","8":"product_cat-focustronic-de","9":"pa_show-myparcel-options-male-de","11":"first","12":"instock","13":"taxable","14":"shipping-taxable","15":"purchasable","16":"product-type-simple"},"acf":[],"brands":[{"id":2261,"name":"Focustronic","slug":"focustronic"}],"_links":{"self":[{"href":"https:\/\/www.seaflowerstore.com\/de\/wp-json\/wp\/v2\/product\/86150","targetHints":{"allow":["GET"]}}],"collection":[{"href":"https:\/\/www.seaflowerstore.com\/de\/wp-json\/wp\/v2\/product"}],"about":[{"href":"https:\/\/www.seaflowerstore.com\/de\/wp-json\/wp\/v2\/types\/product"}],"wp:featuredmedia":[{"embeddable":true,"href":"https:\/\/www.seaflowerstore.com\/de\/wp-json\/wp\/v2\/media\/82409"}],"wp:attachment":[{"href":"https:\/\/www.seaflowerstore.com\/de\/wp-json\/wp\/v2\/media?parent=86150"}],"wp:term":[{"taxonomy":"pwb-brand","embeddable":true,"href":"https:\/\/www.seaflowerstore.com\/de\/wp-json\/wp\/v2\/pwb-brand?post=86150"},{"taxonomy":"product_cat","embeddable":true,"href":"https:\/\/www.seaflowerstore.com\/de\/wp-json\/wp\/v2\/product_cat?post=86150"},{"taxonomy":"product_tag","embeddable":true,"href":"https:\/\/www.seaflowerstore.com\/de\/wp-json\/wp\/v2\/product_tag?post=86150"}],"curies":[{"name":"wp","href":"https:\/\/api.w.org\/{rel}","templated":true}]}}