{"id":86151,"date":"2019-11-21T11:05:56","date_gmt":"2019-11-21T10:05:56","guid":{"rendered":"https:\/\/www.seaflowerstore.com\/nl\/alkatronic-mastertronic-reagent-vial-stirrer\/"},"modified":"2024-03-19T15:00:27","modified_gmt":"2024-03-19T14:00:27","slug":"alkatronic-mastertronic-reagent-vial-stirrer","status":"publish","type":"product","link":"https:\/\/www.seaflowerstore.com\/de\/alkatronic-mastertronic-reagent-vial-stirrer\/","title":{"rendered":"Alkatronic \/ Mastertronic reagent vial stirrer"},"content":{"rendered":"<h2>Alkatronic \/ Mastertronic reagent vial stirrer<\/h2>\n<p>Dieser R\u00fchrer ist f\u00fcr die Verwendung mit dem Alkatronic-Glasbecher und den Mastertronic-Reagenzfl\u00e4schchen konzipiert. Es ist ein praktisches Werkzeug, das effizientes Mischen f\u00fcr genaue Ergebnisse gew\u00e4hrleistet.<\/p>\n<p>Mit seiner zuverl\u00e4ssigen Leistung ist dieser R\u00fchrer perfekt f\u00fcr Laborumgebungen geeignet, in denen Pr\u00e4zision und Konsistenz entscheidend sind. Sie werden feststellen, dass er eine unverzichtbare Erg\u00e4nzung Ihrer Ausr\u00fcstung ist.<\/p>\n","protected":false},"excerpt":{"rendered":"<p>Alkatronic \/ Mastertronic reagent vial magnetic stirrer<\/p>\n","protected":false},"featured_media":82407,"template":"","meta":[],"pwb-brand":[2261],"product_cat":[1387,1407],"product_tag":[],"class_list":{"0":"post-86151","1":"product","2":"type-product","3":"status-publish","4":"has-post-thumbnail","6":"pwb-brand-focustronic","7":"product_cat-messsysteme","8":"product_cat-focustronic-de","9":"pa_show-myparcel-options-male-de","11":"first","12":"outofstock","13":"taxable","14":"shipping-taxable","15":"purchasable","16":"product-type-simple"},"acf":[],"brands":[{"id":2261,"name":"Focustronic","slug":"focustronic"}],"_links":{"self":[{"href":"https:\/\/www.seaflowerstore.com\/de\/wp-json\/wp\/v2\/product\/86151","targetHints":{"allow":["GET"]}}],"collection":[{"href":"https:\/\/www.seaflowerstore.com\/de\/wp-json\/wp\/v2\/product"}],"about":[{"href":"https:\/\/www.seaflowerstore.com\/de\/wp-json\/wp\/v2\/types\/product"}],"wp:featuredmedia":[{"embeddable":true,"href":"https:\/\/www.seaflowerstore.com\/de\/wp-json\/wp\/v2\/media\/82407"}],"wp:attachment":[{"href":"https:\/\/www.seaflowerstore.com\/de\/wp-json\/wp\/v2\/media?parent=86151"}],"wp:term":[{"taxonomy":"pwb-brand","embeddable":true,"href":"https:\/\/www.seaflowerstore.com\/de\/wp-json\/wp\/v2\/pwb-brand?post=86151"},{"taxonomy":"product_cat","embeddable":true,"href":"https:\/\/www.seaflowerstore.com\/de\/wp-json\/wp\/v2\/product_cat?post=86151"},{"taxonomy":"product_tag","embeddable":true,"href":"https:\/\/www.seaflowerstore.com\/de\/wp-json\/wp\/v2\/product_tag?post=86151"}],"curies":[{"name":"wp","href":"https:\/\/api.w.org\/{rel}","templated":true}]}}