{"id":86154,"date":"2019-11-20T12:14:27","date_gmt":"2019-11-20T11:14:27","guid":{"rendered":"https:\/\/www.seaflowerstore.com\/nl\/ghl-profilux-4-mega-set-6e-white\/"},"modified":"2024-03-19T15:00:23","modified_gmt":"2024-03-19T14:00:23","slug":"ghl-profilux-4-mega-set-6e-white","status":"publish","type":"product","link":"https:\/\/www.seaflowerstore.com\/de\/ghl-profilux-4-mega-set-6e-white\/","title":{"rendered":"GHL ProfiLux 4 Mega-Set 6E white"},"content":{"rendered":"<h2>ProfiLux 4 Mega-Set 6E white advanced aquarium computer<\/h2>\n<p>Der ProfiLux 4 ist so konzipiert, dass er wirklich hervorsticht. Wir haben die Hardware aktualisiert und einige aufregende neue Funktionen integriert, die Sie bei den Controllern anderer Wettbewerber nicht finden werden. Das Beste daran ist, dass alle vorhandenen GHL-Zubeh\u00f6rteile und Erweiterungskarten weiterhin mit dem ProfiLux 4 kompatibel sind!<\/p>\n<p>ProfiLux Line-Controller werden weltweit f\u00fcr ihre herausragende Genauigkeit und Zuverl\u00e4ssigkeit gesch\u00e4tzt. Egal ob Sie Hobbyist oder Teil einer Forschungseinrichtung sind, Sie k\u00f6nnen sich darauf verlassen, dass Ihnen der ProfiLux hochpr\u00e4zise Daten und Leistung liefert.<\/p>\n<h3>Inklusive ProfiLux 4 Mega-Set 6E<\/h3>\n<ul>\n<li>ProfiLux-4 Controller, wei\u00df<\/li>\n<li>ProfiLux-4 Netzteil<\/li>\n<li>Wassertemperatursensor<\/li>\n<li>pH-Sonde<\/li>\n<li>Redox-Sonde (ORP wird f\u00fcr Ozon verwendet)<\/li>\n<li>Leitf\u00e4higkeitssonde (zur Salzgehaltsmessung)<\/li>\n<li>Powerbar 6E mit PAB-Kabel 2 m, mit Schuko-Steckdosen (EU)<\/li>\n<li>Kalibrierfl\u00fcssigkeiten (pH 7 &amp; 9, 50 ms, 220 mV)<\/li>\n<li>USB-Kabel<\/li>\n<\/ul>\n","protected":false},"excerpt":{"rendered":"<p>ProfiLux-4 Mega-Set 6E white advanced aquarium computer<\/p>\n","protected":false},"featured_media":82401,"template":"","meta":[],"pwb-brand":[2157],"product_cat":[1408],"product_tag":[],"class_list":{"0":"post-86154","1":"product","2":"type-product","3":"status-publish","4":"has-post-thumbnail","6":"pwb-brand-ghl","7":"product_cat-computer-de","8":"pa_show-myparcel-options-male-de","10":"first","11":"instock","12":"taxable","13":"shipping-taxable","14":"purchasable","15":"product-type-simple"},"acf":[],"brands":[{"id":2157,"name":"GHL","slug":"ghl"}],"_links":{"self":[{"href":"https:\/\/www.seaflowerstore.com\/de\/wp-json\/wp\/v2\/product\/86154","targetHints":{"allow":["GET"]}}],"collection":[{"href":"https:\/\/www.seaflowerstore.com\/de\/wp-json\/wp\/v2\/product"}],"about":[{"href":"https:\/\/www.seaflowerstore.com\/de\/wp-json\/wp\/v2\/types\/product"}],"wp:featuredmedia":[{"embeddable":true,"href":"https:\/\/www.seaflowerstore.com\/de\/wp-json\/wp\/v2\/media\/82401"}],"wp:attachment":[{"href":"https:\/\/www.seaflowerstore.com\/de\/wp-json\/wp\/v2\/media?parent=86154"}],"wp:term":[{"taxonomy":"pwb-brand","embeddable":true,"href":"https:\/\/www.seaflowerstore.com\/de\/wp-json\/wp\/v2\/pwb-brand?post=86154"},{"taxonomy":"product_cat","embeddable":true,"href":"https:\/\/www.seaflowerstore.com\/de\/wp-json\/wp\/v2\/product_cat?post=86154"},{"taxonomy":"product_tag","embeddable":true,"href":"https:\/\/www.seaflowerstore.com\/de\/wp-json\/wp\/v2\/product_tag?post=86154"}],"curies":[{"name":"wp","href":"https:\/\/api.w.org\/{rel}","templated":true}]}}