{"id":86157,"date":"2019-11-19T11:19:23","date_gmt":"2019-11-19T10:19:23","guid":{"rendered":"https:\/\/www.seaflowerstore.com\/nl\/ocean-prime-copepods-liquid-500-700-microns-50ml\/"},"modified":"2024-03-19T15:00:17","modified_gmt":"2024-03-19T14:00:17","slug":"ocean-prime-copepods-liquid-500-700-microns-50ml","status":"publish","type":"product","link":"https:\/\/www.seaflowerstore.com\/de\/ocean-prime-copepods-liquid-500-700-microns-50ml\/","title":{"rendered":"Ocean Prime Copepods Liquid 500-700 microns 50ml"},"content":{"rendered":"<h2>Ocean Prime Copepods Liquid 500-700 microns 50ml have a nutritional profile that meets the requirements of fish.<\/h2>\n<p>Verabschieden Sie sich von unangenehmen Ger\u00fcchen in Ihrem K\u00fchlschrank und dem l\u00e4stigen Zubereiten von Futterw\u00fcrfeln. Mit Ocean Prime Copepods genie\u00dfen Sie einfache Handhabung, Dosierung und Lagerung. Copepoden sind winzige Krebstier-Zooplankton, die die gr\u00f6\u00dfte Bioressource der Welt darstellen. Viele Wasserarten sind in verschiedenen Stadien ihres Lebenszyklus auf Copepoden angewiesen. Sie sind eine Nahrungsquelle f\u00fcr Fische, Fischlarven, Korallen, Quallen, Garnelen, Filtrierer und vieles mehr.<\/p>\n<p><strong>Ocean Prime Copepods Liquid<\/strong> bietet ein N\u00e4hrwertprofil, das den Bed\u00fcrfnissen von Fischen, Krebstieren, Wirbellosen und Korallen entspricht. Der typische Lipidgehalt liegt zwischen 10 und 15 %, w\u00e4hrend der Proteingehalt etwa 50 % des Trockengewichts betr\u00e4gt. Diese Lipide sind reich an essentiellen Fetts\u00e4uren wie DHA und EPA, die an Phospholipide gebunden sind, und sie enthalten auch hohe Mengen an Pigmenten wie Astaxanthin.<\/p>\n<p>Ocean Prime Copepoden werden mit umweltfreundlichen Methoden aus sauberen, unverschmutzten arktischen Gew\u00e4ssern gewonnen und ohne sch\u00e4dliche Zusatzstoffe konserviert, was eine bessere N\u00e4hrstoffqualit\u00e4t im Vergleich zu gefrorenem Futter gew\u00e4hrleistet. Sie sind 100 % sauber und m\u00fcssen vor der Verwendung nicht vorgesp\u00fclt werden. Das Produkt wird aus Gr\u00fcnden der Biosicherheit sterilisiert, was dazu beitr\u00e4gt, N\u00e4hrstoffverluste zu minimieren.<\/p>\n<p>Diese Copepoden sind sowohl f\u00fcr Salz- als auch f\u00fcr S\u00fc\u00dfwasserfische, Korallen, Wirbellose und Krustentiere geeignet. Als Erg\u00e4nzungsfutter spielt Ocean Prime eine entscheidende Rolle bei der F\u00f6rderung von F\u00e4rbung, Wachstum und allgemeiner \u00dcberlebensf\u00e4higkeit. Dank ihres Auftriebs k\u00f6nnen Ocean Prime Copepoden leicht von Riffwirbellosen wie Korallen und Krustentieren gefangen werden, und Fische nehmen dieses einzigartige Futter bereitwillig an. Ocean Prime kann sogar als vollst\u00e4ndiger Ersatz f\u00fcr Artemia oder Salzwassergarnelen dienen. Durch die Aufnahme von bis zu 25 % Ocean Prime in die Ern\u00e4hrung Ihrer Fische k\u00f6nnen Sie mit einer verbesserten Immunabwehr und einer gesteigerten Geschlechtsreife rechnen.<\/p>\n<p>Ocean Prime Liquid wird in 50-ml-Flaschen mit Pipette geliefert, die Ruderfu\u00dfkrebse mit einer Gr\u00f6\u00dfe zwischen 500 und 700 Mikrometer enthalten.<\/p>\n<p><strong>Nach dem \u00d6ffnen:<\/strong> Solange die Flasche verschlossen bleibt, k\u00f6nnen Sie die Ruderfu\u00dfkrebse bei Raumtemperatur lagern. Behandeln Sie den Inhalt nach dem \u00d6ffnen wie ein frisches Produkt. Verwenden Sie immer saubere Werkzeuge, wie z. B. einen L\u00f6ffel, und vermeiden Sie Kreuzkontamination. Tauchen Sie die Pipette bitte nicht in Aquarienwasser. Achten Sie auf Hygiene! Schlie\u00dfen Sie die Flasche sofort nach Gebrauch, um Bakterien und Sauerstoff fernzuhalten. <strong>F\u00fcr eine optimale Lagerung bis zu 6 Monate im Gefrierschrank oder maximal 3 Monate nach dem \u00d6ffnen im K\u00fchlschrank aufbewahren. Ocean Prime Copepods Liquid bleibt auch im gefrorenen Zustand fl\u00fcssig.<\/strong> F\u00fcttern Sie nur so viel, wie Ihr Aquarium innerhalb von 3-5 Minuten aufnehmen kann.<\/p>\n<p><strong>Technische Analyse:<\/strong><\/p>\n<ul>\n<li>Inhalt: ganze planktonische Arten, E422 (PHARM. KOSHER)<\/li>\n<li>Gr\u00f6\u00dfe der Arten: 500-700 Mikrometer<\/li>\n<li>Arten: Ruderfu\u00dfkrebse (Calanus, Temora, Pseudocalanus, Paracalanus, Acartia, Centropages und Oithona)<\/li>\n<li>Haltbarkeit: Das Produkt ist steril. Eine unge\u00f6ffnete Packung ist bei Raumtemperatur 3 Jahre haltbar, kann aber auch \u00fcber dieses Datum hinaus ihre Qualit\u00e4t behalten (das Mindesthaltbarkeitsdatum ist auf der Packung aufgedruckt). Nach dem \u00d6ffnen maximal 6 Monate im Gefrierschrank oder bis zu 3 Monate im K\u00fchlschrank aufbewahren. Ocean Prime Copepoden bleiben fl\u00fcssig, wenn sie eingefroren werden.<\/li>\n<\/ul>\n<p><strong>Durchschnittlicher N\u00e4hrstoffgehalt von konserviertem Plankton<\/strong><\/p>\n<p><strong>H\u00e4ufig gestellte Fragen:<\/strong><\/p>\n<p><em>Was sind Ocean Prime Copepoden?<\/em><br \/>Ocean Prime Copepoden bestehen aus verschiedenen wild gefangenen Ruderfu\u00dfkrebsarten aus arktischen Gew\u00e4ssern. Sie werden in 50-ml-Flaschen geliefert und sind bis zu 3 Jahre haltbar.<\/p>\n<p><em>Sind die Ruderfu\u00dfkrebse in Ocean Prime lebendig?<\/em><br \/>Nein, Ocean Prime Copepoden sind nicht lebendig.<\/p>\n<p><em>Sind die Ruderfu\u00dfkrebse in Ocean Prime (gefrier-)getrocknet?<\/em><br \/>Nein, Ocean Prime Copepoden sind so frisch, wie Sie sie im Meer finden w\u00fcrden.<\/p>\n","protected":false},"excerpt":{"rendered":"<p>Ocean Prime Copepods Liquid 500-700 microns 50ml have a nutritional profile that meets the requirements of fish, crustaceans, invertebrates and corals.<\/p>\n","protected":false},"featured_media":82389,"template":"","meta":[],"pwb-brand":[2193],"product_cat":[1402,1447],"product_tag":[],"class_list":{"0":"post-86157","1":"product","2":"type-product","3":"status-publish","4":"has-post-thumbnail","6":"pwb-brand-dvh","7":"product_cat-verschieden","8":"product_cat-futter-de","9":"pa_show-myparcel-options-male-de","11":"first","12":"instock","13":"taxable","14":"shipping-taxable","15":"purchasable","16":"product-type-simple"},"acf":[],"brands":[{"id":2193,"name":"DVH","slug":"dvh"}],"_links":{"self":[{"href":"https:\/\/www.seaflowerstore.com\/de\/wp-json\/wp\/v2\/product\/86157","targetHints":{"allow":["GET"]}}],"collection":[{"href":"https:\/\/www.seaflowerstore.com\/de\/wp-json\/wp\/v2\/product"}],"about":[{"href":"https:\/\/www.seaflowerstore.com\/de\/wp-json\/wp\/v2\/types\/product"}],"wp:featuredmedia":[{"embeddable":true,"href":"https:\/\/www.seaflowerstore.com\/de\/wp-json\/wp\/v2\/media\/82389"}],"wp:attachment":[{"href":"https:\/\/www.seaflowerstore.com\/de\/wp-json\/wp\/v2\/media?parent=86157"}],"wp:term":[{"taxonomy":"pwb-brand","embeddable":true,"href":"https:\/\/www.seaflowerstore.com\/de\/wp-json\/wp\/v2\/pwb-brand?post=86157"},{"taxonomy":"product_cat","embeddable":true,"href":"https:\/\/www.seaflowerstore.com\/de\/wp-json\/wp\/v2\/product_cat?post=86157"},{"taxonomy":"product_tag","embeddable":true,"href":"https:\/\/www.seaflowerstore.com\/de\/wp-json\/wp\/v2\/product_tag?post=86157"}],"curies":[{"name":"wp","href":"https:\/\/api.w.org\/{rel}","templated":true}]}}