{"id":86159,"date":"2019-11-19T10:24:13","date_gmt":"2019-11-19T09:24:13","guid":{"rendered":"https:\/\/www.seaflowerstore.com\/nl\/ocean-prime-copepods-liquid-2mm-50ml\/"},"modified":"2024-03-19T15:00:10","modified_gmt":"2024-03-19T14:00:10","slug":"ocean-prime-copepods-liquid-2mm-50ml","status":"publish","type":"product","link":"https:\/\/www.seaflowerstore.com\/de\/ocean-prime-copepods-liquid-2mm-50ml\/","title":{"rendered":"Ocean Prime Copepods Liquid 2mm 50ml"},"content":{"rendered":"<h2>Ocean Prime Copepods Liquid 2mm 50ml have a nutritional profile that meets the requirements of fish, crustaceans, invertebrates and corals.<\/h2>\n<p>Verabschieden Sie sich von unangenehmen Ger\u00fcchen in Ihrem K\u00fchlschrank und dem l\u00e4stigen Zubereiten von W\u00fcrfeln. Mit Ocean Prime Copepods Liquid genie\u00dfen Sie einfache Handhabung, Dosierung und Lagerung. Copepoden sind winzige Krebstiere, die als die gr\u00f6\u00dfte Bioressource der Welt gelten und f\u00fcr viele Wasserarten in verschiedenen Stadien ihres Lebenszyklus unverzichtbar sind. Sie sind eine beliebte Nahrungsquelle f\u00fcr Fische, Fischlarven, Korallen, Quallen, Garnelen, Filtrierer und viele mehr.<\/p>\n<p>Ocean Prime Copepods Liquid bietet ein N\u00e4hrwertprofil, das den Bed\u00fcrfnissen von Fischen, Krebstieren, Wirbellosen und Korallen entspricht. Der typische Lipidgehalt liegt zwischen 10 und 15 %, w\u00e4hrend der Proteingehalt etwa 50 % des Trockengewichts betr\u00e4gt. Diese Lipide sind reich an essentiellen Fetts\u00e4uren wie DHA und EPA und enthalten au\u00dferdem hohe Mengen an Pigmenten wie Astaxanthin.<\/p>\n<p>Diese Ruderfu\u00dfkrebse werden mit umweltfreundlichen Methoden aus sauberen, unverschmutzten arktischen Gew\u00e4ssern geerntet. Die verwendete Konservierungstechnik beinhaltet keine sch\u00e4dlichen Zusatzstoffe, wodurch sichergestellt wird, dass die N\u00e4hrstoffqualit\u00e4t im Vergleich zu gefrorenem Futter deutlich besser ist. Ocean Prime Copepods sind 100 % sauber und m\u00fcssen vor der Verwendung nicht vorgesp\u00fclt werden. Das Produkt wird aus Gr\u00fcnden der Biosicherheit sterilisiert, wodurch N\u00e4hrstoffverluste minimiert werden.<\/p>\n<p>Ocean Prime Copepods eignen sich sowohl f\u00fcr Salz- als auch f\u00fcr S\u00fc\u00dfwasserfische, Korallen, Wirbellose und Krebstiere. Als Erg\u00e4nzungsfutter spielt Ocean Prime eine wichtige Rolle bei der Verbesserung von F\u00e4rbung, Wachstum und \u00dcberlebensf\u00e4higkeit. Dank seines Auftriebs hat dieses Produkt eine ausgezeichnete Fangrate bei Riff-Wirbellosen wie Korallen und Krebstieren. Auch Fische nehmen dieses einzigartige Futter gerne an. Dar\u00fcber hinaus kann Ocean Prime als vollst\u00e4ndiger Ersatz f\u00fcr Artemia oder Salzwassergarnelen dienen. Durch die Aufnahme von bis zu 25 % Ocean Prime in die Ern\u00e4hrung Ihrer Fische k\u00f6nnen Sie mit einer erh\u00f6hten Immunabwehr und einer verbesserten Geschlechtsreife rechnen.<\/p>\n<p>Ocean Prime Liquid ist in 50-ml-Flaschen mit einer Pipette erh\u00e4ltlich, die 2 mm gro\u00dfe Ruderfu\u00dfkrebse enth\u00e4lt. <\/p>\n<p><strong>Nach dem \u00d6ffnen:<\/strong> Solange die Flasche geschlossen bleibt, k\u00f6nnen Sie die Ruderfu\u00dfkrebse bei Raumtemperatur aufbewahren. Behandeln Sie den Inhalt nach dem \u00d6ffnen wie ein frisches Produkt. Verwenden Sie immer saubere Werkzeuge (z. B. einen L\u00f6ffel), um Kreuzkontaminationen zu vermeiden. Tauchen Sie die Pipette nicht in Aquarienwasser. Achten Sie auf Hygiene! Schlie\u00dfen Sie die Flasche sofort nach Gebrauch, um Bakterien und Sauerstoff fernzuhalten. <strong>Nach dem \u00d6ffnen maximal 6 Monate im Gefrierschrank oder maximal 3 Monate im K\u00fchlschrank aufbewahren. Ocean Prime Copepods Liquid bleibt auch im gefrorenen Zustand fl\u00fcssig.<\/strong> F\u00fcttern Sie Ihr Aquarium nur mit so viel, wie es innerhalb von 3-5 Minuten verbraucht.<\/p>\n<p><strong>Technische Analyse:<\/strong><\/p>\n<ul>\n<li>Inhalt: ganze planktonische Arten, E422 (PHARM. KOSHER)<\/li>\n<li>Gr\u00f6\u00dfe der Arten: 2 mm<\/li>\n<li>Arten: Ruderfu\u00dfkrebse (Calanus, Temora, Pseudocalanus, Paracalanus, Acartia, Centropages und Oithona)<\/li>\n<li>Haltbarkeit: Das Produkt ist steril. Die Haltbarkeit einer unge\u00f6ffneten Packung betr\u00e4gt bei Raumtemperatur 3 Jahre, die gute Qualit\u00e4t bleibt jedoch auch \u00fcber dieses Datum hinaus erhalten (das Mindesthaltbarkeitsdatum ist auf der Packung aufgedruckt). Nach dem \u00d6ffnen maximal 6 Monate im Gefrierfach oder maximal 3 Monate im K\u00fchlschrank aufbewahren. Ocean Prime Copepoden bleiben fl\u00fcssig, wenn sie gefroren sind.<\/li>\n<\/ul>\n<p><strong>Durchschnittlicher N\u00e4hrstoffgehalt von konserviertem Plankton<\/strong><\/p>\n<p><strong>H\u00e4ufig gestellte Fragen:<\/strong><\/p>\n<p><em>Was sind Ocean Prime Copepoden?<\/em> Ocean Prime Copepoden sind verschiedene Arten von wild gefangenen Ruderfu\u00dfkrebsen aus arktischen Gew\u00e4ssern. Sie werden in 50-ml-Flaschen geliefert und sind bis zu 3 Jahre haltbar.<\/p>\n<p><em>Sind die Ruderfu\u00dfkrebse in Ocean Prime lebendig?<\/em> Nein, Ocean Prime Copepoden sind nicht lebendig.<\/p>\n<p><em>Sind die Ruderfu\u00dfkrebse in Ocean Prime (gefrier-)getrocknet?<\/em> Nein, Ocean Prime Copepoden sind frisch, so wie Sie sie im Meer finden.<\/p>\n","protected":false},"excerpt":{"rendered":"<p>Ocean Prime Copepods Liquid 2mm 50ml have a nutritional profile that meets the requirements of fish, crustaceans, invertebrates and corals.<\/p>\n","protected":false},"featured_media":82383,"template":"","meta":[],"pwb-brand":[2193],"product_cat":[1402,1447],"product_tag":[],"class_list":{"0":"post-86159","1":"product","2":"type-product","3":"status-publish","4":"has-post-thumbnail","6":"pwb-brand-dvh","7":"product_cat-verschieden","8":"product_cat-futter-de","9":"pa_show-myparcel-options-male-de","11":"first","12":"instock","13":"taxable","14":"shipping-taxable","15":"purchasable","16":"product-type-simple"},"acf":[],"brands":[{"id":2193,"name":"DVH","slug":"dvh"}],"_links":{"self":[{"href":"https:\/\/www.seaflowerstore.com\/de\/wp-json\/wp\/v2\/product\/86159","targetHints":{"allow":["GET"]}}],"collection":[{"href":"https:\/\/www.seaflowerstore.com\/de\/wp-json\/wp\/v2\/product"}],"about":[{"href":"https:\/\/www.seaflowerstore.com\/de\/wp-json\/wp\/v2\/types\/product"}],"wp:featuredmedia":[{"embeddable":true,"href":"https:\/\/www.seaflowerstore.com\/de\/wp-json\/wp\/v2\/media\/82383"}],"wp:attachment":[{"href":"https:\/\/www.seaflowerstore.com\/de\/wp-json\/wp\/v2\/media?parent=86159"}],"wp:term":[{"taxonomy":"pwb-brand","embeddable":true,"href":"https:\/\/www.seaflowerstore.com\/de\/wp-json\/wp\/v2\/pwb-brand?post=86159"},{"taxonomy":"product_cat","embeddable":true,"href":"https:\/\/www.seaflowerstore.com\/de\/wp-json\/wp\/v2\/product_cat?post=86159"},{"taxonomy":"product_tag","embeddable":true,"href":"https:\/\/www.seaflowerstore.com\/de\/wp-json\/wp\/v2\/product_tag?post=86159"}],"curies":[{"name":"wp","href":"https:\/\/api.w.org\/{rel}","templated":true}]}}