{"id":86161,"date":"2019-11-11T20:21:30","date_gmt":"2019-11-11T19:21:30","guid":{"rendered":"https:\/\/www.seaflowerstore.com\/nl\/aqua-medic-ro-resin-cartridge\/"},"modified":"2025-07-16T16:40:19","modified_gmt":"2025-07-16T14:40:19","slug":"aqua-medic-ro-resin-cartridge","status":"publish","type":"product","link":"https:\/\/www.seaflowerstore.com\/de\/aqua-medic-ro-resin-cartridge\/","title":{"rendered":"Aqua Medic RO-resin cartridge"},"content":{"rendered":"<h2>Aqua Medic RO-resin cartridge color changing DI-cartridge for 10&#8243; cannisters<\/h2>\n<p>Die Aqua Medic RO-Harzkartusche ist eine farbwechselnde Deionisierungskartusche, die speziell f\u00fcr 10-Zoll-Kanister entwickelt wurde, darunter das Umkehrosmosesystem Platinum Line Plus und andere. Diese Kartusche ist unerl\u00e4sslich, um die letzten Spuren von Schadstoffen aus Umkehrosmosewasser zu entfernen, wie z. B. Silikat, Nitrat und andere Ionen, wobei Ionenaustauscherharz als letzte Filterstufe verwendet wird.<\/p>\n<p>Durch die Verwendung dieser Kartusche k\u00f6nnen Sie das Kieselalgenwachstum wirksam reduzieren, insbesondere wenn der Silikatgehalt im Leitungswasser erh\u00f6ht ist.<\/p>\n<p><strong>Hauptmerkmale:<\/strong><\/p>\n<ul>\n<li><em>Farbindikator:<\/em> Das Harz \u00e4ndert seine Farbe, um eine visuelle Anzeige der Filterleistung zu bieten. Wenn die Leitf\u00e4higkeit des gereinigten Osmosewassers zu steigen beginnt, wechselt das Harz von blau zu gr\u00fcn und signalisiert damit, dass es ausgetauscht werden muss.<\/li>\n<li><em>F\u00fcllkapazit\u00e4t:<\/em> Die Kartusche hat eine F\u00fcllkapazit\u00e4t von ungef\u00e4hr 600 ml Harz.<\/li>\n<\/ul>\n<p>Dieses Produkt ist eine zuverl\u00e4ssige Wahl zur Aufrechterhaltung der Qualit\u00e4t Ihres Wassers und stellt sicher, dass es sauber und sicher f\u00fcr die Verwendung bleibt.<\/p>\n","protected":false},"excerpt":{"rendered":"<p>Aqua Medic RO-resin cartridge color changing DI-cartridge for 10&#8243; cannisters<\/p>\n","protected":false},"featured_media":82375,"template":"","meta":[],"pwb-brand":[2149],"product_cat":[1463,1421],"product_tag":[],"class_list":{"0":"post-86161","1":"product","2":"type-product","3":"status-publish","4":"has-post-thumbnail","6":"pwb-brand-aqua-medic","7":"product_cat-filter-und-zubehoer","8":"product_cat-aqua-medic-de","9":"pa_show-myparcel-options-male-de","11":"first","12":"instock","13":"taxable","14":"shipping-taxable","15":"purchasable","16":"product-type-simple"},"acf":[],"brands":[{"id":2149,"name":"Aqua Medic","slug":"aqua-medic"}],"_links":{"self":[{"href":"https:\/\/www.seaflowerstore.com\/de\/wp-json\/wp\/v2\/product\/86161","targetHints":{"allow":["GET"]}}],"collection":[{"href":"https:\/\/www.seaflowerstore.com\/de\/wp-json\/wp\/v2\/product"}],"about":[{"href":"https:\/\/www.seaflowerstore.com\/de\/wp-json\/wp\/v2\/types\/product"}],"wp:featuredmedia":[{"embeddable":true,"href":"https:\/\/www.seaflowerstore.com\/de\/wp-json\/wp\/v2\/media\/82375"}],"wp:attachment":[{"href":"https:\/\/www.seaflowerstore.com\/de\/wp-json\/wp\/v2\/media?parent=86161"}],"wp:term":[{"taxonomy":"pwb-brand","embeddable":true,"href":"https:\/\/www.seaflowerstore.com\/de\/wp-json\/wp\/v2\/pwb-brand?post=86161"},{"taxonomy":"product_cat","embeddable":true,"href":"https:\/\/www.seaflowerstore.com\/de\/wp-json\/wp\/v2\/product_cat?post=86161"},{"taxonomy":"product_tag","embeddable":true,"href":"https:\/\/www.seaflowerstore.com\/de\/wp-json\/wp\/v2\/product_tag?post=86161"}],"curies":[{"name":"wp","href":"https:\/\/api.w.org\/{rel}","templated":true}]}}