{"id":86162,"date":"2019-11-10T10:56:27","date_gmt":"2019-11-10T09:56:27","guid":{"rendered":"https:\/\/www.seaflowerstore.com\/nl\/reefbot-reagent-vial-60ml\/"},"modified":"2024-03-19T15:00:05","modified_gmt":"2024-03-19T14:00:05","slug":"reefbot-reagent-vial-60ml","status":"publish","type":"product","link":"https:\/\/www.seaflowerstore.com\/de\/reefbot-reagent-vial-60ml\/","title":{"rendered":"Reefbot reagent vial 60ml"},"content":{"rendered":"<h2>Reef Kinetics Reefbot reagent vial 60ml 1 piece<\/h2>\n<p>Dies ist die zertifizierte Ersatzflasche, die speziell f\u00fcr den ReefBot von Reef Kinetics entwickelt wurde. Sie ist f\u00fcr die Verwendung mit den Reagenzfl\u00fcssigkeiten vorgesehen. Bitte beachten Sie, dass in dieser Ampulle keine R\u00fchrer enthalten sind.<\/p>\n","protected":false},"excerpt":{"rendered":"<p>These are the certified replacement vials that are used in the ReefBot of Reef Kinetics for the reagent liquids.<\/p>\n","protected":false},"featured_media":84523,"template":"","meta":[],"pwb-brand":[2271],"product_cat":[1387],"product_tag":[],"class_list":{"0":"post-86162","1":"product","2":"type-product","3":"status-publish","4":"has-post-thumbnail","6":"pwb-brand-reef-kinetics","7":"product_cat-messsysteme","8":"pa_show-myparcel-options-male-de","10":"first","11":"instock","12":"taxable","13":"shipping-taxable","14":"purchasable","15":"product-type-simple"},"acf":[],"brands":[{"id":2271,"name":"Reef Kinetics","slug":"reef-kinetics"}],"_links":{"self":[{"href":"https:\/\/www.seaflowerstore.com\/de\/wp-json\/wp\/v2\/product\/86162","targetHints":{"allow":["GET"]}}],"collection":[{"href":"https:\/\/www.seaflowerstore.com\/de\/wp-json\/wp\/v2\/product"}],"about":[{"href":"https:\/\/www.seaflowerstore.com\/de\/wp-json\/wp\/v2\/types\/product"}],"wp:featuredmedia":[{"embeddable":true,"href":"https:\/\/www.seaflowerstore.com\/de\/wp-json\/wp\/v2\/media\/84523"}],"wp:attachment":[{"href":"https:\/\/www.seaflowerstore.com\/de\/wp-json\/wp\/v2\/media?parent=86162"}],"wp:term":[{"taxonomy":"pwb-brand","embeddable":true,"href":"https:\/\/www.seaflowerstore.com\/de\/wp-json\/wp\/v2\/pwb-brand?post=86162"},{"taxonomy":"product_cat","embeddable":true,"href":"https:\/\/www.seaflowerstore.com\/de\/wp-json\/wp\/v2\/product_cat?post=86162"},{"taxonomy":"product_tag","embeddable":true,"href":"https:\/\/www.seaflowerstore.com\/de\/wp-json\/wp\/v2\/product_tag?post=86162"}],"curies":[{"name":"wp","href":"https:\/\/api.w.org\/{rel}","templated":true}]}}