{"id":86164,"date":"2019-11-08T15:43:00","date_gmt":"2019-11-08T14:43:00","guid":{"rendered":"https:\/\/www.seaflowerstore.com\/nl\/aquaforest-liquid-mysis\/"},"modified":"2025-02-15T13:52:02","modified_gmt":"2025-02-15T12:52:02","slug":"aquaforest-liquid-mysis","status":"publish","type":"product","link":"https:\/\/www.seaflowerstore.com\/de\/aquaforest-liquid-mysis\/","title":{"rendered":"Aquaforest Liquid Mysis"},"content":{"rendered":"<h2>Aquaforest Liquid Mysis 200ml is a highly concentrated, nutritious food and a perfect source of fats and proteins<\/h2>\n<p>Aquaforest Liquid Mysis ist eine ausgezeichnete Wahl f\u00fcr Meerestiere und dient auch als fantastisches Nahrungserg\u00e4nzungsmittel f\u00fcr LPS-Korallen. Diese einzigartige Formel ist mit Knoblauchextrakt angereichert, der f\u00fcr seine wohltuende Wirkung auf das Meeresleben bekannt ist und von Aquarianern weltweit gesch\u00e4tzt wird.<\/p>\n<p>Dieses Produkt beeinflusst das gesunde Wachstum der Aquarienbewohner positiv, verbessert die Farbenpracht und unterst\u00fctzt die Gewebeentwicklung. Liquid Mysis ist ein hochkonzentriertes, nahrhaftes Futter, das eine hervorragende Fett- und Proteinquelle darstellt. <strong>Im Gegensatz zu Tiefk\u00fchlfutter ist es nach dem \u00d6ffnen sofort gebrauchsfertig.<\/strong><\/p>\n<p>Die hochwertigsten Zutaten aus kontrollierten, \u00f6kologischen Zuchtbetrieben stellen sicher, dass es leicht absorbierbare Vitamine und Mineralien enth\u00e4lt. Liquid Mysis wurde entwickelt, um Aquarienbewohnern eine Ern\u00e4hrung zu bieten, die ihrer nat\u00fcrlichen Ern\u00e4hrung sehr nahe kommt.<\/p>\n<p><strong>Dosierung:<\/strong> Einmal t\u00e4glich kleine Portionen verabreichen. Denken Sie daran, vor Gebrauch gut zu sch\u00fctteln. <strong>Nach dem \u00d6ffnen im K\u00fchlschrank aufbewahren.<\/strong><\/p>\n<p><strong>Zutaten:<\/strong> Mysis relicta (Mysidacea), Wasser, Salz, Knoblauch, Antioxidationsmittel.<\/p>\n<p><strong>Analytische Bestandteile:<\/strong> Rohprotein: 4,82 %, Rohfett: 0,71 %, Rohasche: 15,47 %, Rohfaser: 0,85 %.<\/p>\n","protected":false},"excerpt":{"rendered":"<p>Aquaforest Liquid Mysis 200ml is a highly concentrated, nutritious food and a perfect source of fats and proteins<\/p>\n","protected":false},"featured_media":82371,"template":"","meta":[],"pwb-brand":[2199],"product_cat":[1436,1414,1438],"product_tag":[],"class_list":{"0":"post-86164","1":"product","2":"type-product","3":"status-publish","4":"has-post-thumbnail","6":"pwb-brand-aquaforest","7":"product_cat-korallenfutter","8":"product_cat-aquaforest-de","9":"product_cat-fischfutter","10":"pa_show-myparcel-options-male-de","12":"first","13":"outofstock","14":"taxable","15":"shipping-taxable","16":"purchasable","17":"product-type-simple"},"acf":[],"brands":[{"id":2199,"name":"Aquaforest","slug":"aquaforest"}],"_links":{"self":[{"href":"https:\/\/www.seaflowerstore.com\/de\/wp-json\/wp\/v2\/product\/86164","targetHints":{"allow":["GET"]}}],"collection":[{"href":"https:\/\/www.seaflowerstore.com\/de\/wp-json\/wp\/v2\/product"}],"about":[{"href":"https:\/\/www.seaflowerstore.com\/de\/wp-json\/wp\/v2\/types\/product"}],"wp:featuredmedia":[{"embeddable":true,"href":"https:\/\/www.seaflowerstore.com\/de\/wp-json\/wp\/v2\/media\/82371"}],"wp:attachment":[{"href":"https:\/\/www.seaflowerstore.com\/de\/wp-json\/wp\/v2\/media?parent=86164"}],"wp:term":[{"taxonomy":"pwb-brand","embeddable":true,"href":"https:\/\/www.seaflowerstore.com\/de\/wp-json\/wp\/v2\/pwb-brand?post=86164"},{"taxonomy":"product_cat","embeddable":true,"href":"https:\/\/www.seaflowerstore.com\/de\/wp-json\/wp\/v2\/product_cat?post=86164"},{"taxonomy":"product_tag","embeddable":true,"href":"https:\/\/www.seaflowerstore.com\/de\/wp-json\/wp\/v2\/product_tag?post=86164"}],"curies":[{"name":"wp","href":"https:\/\/api.w.org\/{rel}","templated":true}]}}