{"id":86165,"date":"2019-11-08T09:06:45","date_gmt":"2019-11-08T08:06:45","guid":{"rendered":"https:\/\/www.seaflowerstore.com\/nl\/aquaforest-liquid-artemia\/"},"modified":"2025-04-14T12:19:10","modified_gmt":"2025-04-14T10:19:10","slug":"aquaforest-liquid-artemia","status":"publish","type":"product","link":"https:\/\/www.seaflowerstore.com\/de\/aquaforest-liquid-artemia\/","title":{"rendered":"Aquaforest Liquid artemia"},"content":{"rendered":"<h2>Aquaforest Liquid artemia 250ml is a concentrated liquid food<\/h2>\n<p>Liquid Artemia ist ein konzentriertes Fl\u00fcssigfutter, das sich hervorragend als Hauptnahrung eignet, insbesondere f\u00fcr junge Meeresorganismen. Es enth\u00e4lt keine sch\u00e4dlichen Konservierungsstoffe. Die transparente und einfache Zusammensetzung bietet Aquarienbewohnern eine Ern\u00e4hrung, die ihrer nat\u00fcrlichen Ern\u00e4hrung nahezu identisch ist. Dieses Produkt verbessert die Farbenpracht und unterst\u00fctzt die nachhaltige Entwicklung der Tiere positiv.<\/p>\n<p>Die Formel basiert auf nat\u00fcrlichem Zooplankton und gew\u00e4hrleistet eine hervorragende Aufnahme der N\u00e4hrstoffe. Die fl\u00fcssige Form erleichtert die Anwendung, da kein Sp\u00fclen oder Auftauen erforderlich ist. Im Gegensatz zu den auf dem Markt erh\u00e4ltlichen Tiefk\u00fchlfuttern ist es sofort nach dem \u00d6ffnen gebrauchsfertig. Mit den hochwertigsten Zutaten aus streng kontrolliertem \u00f6kologischen Landbau garantiert es einen hohen Gehalt an leicht assimilierbaren Vitaminen und Mineralien. Dar\u00fcber hinaus wurde die einzigartige Formel mit Knoblauchextrakt angereichert, der bekannterma\u00dfen eine positive Wirkung auf die Funktion von Meeresorganismen hat.<\/p>\n<p><strong>Dosierung:<\/strong> Einmal t\u00e4glich kleine Portionen verabreichen. Vor Gebrauch unbedingt gut sch\u00fctteln und nach dem \u00d6ffnen im K\u00fchlschrank aufbewahren.<\/p>\n<p><strong>Zutaten:<\/strong> Artemia salina, Wasser, Knoblauchextrakt, Salz, Knoblauch, Antioxidationsmittel.<\/p>\n<p><strong>Analytische Bestandteile:<\/strong> Rohprotein: 2,07 %, Rohfett: 0,5 %, Rohasche: 13,03 %, Rohfaser: 0,65 %.<\/p>\n","protected":false},"excerpt":{"rendered":"<p>Aquaforest Liquid artemia 250ml is a concentrated liquid food. It works perfectly as a basic food especially for young marine organisms<\/p>\n","protected":false},"featured_media":83642,"template":"","meta":[],"pwb-brand":[2199],"product_cat":[1438,1414,1436],"product_tag":[],"class_list":{"0":"post-86165","1":"product","2":"type-product","3":"status-publish","4":"has-post-thumbnail","6":"pwb-brand-aquaforest","7":"product_cat-fischfutter","8":"product_cat-aquaforest-de","9":"product_cat-korallenfutter","10":"pa_show-myparcel-options-male-de","12":"first","13":"instock","14":"taxable","15":"shipping-taxable","16":"purchasable","17":"product-type-simple"},"acf":[],"brands":[{"id":2199,"name":"Aquaforest","slug":"aquaforest"}],"_links":{"self":[{"href":"https:\/\/www.seaflowerstore.com\/de\/wp-json\/wp\/v2\/product\/86165","targetHints":{"allow":["GET"]}}],"collection":[{"href":"https:\/\/www.seaflowerstore.com\/de\/wp-json\/wp\/v2\/product"}],"about":[{"href":"https:\/\/www.seaflowerstore.com\/de\/wp-json\/wp\/v2\/types\/product"}],"wp:featuredmedia":[{"embeddable":true,"href":"https:\/\/www.seaflowerstore.com\/de\/wp-json\/wp\/v2\/media\/83642"}],"wp:attachment":[{"href":"https:\/\/www.seaflowerstore.com\/de\/wp-json\/wp\/v2\/media?parent=86165"}],"wp:term":[{"taxonomy":"pwb-brand","embeddable":true,"href":"https:\/\/www.seaflowerstore.com\/de\/wp-json\/wp\/v2\/pwb-brand?post=86165"},{"taxonomy":"product_cat","embeddable":true,"href":"https:\/\/www.seaflowerstore.com\/de\/wp-json\/wp\/v2\/product_cat?post=86165"},{"taxonomy":"product_tag","embeddable":true,"href":"https:\/\/www.seaflowerstore.com\/de\/wp-json\/wp\/v2\/product_tag?post=86165"}],"curies":[{"name":"wp","href":"https:\/\/api.w.org\/{rel}","templated":true}]}}