{"id":86170,"date":"2019-10-27T14:54:34","date_gmt":"2019-10-27T13:54:34","guid":{"rendered":"https:\/\/www.seaflowerstore.com\/nl\/tropical-coco-carb-1-ltr\/"},"modified":"2024-03-19T14:59:58","modified_gmt":"2024-03-19T13:59:58","slug":"tropical-coco-carb-1-ltr","status":"publish","type":"product","link":"https:\/\/www.seaflowerstore.com\/de\/tropical-coco-carb-1-ltr\/","title":{"rendered":"Tropical Coco Carb 1 Ltr"},"content":{"rendered":"<h2>Tropical Coco Carb is a high quality activated carbon manufactured from coconut shell<\/h2>\n<p><strong>Tropical Coco Carb<\/strong> ist eine hochwertige Aktivkohle aus Kokosnussschalen. Im Gegensatz zu herk\u00f6mmlicher Aktivkohle weist sie eine gr\u00f6\u00dfere Anzahl von Mikroporen und eine gr\u00f6\u00dfere effektive Oberfl\u00e4che auf (1 Gramm entspricht ungef\u00e4hr 1000 Quadratmetern). Diese einzigartige Struktur von <strong>Coco Carb<\/strong> bietet hervorragende Adsorptionsf\u00e4higkeiten und macht es effektiv bei der Wasserreinigung, indem es selbst kleinste Partikel entfernt, die sowohl Farbe als auch Geruch beeintr\u00e4chtigen k\u00f6nnen.<\/p>\n<p>Dar\u00fcber hinaus reduziert es die Konzentration verschiedener giftiger Substanzen erheblich, darunter:<\/p>\n<ul>\n<li>Medikamente<\/li>\n<li>Pestizide<\/li>\n<li>Organochlorverbindungen<\/li>\n<li>Schwermetallionen<\/li>\n<\/ul>\n<p>Dieses Produkt ist besonders n\u00fctzlich f\u00fcr die Aufrechterhaltung einer optimalen Wasserqualit\u00e4t in S\u00fc\u00dfwasser- und Meerwasseraquarien, insbesondere f\u00fcr empfindliche und anspruchsvolle Fischarten, wie solche, die in freier Wildbahn gefangen wurden und empfindlich auf Chemikalien reagieren, die \u00fcblicherweise im Leitungswasser vorkommen. Durch die Originalverpackung bleibt der hohe Qualit\u00e4tsstandard und die Gebrauchstauglichkeit von <strong>Tropical Coco Carb<\/strong> erhalten.<\/p>\n","protected":false},"excerpt":{"rendered":"<p>Tropical Coco Carb is a high quality activated carbon manufactured from coconut shell<\/p>\n","protected":false},"featured_media":82354,"template":"","meta":[],"pwb-brand":[2257],"product_cat":[1495],"product_tag":[],"class_list":{"0":"post-86170","1":"product","2":"type-product","3":"status-publish","4":"has-post-thumbnail","6":"pwb-brand-tropical","7":"product_cat-aquariumfilter","8":"pa_show-myparcel-options-male-de","10":"first","11":"instock","12":"sale","13":"taxable","14":"shipping-taxable","15":"purchasable","16":"product-type-simple"},"acf":[],"brands":[{"id":2257,"name":"Tropical","slug":"tropical"}],"_links":{"self":[{"href":"https:\/\/www.seaflowerstore.com\/de\/wp-json\/wp\/v2\/product\/86170","targetHints":{"allow":["GET"]}}],"collection":[{"href":"https:\/\/www.seaflowerstore.com\/de\/wp-json\/wp\/v2\/product"}],"about":[{"href":"https:\/\/www.seaflowerstore.com\/de\/wp-json\/wp\/v2\/types\/product"}],"wp:featuredmedia":[{"embeddable":true,"href":"https:\/\/www.seaflowerstore.com\/de\/wp-json\/wp\/v2\/media\/82354"}],"wp:attachment":[{"href":"https:\/\/www.seaflowerstore.com\/de\/wp-json\/wp\/v2\/media?parent=86170"}],"wp:term":[{"taxonomy":"pwb-brand","embeddable":true,"href":"https:\/\/www.seaflowerstore.com\/de\/wp-json\/wp\/v2\/pwb-brand?post=86170"},{"taxonomy":"product_cat","embeddable":true,"href":"https:\/\/www.seaflowerstore.com\/de\/wp-json\/wp\/v2\/product_cat?post=86170"},{"taxonomy":"product_tag","embeddable":true,"href":"https:\/\/www.seaflowerstore.com\/de\/wp-json\/wp\/v2\/product_tag?post=86170"}],"curies":[{"name":"wp","href":"https:\/\/api.w.org\/{rel}","templated":true}]}}