{"id":86172,"date":"2019-10-26T16:07:21","date_gmt":"2019-10-26T14:07:21","guid":{"rendered":"https:\/\/www.seaflowerstore.com\/nl\/ghl-sensor-holder-1-pl-1052\/"},"modified":"2024-03-19T14:59:55","modified_gmt":"2024-03-19T13:59:55","slug":"ghl-sensor-holder-1-pl-1052","status":"publish","type":"product","link":"https:\/\/www.seaflowerstore.com\/de\/ghl-sensor-holder-1-pl-1052\/","title":{"rendered":"GHL Sensor holder 1 (PL-1052)"},"content":{"rendered":"<h2>GHL Sensor holder 1 Magnetic attachment probe holder<\/h2>\n<p>Dieser Magnetaufsatz ist f\u00fcr Glasst\u00e4rken bis 15 mm ausgelegt. Er bietet Platz f\u00fcr einen Sensor mit einem Schaftdurchmesser von 12 mm und ist aus transparentem Acrylglas gefertigt. Die Magnethalterung sorgt f\u00fcr eine sichere und bequeme Befestigung Ihres Sensors.<\/p>\n","protected":false},"excerpt":{"rendered":"<p>GHL probe holder 1 Magnetic, suitable up to 15 mm glass thickness, for 1 sensor with 12 mm shaft diameter, made of transparent acrylic glass, magnetic mount.<\/p>\n","protected":false},"featured_media":82350,"template":"","meta":[],"pwb-brand":[2157],"product_cat":[1537],"product_tag":[],"class_list":{"0":"post-86172","1":"product","2":"type-product","3":"status-publish","4":"has-post-thumbnail","6":"pwb-brand-ghl","7":"product_cat-aquarientechnik","8":"pa_show-myparcel-options-male-de","10":"first","11":"instock","12":"taxable","13":"shipping-taxable","14":"purchasable","15":"product-type-simple"},"acf":[],"brands":[{"id":2157,"name":"GHL","slug":"ghl"}],"_links":{"self":[{"href":"https:\/\/www.seaflowerstore.com\/de\/wp-json\/wp\/v2\/product\/86172","targetHints":{"allow":["GET"]}}],"collection":[{"href":"https:\/\/www.seaflowerstore.com\/de\/wp-json\/wp\/v2\/product"}],"about":[{"href":"https:\/\/www.seaflowerstore.com\/de\/wp-json\/wp\/v2\/types\/product"}],"wp:featuredmedia":[{"embeddable":true,"href":"https:\/\/www.seaflowerstore.com\/de\/wp-json\/wp\/v2\/media\/82350"}],"wp:attachment":[{"href":"https:\/\/www.seaflowerstore.com\/de\/wp-json\/wp\/v2\/media?parent=86172"}],"wp:term":[{"taxonomy":"pwb-brand","embeddable":true,"href":"https:\/\/www.seaflowerstore.com\/de\/wp-json\/wp\/v2\/pwb-brand?post=86172"},{"taxonomy":"product_cat","embeddable":true,"href":"https:\/\/www.seaflowerstore.com\/de\/wp-json\/wp\/v2\/product_cat?post=86172"},{"taxonomy":"product_tag","embeddable":true,"href":"https:\/\/www.seaflowerstore.com\/de\/wp-json\/wp\/v2\/product_tag?post=86172"}],"curies":[{"name":"wp","href":"https:\/\/api.w.org\/{rel}","templated":true}]}}